{"id":2,"date":"2016-05-10T03:48:21","date_gmt":"2016-05-10T03:48:21","guid":{"rendered":"http:\/\/nachhaltige-crowdlogistik.org\/?page_id=2"},"modified":"2021-01-11T14:16:05","modified_gmt":"2021-01-11T14:16:05","slug":"sample-page","status":"publish","type":"page","link":"https:\/\/nachhaltige-crowdlogistik.org\/?page_id=2","title":{"rendered":"Ver\u00f6ffentlichungen"},"content":{"rendered":"\n<h3 class=\"has-text-color has-text-align-left wp-block-heading\" style=\"color:#0bb6ff\">Pressemeldungen<\/h3>\n\n\n\n<hr class=\"wp-block-separator has-text-color has-background is-style-wide\" style=\"background-color:#1bbbff;color:#1bbbff\"\/>\n\n\n\n<p>Nordseezeitung: \u201eDas Paket kommt per Rad\u201c, August 2018<\/p>\n\n\n\n<p>Nordseezeitung: &#8220;E-Bike liefert online bestellte Heimat-Waren&#8221;, September 2020<\/p>\n\n\n\n<p>Nordseezeitung: &#8221; &#8216;Lehe liefert&#8217; bis vor die T\u00fcr&#8221;, September 2020<\/p>\n\n\n\n<p>Nordseezeitung: &#8220;Trommeln f\u00fcr eine gute Idee&#8221;, Oktober 2020<br><br>l\u00f6ppt!, Lifestyle Magazin: Interview Prof. Benjamin Wagner vom Berg, \u201ePotenziale aussch\u00f6pfen\u201c, 2019<br><br>Ideen-Bremerhaven, Blog: &#8220;Nachhaltige Crowdlogistik &#8211; Mit dem Lastenrad direkt vom Einzelh\u00e4ndler zu euch nach Hause!&#8221;, November 2020<br><a aria-label=\"undefined (opens in a new tab)\" href=\"https:\/\/www.ideen-bremerhaven.de\/nachhaltige-crowdlogistik-mit-dem-lastenrad-direkt-vom-einzelhaendler-zu-euch-nach-hause\/\" target=\"_blank\" rel=\"noreferrer noopener\">https:\/\/www.ideen-bremerhaven.de\/nachhaltige-crowdlogistik-mit-dem-lastenrad-direkt-vom-einzelhaendler-zu-euch-nach-hause\/<\/a><\/p>\n\n\n\n<p><\/p>\n\n\n\n<div style=\"height:20px\" aria-hidden=\"true\" class=\"wp-block-spacer\"><\/div>\n\n\n\n<h3 class=\"has-text-color has-text-align-left wp-block-heading\" style=\"color:#0bb6ff\">Buch- und Fachbeitr\u00e4ge<\/h3>\n\n\n\n<hr class=\"wp-block-separator has-text-color has-background is-style-wide\" style=\"background-color:#1bbbff;color:#1bbbff\"\/>\n\n\n\n<p>Reggentin, L. : Gelegenheit macht Kuriere. Deutsche Verkehrs-Zeitung (DVZ), 2019<br><a href=\"https:\/\/www.dvz.de\/rubriken\/logistik\/detail\/news\/gelegenheit-macht-kuriere.html\" target=\"_blank\" rel=\"noreferrer noopener\">https:\/\/www.dvz.de\/rubriken\/logistik\/detail\/news\/gelegenheit-macht-kuriere.html<\/a><\/p>\n\n\n\n<p>Wagner vom Berg, B., Oetjen, N., Schopka, K., Hanneken, F., Reiss, N., Hollmann, R.: Platform Sustainable Last-Mile-Logistik \u2013 One for ALL (14ALL). In: Schaldach et al.: Advances and New Trends in Environmental Informatics, Springer Berlin Heidelberg, Berlin, Heidelberg, 2019<br> <a rel=\"noreferrer noopener\" href=\"https:\/\/www.springer.com\/gp\/book\/9783030308612\" target=\"_blank\">https:\/\/www.springer.com\/gp\/book\/9783030308612<\/a><br><br>Wagner vom Berg, B., Oetjen, N., Schopka, K., Hanneken, F., Reiss, N., Hollmann, R.: A Sustainable CRM approach to a Crowd Sourced Last Mile Logistics Platform (NaCl). In Proceedings of 33rd EnviroInfo conference 2019, (pp. 324-335), Shaker Verlag, Kassel, 2019<br><br>Borowski, J., Meier, L., Wagner vom Berg, B.: Comparative quantification of GHG-emissions from stationary retail and e-commerce. In Proceedings of 33rd EnviroInfo conference 2019, (pp. 336-342), Shaker Verlag, Kassel, 2019<br><br>Hohmann, L., Keller, A. Moritz, S.: Defining sustainable payment methods and gamification aspects for crowd logistics. In Proceedings of 33rd EnviroInfo conference 2019, (pp. 343-350), Shaker Verlag, Kassel, 2019<br><br>Wagner vom Berg, B., Moradi, M.: Sustainable Labor Conditions in the GIG-Economy &#8211; Case Study: Sustainable Crowdlogistics (NACL). In Proceedings of the Weizenbaum Conference 2019 &#8220;Challenges of Digital Inequality &#8211; Digital Education, Digital Work, Digital Life&#8221; (pp. 1-3), Berlin <br><a href=\"https:\/\/doi.org\/10.34669\/wi.cp\/2.1\">https:\/\/doi.org\/10.34669\/wi.cp\/2.1<\/a><br><br>Wagner vom Berg, B.: Citylogistik neu gedacht, Metropolitan Logistic 15, Deutsche Verkehrs-Zeitung (DVZ) N\u00b0 17, April 2020,<br><a rel=\"noreferrer noopener\" href=\"https:\/\/www.dvz.de\/rubriken\/metropolitan-logistic\/detail\/news\/citylogistik-neu-gedacht.html\" target=\"_blank\">https:\/\/www.dvz.de\/rubriken\/metropolitan-logistic\/detail\/news\/citylogistik-neu-gedacht.html<\/a><br><br>Wagner vom Berg, B.: Mit Crowd Logistik und Regionalportal zu mehr Nachhaltigkeit, E-Commerce Magazin, N\u00b0 05\/20, pp. 8-10, WIN-Verlag GmbH &amp; Co. KG, 2020,<br><a href=\"https:\/\/www.e-commerce-magazin.de\/wp-content\/uploads\/sites\/2\/e-commerce-magazin-ausgabe-5-2020.pdf\" target=\"_blank\" rel=\"noreferrer noopener\">https:\/\/www.e-commerce-magazin.de\/wp-content\/uploads\/sites\/2\/e-commerce-magazin-ausgabe-5-2020.pdf<\/a><\/p>\n\n\n\n<p>K\u00fchne, U., Leibenath, M., Rau, C., Schulte, R., W\u00f6ltjen, L., Wagner vom Berg, B., Schopka, K., Kr\u00fcger, L.: Sustainable Processes on the Last Mile \u2013 Case Study Within the Project \u2018NaCl\u2019. In Advances an New Trends in Environmental Informatics, (pp. 91-108), Springer, Cham, 2020<\/p>\n\n\n\n<div style=\"height:20px\" aria-hidden=\"true\" class=\"wp-block-spacer\"><\/div>\n\n\n\n<h3 class=\"has-text-color has-text-align-left wp-block-heading\" style=\"color:#0bb6ff\">Konferenzen und Vortr\u00e4ge<\/h3>\n\n\n\n<hr class=\"wp-block-separator has-text-color has-background is-style-wide\" style=\"background-color:#1bbbff;color:#1bbbff\"\/>\n\n\n\n<p>Wagner vom Berg, B., Oetjen, N., Schopka, K., Hanneken, F., Reiss, N., Hollmann, R.: A Sustainable CRM Approach to a Crowd Sourced Last Mile Logistics Platform (NaCl). Enviroinfo 2019, Kassel 2019<br><br>Borowski, J., Meier, L., Wagner vom Berg, B.: Comparative quantification of GHG-emissions from stationary retail and e-commerce &#8211; scenario analysis of various logistics concepts in the last mile, Enviroinfo 2019, Kassel, 2019<br><br>Hohmann, L., Keller, A. Moritz, S.: Defining sustainable payment methods and gamification aspects for crowd logistics, Enviroinfo 2019, Kassel, 2019<br><br>Wagner vom Berg, B., Oetjen, N., Schopka, K., Hanneken, F., Reiss, N., Hollmann, R.: Platform Sustainable Last-Mile-Logistik \u2013 One for ALL (14ALL), Enviroinfo 2019, Kassel, 2019<br><br>Wagner vom Berg, B., &amp; Moradi, M. (2019). Sustainable Labor Conditions in the GIG-Economy &#8211; Case Study: Sustainable Crowdlogistics (NaCl). In Proceedings of the Weizenbaum Conference 2019 &#8220;Challenges of Digital Inequality &#8211; Digital Education, Digital Work, Digital Life&#8221; (pp. 1-3), Berlin <br><a rel=\"noreferrer noopener\" href=\"https:\/\/doi.org\/10.34669\/wi.cp\/2.1\" target=\"_blank\">https:\/\/doi.org\/10.34669\/wi.cp\/2.1<\/a><br><br>Wagner vom Berg, B.: Nachhaltige Mobilit\u00e4ts- und Logistiksysteme, Vortrag Klimawoche Bremerhaven, 2019<br><br>Wagner vom Berg, B.: Nachhaltige L\u00f6sungen f\u00fcr die (Last-Mile-) Logistik, Vortrag Branchentreff Citi-Land-Logistik, Nordwest-Zeitung, 2019<\/p>\n\n\n\n<p>Wagner vom Berg, B.: Aktuelle Forschung an der Hochschule Bremerhaven &#8211; Wie die E-Mobilit\u00e4t eine Branche ver\u00e4ndert: Nutz- und Spezialfahrzeuge treffen auf Logistik-L\u00f6sungen, Vortrag Fachtag der Arbeitsgruppen \u201eLogistik, H\u00e4fen und Flugh\u00e4fen\u201c und \u201eSpezial- und Nutzfahrzeuge\u201c, Metropolregion Nordwest, Auswandererhaus Bremerhaven, 2019<br><br>Wagner vom Berg, B.: Smarte Logistik L\u00f6sungen \u2013 ausgew\u00e4hlte Use Cases, Vortrag Science meets Business (SmB) \u2013 Schwerpunkt Logistik, Hochschule Bremerhaven, 2019<\/p>\n\n\n\n<p>K\u00fchne, U., Leibenath, M., Rau, C., Schulte, R., W\u00f6ltjen, L., Wagner vom Berg, B., Schopka, K., Kr\u00fcger, L.: Sustainable Processes on the Last Mile \u2013 Case Study Within the Project \u2018NaCl\u2019, EnviroInfo 2020, Nicosia, Cyprus, 2020<\/p>\n\n\n\n<div style=\"height:20px\" aria-hidden=\"true\" class=\"wp-block-spacer\"><\/div>\n\n\n\n<h3 class=\"has-text-color has-text-align-left wp-block-heading\" style=\"color:#0bb6ff\">Abschlussarbeiten<\/h3>\n\n\n\n<hr class=\"wp-block-separator has-text-color has-background is-style-wide\" style=\"background-color:#1bbbff;color:#1bbbff\"\/>\n\n\n\n<p><strong>Masterarbeiten<\/strong><br><br>Mai, T. H.: Entwicklung eines digitalen Gesch\u00e4ftsmodells f\u00fcr eine globale Plattform zur nachhaltigen Abwicklung der letzten Meile am Beispiel der City-Logistik-L\u00f6sung der Firma RYTLE &#8211; exemplarisch f\u00fcr Deutschland und Vietnam, Masterarbeit, Studiengang Logistics Engineering and Management, Hochschule Bremerhaven, 2020<br><br>Borowsky, J.: Vergleichende Quantifizierung der THG-Emissionen von station\u00e4rem Einzelhandel und E-Commerce, Masterarbeit, Studiengang Logistics Engineering and Management, Hochschule Bremerhaven, 2019<br><br>Hanneken, Franziska: Entwicklung eines nachhaltigen Besch\u00e4ftigungsmodells f\u00fcr die Logistik in Zeiten der Gig-Economy \u2013 am Beispiel des Projekts Nachhaltige Crowdlogistik (NaCl)\u201c, Hochschule Bremerhaven, 2020<\/p>\n\n\n\n<p><strong>Bachelorarbeiten<\/strong><br><br>Hollmann, R.: Auswirkungen nachhaltiger Trends in der Citylogistik auf die Tourenplanung, Bachelorarbeit, Studiengang Transportwesen\/Logistik, Hochschule Bremerhaven, 2019<br><br>Frerichs, T.: Wirtschaftlichkeitsanalyse verschiedener B\u00fcndelungsszenarien des heterogenen Ladungsaufkommens in der Last-Mile-Logistik am Beispiel des Forschungsprojekts \u201eNaCl &#8211; Nachhaltige Crowdlogistik\u201c der Hochschule Bremerhaven, Bachelorarbeit, Studiengang Transportwesen\/Logistik, Hochschule Bremerhaven, 2019<\/p>\n\n\n\n<p><strong>Studentische Ausarbeitungen<\/strong><br><br>Haase, D. Sautter, V., Schneider, C.: SusCRM in der B2C-Logistik, Studiengang Logistics Engineering and Management, Hochschule Bremerhaven, 2019<br><br>Bodmer, S., Borowsky, J., Gottschalk, T., Pusch, M.: Umweltwirkung des E-Commerce, Studiengang Logistics Engineering and Management, Hochschule Bremerhaven, 2019<br><br>Block, S., Czysz, A., Neumann, M.: Auswirkung des Crowd-Working Ansatzes auf die Kundenzufriedenheit, Studiengang Logistics Engineering and Management, Hochschule Bremerhaven, 2019<br><br>Gloger, M., Gu, C., Frei, A.-M., Kujawski, J.: NaCl &#8211; Nachhaltige Crowdlogistik \u2013Fahrerakquise, Studiengang Logistics Engineering and Management, Hochschule Bremerhaven, 2019<br><br>Hohmann, L., Keller, A., Moritz, S.: NaCl \u2013 Nachhaltige Crowdlogistik &#8211; Zahlungsans\u00e4tze \/ Zahlungsmechanismen, Studiengang Logistics Engineering and Management, Hochschule Bremerhaven, 2019<\/p>\n","protected":false},"excerpt":{"rendered":"<p>Pressemeldungen Nordseezeitung: \u201eDas Paket kommt per Rad\u201c, August 2018 Nordseezeitung: &#8220;E-Bike liefert online bestellte Heimat-Waren&#8221;, September 2020 Nordseezeitung: &#8221; &#8216;Lehe liefert&#8217; bis vor die T\u00fcr&#8221;, September 2020 Nordseezeitung: &#8220;Trommeln f\u00fcr eine gute Idee&#8221;, Oktober 2020 &hellip; <a href=\"https:\/\/nachhaltige-crowdlogistik.org\/?page_id=2\">Weiterlesen<\/a><\/p>\n","protected":false},"author":1,"featured_media":0,"parent":0,"menu_order":0,"comment_status":"closed","ping_status":"open","template":"nosidebar.php","meta":{"footnotes":""},"yoast_head":"<!-- This site is optimized with the Yoast SEO plugin v22.6 - https:\/\/yoast.com\/wordpress\/plugins\/seo\/ -->\n<title>Ver\u00f6ffentlichungen - NaCl<\/title>\n<meta name=\"robots\" content=\"index, follow, max-snippet:-1, max-image-preview:large, max-video-preview:-1\" \/>\n<link rel=\"canonical\" href=\"https:\/\/nachhaltige-crowdlogistik.org\/?page_id=2\" \/>\n<meta property=\"og:locale\" content=\"de_DE\" \/>\n<meta property=\"og:type\" content=\"article\" \/>\n<meta property=\"og:title\" content=\"Ver\u00f6ffentlichungen - NaCl\" \/>\n<meta property=\"og:description\" content=\"Pressemeldungen Nordseezeitung: \u201eDas Paket kommt per Rad\u201c, August 2018 Nordseezeitung: &#8220;E-Bike liefert online bestellte Heimat-Waren&#8221;, September 2020 Nordseezeitung: &#8221; &#8216;Lehe liefert&#8217; bis vor die T\u00fcr&#8221;, September 2020 Nordseezeitung: &#8220;Trommeln f\u00fcr eine gute Idee&#8221;, Oktober 2020 &hellip; Weiterlesen\" \/>\n<meta property=\"og:url\" content=\"https:\/\/nachhaltige-crowdlogistik.org\/?page_id=2\" \/>\n<meta property=\"og:site_name\" content=\"NaCl\" \/>\n<meta property=\"article:publisher\" content=\"https:\/\/www.facebook.com\/hsbremerhaven\" \/>\n<meta property=\"article:modified_time\" content=\"2021-01-11T14:16:05+00:00\" \/>\n<meta name=\"twitter:card\" content=\"summary_large_image\" \/>\n<meta name=\"twitter:label1\" content=\"Gesch\u00e4tzte Lesezeit\" \/>\n\t<meta name=\"twitter:data1\" content=\"4\u00a0Minuten\" \/>\n<script type=\"application\/ld+json\" class=\"yoast-schema-graph\">{\"@context\":\"https:\/\/schema.org\",\"@graph\":[{\"@type\":\"WebPage\",\"@id\":\"https:\/\/nachhaltige-crowdlogistik.org\/?page_id=2\",\"url\":\"https:\/\/nachhaltige-crowdlogistik.org\/?page_id=2\",\"name\":\"Ver\u00f6ffentlichungen - NaCl\",\"isPartOf\":{\"@id\":\"https:\/\/nachhaltige-crowdlogistik.org\/#website\"},\"datePublished\":\"2016-05-10T03:48:21+00:00\",\"dateModified\":\"2021-01-11T14:16:05+00:00\",\"breadcrumb\":{\"@id\":\"https:\/\/nachhaltige-crowdlogistik.org\/?page_id=2#breadcrumb\"},\"inLanguage\":\"de\",\"potentialAction\":[{\"@type\":\"ReadAction\",\"target\":[\"https:\/\/nachhaltige-crowdlogistik.org\/?page_id=2\"]}]},{\"@type\":\"BreadcrumbList\",\"@id\":\"https:\/\/nachhaltige-crowdlogistik.org\/?page_id=2#breadcrumb\",\"itemListElement\":[{\"@type\":\"ListItem\",\"position\":1,\"name\":\"Startseite\",\"item\":\"https:\/\/nachhaltige-crowdlogistik.org\/\"},{\"@type\":\"ListItem\",\"position\":2,\"name\":\"Ver\u00f6ffentlichungen\"}]},{\"@type\":\"WebSite\",\"@id\":\"https:\/\/nachhaltige-crowdlogistik.org\/#website\",\"url\":\"https:\/\/nachhaltige-crowdlogistik.org\/\",\"name\":\"NaCl-Nachhaltige Crowdlogistik\",\"description\":\"Nachhaltige Crowdlogistik\",\"publisher\":{\"@id\":\"https:\/\/nachhaltige-crowdlogistik.org\/#organization\"},\"potentialAction\":[{\"@type\":\"SearchAction\",\"target\":{\"@type\":\"EntryPoint\",\"urlTemplate\":\"https:\/\/nachhaltige-crowdlogistik.org\/?s={search_term_string}\"},\"query-input\":\"required name=search_term_string\"}],\"inLanguage\":\"de\"},{\"@type\":\"Organization\",\"@id\":\"https:\/\/nachhaltige-crowdlogistik.org\/#organization\",\"name\":\"NaCl \u2013 Nachhaltige Crowdlogistik\",\"url\":\"https:\/\/nachhaltige-crowdlogistik.org\/\",\"logo\":{\"@type\":\"ImageObject\",\"inLanguage\":\"de\",\"@id\":\"https:\/\/nachhaltige-crowdlogistik.org\/#\/schema\/logo\/image\/\",\"url\":\"https:\/\/nachhaltige-crowdlogistik.org\/wp-content\/uploads\/2020\/04\/logo_2nnn_245.gif\",\"contentUrl\":\"https:\/\/nachhaltige-crowdlogistik.org\/wp-content\/uploads\/2020\/04\/logo_2nnn_245.gif\",\"width\":245,\"height\":86,\"caption\":\"NaCl \u2013 Nachhaltige Crowdlogistik\"},\"image\":{\"@id\":\"https:\/\/nachhaltige-crowdlogistik.org\/#\/schema\/logo\/image\/\"},\"sameAs\":[\"https:\/\/www.facebook.com\/hsbremerhaven\",\"https:\/\/www.instagram.com\/nachhaltige.crowdlogistik\/\"]}]}<\/script>\n<!-- \/ Yoast SEO plugin. -->","yoast_head_json":{"title":"Ver\u00f6ffentlichungen - NaCl","robots":{"index":"index","follow":"follow","max-snippet":"max-snippet:-1","max-image-preview":"max-image-preview:large","max-video-preview":"max-video-preview:-1"},"canonical":"https:\/\/nachhaltige-crowdlogistik.org\/?page_id=2","og_locale":"de_DE","og_type":"article","og_title":"Ver\u00f6ffentlichungen - NaCl","og_description":"Pressemeldungen Nordseezeitung: \u201eDas Paket kommt per Rad\u201c, August 2018 Nordseezeitung: &#8220;E-Bike liefert online bestellte Heimat-Waren&#8221;, September 2020 Nordseezeitung: &#8221; &#8216;Lehe liefert&#8217; bis vor die T\u00fcr&#8221;, September 2020 Nordseezeitung: &#8220;Trommeln f\u00fcr eine gute Idee&#8221;, Oktober 2020 &hellip; Weiterlesen","og_url":"https:\/\/nachhaltige-crowdlogistik.org\/?page_id=2","og_site_name":"NaCl","article_publisher":"https:\/\/www.facebook.com\/hsbremerhaven","article_modified_time":"2021-01-11T14:16:05+00:00","twitter_card":"summary_large_image","twitter_misc":{"Gesch\u00e4tzte Lesezeit":"4\u00a0Minuten"},"schema":{"@context":"https:\/\/schema.org","@graph":[{"@type":"WebPage","@id":"https:\/\/nachhaltige-crowdlogistik.org\/?page_id=2","url":"https:\/\/nachhaltige-crowdlogistik.org\/?page_id=2","name":"Ver\u00f6ffentlichungen - NaCl","isPartOf":{"@id":"https:\/\/nachhaltige-crowdlogistik.org\/#website"},"datePublished":"2016-05-10T03:48:21+00:00","dateModified":"2021-01-11T14:16:05+00:00","breadcrumb":{"@id":"https:\/\/nachhaltige-crowdlogistik.org\/?page_id=2#breadcrumb"},"inLanguage":"de","potentialAction":[{"@type":"ReadAction","target":["https:\/\/nachhaltige-crowdlogistik.org\/?page_id=2"]}]},{"@type":"BreadcrumbList","@id":"https:\/\/nachhaltige-crowdlogistik.org\/?page_id=2#breadcrumb","itemListElement":[{"@type":"ListItem","position":1,"name":"Startseite","item":"https:\/\/nachhaltige-crowdlogistik.org\/"},{"@type":"ListItem","position":2,"name":"Ver\u00f6ffentlichungen"}]},{"@type":"WebSite","@id":"https:\/\/nachhaltige-crowdlogistik.org\/#website","url":"https:\/\/nachhaltige-crowdlogistik.org\/","name":"NaCl-Nachhaltige Crowdlogistik","description":"Nachhaltige Crowdlogistik","publisher":{"@id":"https:\/\/nachhaltige-crowdlogistik.org\/#organization"},"potentialAction":[{"@type":"SearchAction","target":{"@type":"EntryPoint","urlTemplate":"https:\/\/nachhaltige-crowdlogistik.org\/?s={search_term_string}"},"query-input":"required name=search_term_string"}],"inLanguage":"de"},{"@type":"Organization","@id":"https:\/\/nachhaltige-crowdlogistik.org\/#organization","name":"NaCl \u2013 Nachhaltige Crowdlogistik","url":"https:\/\/nachhaltige-crowdlogistik.org\/","logo":{"@type":"ImageObject","inLanguage":"de","@id":"https:\/\/nachhaltige-crowdlogistik.org\/#\/schema\/logo\/image\/","url":"https:\/\/nachhaltige-crowdlogistik.org\/wp-content\/uploads\/2020\/04\/logo_2nnn_245.gif","contentUrl":"https:\/\/nachhaltige-crowdlogistik.org\/wp-content\/uploads\/2020\/04\/logo_2nnn_245.gif","width":245,"height":86,"caption":"NaCl \u2013 Nachhaltige Crowdlogistik"},"image":{"@id":"https:\/\/nachhaltige-crowdlogistik.org\/#\/schema\/logo\/image\/"},"sameAs":["https:\/\/www.facebook.com\/hsbremerhaven","https:\/\/www.instagram.com\/nachhaltige.crowdlogistik\/"]}]}},"jetpack_sharing_enabled":true,"_links":{"self":[{"href":"https:\/\/nachhaltige-crowdlogistik.org\/index.php?rest_route=\/wp\/v2\/pages\/2"}],"collection":[{"href":"https:\/\/nachhaltige-crowdlogistik.org\/index.php?rest_route=\/wp\/v2\/pages"}],"about":[{"href":"https:\/\/nachhaltige-crowdlogistik.org\/index.php?rest_route=\/wp\/v2\/types\/page"}],"author":[{"embeddable":true,"href":"https:\/\/nachhaltige-crowdlogistik.org\/index.php?rest_route=\/wp\/v2\/users\/1"}],"replies":[{"embeddable":true,"href":"https:\/\/nachhaltige-crowdlogistik.org\/index.php?rest_route=%2Fwp%2Fv2%2Fcomments&post=2"}],"version-history":[{"count":23,"href":"https:\/\/nachhaltige-crowdlogistik.org\/index.php?rest_route=\/wp\/v2\/pages\/2\/revisions"}],"predecessor-version":[{"id":4864,"href":"https:\/\/nachhaltige-crowdlogistik.org\/index.php?rest_route=\/wp\/v2\/pages\/2\/revisions\/4864"}],"wp:attachment":[{"href":"https:\/\/nachhaltige-crowdlogistik.org\/index.php?rest_route=%2Fwp%2Fv2%2Fmedia&parent=2"}],"curies":[{"name":"wp","href":"https:\/\/api.w.org\/{rel}","templated":true}]}}