{"id":3964,"date":"2020-04-27T09:56:19","date_gmt":"2020-04-27T09:56:19","guid":{"rendered":"http:\/\/nachhaltige-crowdlogistik.org\/?page_id=3964"},"modified":"2020-06-10T09:29:51","modified_gmt":"2020-06-10T09:29:51","slug":"news","status":"publish","type":"page","link":"https:\/\/nachhaltige-crowdlogistik.org\/?page_id=3964","title":{"rendered":"Bedeutung"},"content":{"rendered":"\n<h3 class=\"has-text-color has-text-align-left wp-block-heading\" style=\"color:#0ab5ff\">Bedeutung der Nachhaltigkeit<\/h3>\n\n\n\n<hr class=\"wp-block-separator has-text-color has-background is-style-wide\" style=\"background-color:#05b4ff;color:#05b4ff\"\/>\n\n\n\n<p>Nachhaltige Entwicklung gewinnt immer mehr an Bedeutung. Globalisierung, Klimawandel, Umweltkatastrophen und -verschmutzung und Ressourcenknappheit sind alles Begriffe, die die Dringlichkeit f\u00fcr ein nachhaltigeres Handeln deutlich machen. Laut einer Statistik aus dem Jahre 2019 br\u00e4uchte es 1,75 Erden, um den aktuellen weltweiten Lebensstandard aufrecht zu erhalten. W\u00fcrde die gesamte Weltbev\u00f6lkerung wie Deutschland leben, w\u00e4ren sogar 3 Erden n\u00f6tig. Im weltweiten Vergleich hat Deutschland damit den viertgr\u00f6\u00dften \u00f6kologischen Fu\u00dfabdruck (s. 1).<br><br>Bereits 1987 wurde in dem \u201eBrundtland-Bericht\u201c nachhaltige Entwicklung als eine Entwicklung definiert, die den Bed\u00fcrfnissen der heutigen Generation entspricht, ohne die M\u00f6glichkeiten k\u00fcnftiger Generationen zu gef\u00e4hrden, ihre eigenen Bed\u00fcrfnisse zu befriedigen (s. 2).<br><br>Nachhaltigkeit ist somit zu einer gesamtgesellschaftlichen Herausforderung geworden. Als nachhaltig gilt eine Entwicklung, die sowohl \u00f6kologisch und \u00f6konomisch als auch sozial dauerhaft tragbar ist und somit die drei Dimensionen der Nachhaltigkeit ber\u00fccksichtigt. Dabei sollte Nachhaltigkeit als \u00f6kologisch fundamentiertes Konzept verstanden werden, in dem die nat\u00fcrlichen Grenzen den Handlungsrahmen f\u00fcr Wirtschaft und Gesellschaft abbilden.<\/p>\n\n\n\n<hr class=\"wp-block-separator is-style-default\"\/>\n\n\n\n<p class=\"has-background has-small-font-size has-light-grey-background-color\">1 Statista, 2019 https:\/\/de.statista.com\/statistik\/daten\/studie\/588224\/umfrage\/oekologischer-fussabdruck-der-laender-mit-den-hoechsten-werten\/<br>2 Bericht der Brundtland-Kommission, 1987<br><\/p>\n\n\n\n<hr class=\"wp-block-separator has-text-color has-background has-grey-background-color has-grey-color is-style-wide\"\/>\n\n\n\n<p><\/p>\n","protected":false},"excerpt":{"rendered":"<p>Bedeutung der Nachhaltigkeit Nachhaltige Entwicklung gewinnt immer mehr an Bedeutung. Globalisierung, Klimawandel, Umweltkatastrophen und -verschmutzung und Ressourcenknappheit sind alles Begriffe, die die Dringlichkeit f\u00fcr ein nachhaltigeres Handeln deutlich machen. Laut einer Statistik aus dem Jahre &hellip; <a href=\"https:\/\/nachhaltige-crowdlogistik.org\/?page_id=3964\">Weiterlesen<\/a><\/p>\n","protected":false},"author":1,"featured_media":0,"parent":0,"menu_order":0,"comment_status":"closed","ping_status":"closed","template":"nosidebar.php","meta":{"footnotes":""},"yoast_head":"<!-- This site is optimized with the Yoast SEO plugin v22.6 - https:\/\/yoast.com\/wordpress\/plugins\/seo\/ -->\n<title>Bedeutung - NaCl<\/title>\n<meta name=\"robots\" content=\"index, follow, max-snippet:-1, max-image-preview:large, max-video-preview:-1\" \/>\n<link rel=\"canonical\" href=\"https:\/\/nachhaltige-crowdlogistik.org\/?page_id=3964\" \/>\n<meta property=\"og:locale\" content=\"de_DE\" \/>\n<meta property=\"og:type\" content=\"article\" \/>\n<meta property=\"og:title\" content=\"Bedeutung - NaCl\" \/>\n<meta property=\"og:description\" content=\"Bedeutung der Nachhaltigkeit Nachhaltige Entwicklung gewinnt immer mehr an Bedeutung. Globalisierung, Klimawandel, Umweltkatastrophen und -verschmutzung und Ressourcenknappheit sind alles Begriffe, die die Dringlichkeit f\u00fcr ein nachhaltigeres Handeln deutlich machen. Laut einer Statistik aus dem Jahre &hellip; Weiterlesen\" \/>\n<meta property=\"og:url\" content=\"https:\/\/nachhaltige-crowdlogistik.org\/?page_id=3964\" \/>\n<meta property=\"og:site_name\" content=\"NaCl\" \/>\n<meta property=\"article:publisher\" content=\"https:\/\/www.facebook.com\/hsbremerhaven\" \/>\n<meta property=\"article:modified_time\" content=\"2020-06-10T09:29:51+00:00\" \/>\n<meta name=\"twitter:card\" content=\"summary_large_image\" \/>\n<meta name=\"twitter:label1\" content=\"Gesch\u00e4tzte Lesezeit\" \/>\n\t<meta name=\"twitter:data1\" content=\"1\u00a0Minute\" \/>\n<script type=\"application\/ld+json\" class=\"yoast-schema-graph\">{\"@context\":\"https:\/\/schema.org\",\"@graph\":[{\"@type\":\"WebPage\",\"@id\":\"https:\/\/nachhaltige-crowdlogistik.org\/?page_id=3964\",\"url\":\"https:\/\/nachhaltige-crowdlogistik.org\/?page_id=3964\",\"name\":\"Bedeutung - NaCl\",\"isPartOf\":{\"@id\":\"https:\/\/nachhaltige-crowdlogistik.org\/#website\"},\"datePublished\":\"2020-04-27T09:56:19+00:00\",\"dateModified\":\"2020-06-10T09:29:51+00:00\",\"breadcrumb\":{\"@id\":\"https:\/\/nachhaltige-crowdlogistik.org\/?page_id=3964#breadcrumb\"},\"inLanguage\":\"de\",\"potentialAction\":[{\"@type\":\"ReadAction\",\"target\":[\"https:\/\/nachhaltige-crowdlogistik.org\/?page_id=3964\"]}]},{\"@type\":\"BreadcrumbList\",\"@id\":\"https:\/\/nachhaltige-crowdlogistik.org\/?page_id=3964#breadcrumb\",\"itemListElement\":[{\"@type\":\"ListItem\",\"position\":1,\"name\":\"Startseite\",\"item\":\"https:\/\/nachhaltige-crowdlogistik.org\/\"},{\"@type\":\"ListItem\",\"position\":2,\"name\":\"Bedeutung\"}]},{\"@type\":\"WebSite\",\"@id\":\"https:\/\/nachhaltige-crowdlogistik.org\/#website\",\"url\":\"https:\/\/nachhaltige-crowdlogistik.org\/\",\"name\":\"NaCl-Nachhaltige Crowdlogistik\",\"description\":\"Nachhaltige Crowdlogistik\",\"publisher\":{\"@id\":\"https:\/\/nachhaltige-crowdlogistik.org\/#organization\"},\"potentialAction\":[{\"@type\":\"SearchAction\",\"target\":{\"@type\":\"EntryPoint\",\"urlTemplate\":\"https:\/\/nachhaltige-crowdlogistik.org\/?s={search_term_string}\"},\"query-input\":\"required name=search_term_string\"}],\"inLanguage\":\"de\"},{\"@type\":\"Organization\",\"@id\":\"https:\/\/nachhaltige-crowdlogistik.org\/#organization\",\"name\":\"NaCl \u2013 Nachhaltige Crowdlogistik\",\"url\":\"https:\/\/nachhaltige-crowdlogistik.org\/\",\"logo\":{\"@type\":\"ImageObject\",\"inLanguage\":\"de\",\"@id\":\"https:\/\/nachhaltige-crowdlogistik.org\/#\/schema\/logo\/image\/\",\"url\":\"https:\/\/nachhaltige-crowdlogistik.org\/wp-content\/uploads\/2020\/04\/logo_2nnn_245.gif\",\"contentUrl\":\"https:\/\/nachhaltige-crowdlogistik.org\/wp-content\/uploads\/2020\/04\/logo_2nnn_245.gif\",\"width\":245,\"height\":86,\"caption\":\"NaCl \u2013 Nachhaltige Crowdlogistik\"},\"image\":{\"@id\":\"https:\/\/nachhaltige-crowdlogistik.org\/#\/schema\/logo\/image\/\"},\"sameAs\":[\"https:\/\/www.facebook.com\/hsbremerhaven\",\"https:\/\/www.instagram.com\/nachhaltige.crowdlogistik\/\"]}]}<\/script>\n<!-- \/ Yoast SEO plugin. -->","yoast_head_json":{"title":"Bedeutung - NaCl","robots":{"index":"index","follow":"follow","max-snippet":"max-snippet:-1","max-image-preview":"max-image-preview:large","max-video-preview":"max-video-preview:-1"},"canonical":"https:\/\/nachhaltige-crowdlogistik.org\/?page_id=3964","og_locale":"de_DE","og_type":"article","og_title":"Bedeutung - NaCl","og_description":"Bedeutung der Nachhaltigkeit Nachhaltige Entwicklung gewinnt immer mehr an Bedeutung. Globalisierung, Klimawandel, Umweltkatastrophen und -verschmutzung und Ressourcenknappheit sind alles Begriffe, die die Dringlichkeit f\u00fcr ein nachhaltigeres Handeln deutlich machen. Laut einer Statistik aus dem Jahre &hellip; Weiterlesen","og_url":"https:\/\/nachhaltige-crowdlogistik.org\/?page_id=3964","og_site_name":"NaCl","article_publisher":"https:\/\/www.facebook.com\/hsbremerhaven","article_modified_time":"2020-06-10T09:29:51+00:00","twitter_card":"summary_large_image","twitter_misc":{"Gesch\u00e4tzte Lesezeit":"1\u00a0Minute"},"schema":{"@context":"https:\/\/schema.org","@graph":[{"@type":"WebPage","@id":"https:\/\/nachhaltige-crowdlogistik.org\/?page_id=3964","url":"https:\/\/nachhaltige-crowdlogistik.org\/?page_id=3964","name":"Bedeutung - NaCl","isPartOf":{"@id":"https:\/\/nachhaltige-crowdlogistik.org\/#website"},"datePublished":"2020-04-27T09:56:19+00:00","dateModified":"2020-06-10T09:29:51+00:00","breadcrumb":{"@id":"https:\/\/nachhaltige-crowdlogistik.org\/?page_id=3964#breadcrumb"},"inLanguage":"de","potentialAction":[{"@type":"ReadAction","target":["https:\/\/nachhaltige-crowdlogistik.org\/?page_id=3964"]}]},{"@type":"BreadcrumbList","@id":"https:\/\/nachhaltige-crowdlogistik.org\/?page_id=3964#breadcrumb","itemListElement":[{"@type":"ListItem","position":1,"name":"Startseite","item":"https:\/\/nachhaltige-crowdlogistik.org\/"},{"@type":"ListItem","position":2,"name":"Bedeutung"}]},{"@type":"WebSite","@id":"https:\/\/nachhaltige-crowdlogistik.org\/#website","url":"https:\/\/nachhaltige-crowdlogistik.org\/","name":"NaCl-Nachhaltige Crowdlogistik","description":"Nachhaltige Crowdlogistik","publisher":{"@id":"https:\/\/nachhaltige-crowdlogistik.org\/#organization"},"potentialAction":[{"@type":"SearchAction","target":{"@type":"EntryPoint","urlTemplate":"https:\/\/nachhaltige-crowdlogistik.org\/?s={search_term_string}"},"query-input":"required name=search_term_string"}],"inLanguage":"de"},{"@type":"Organization","@id":"https:\/\/nachhaltige-crowdlogistik.org\/#organization","name":"NaCl \u2013 Nachhaltige Crowdlogistik","url":"https:\/\/nachhaltige-crowdlogistik.org\/","logo":{"@type":"ImageObject","inLanguage":"de","@id":"https:\/\/nachhaltige-crowdlogistik.org\/#\/schema\/logo\/image\/","url":"https:\/\/nachhaltige-crowdlogistik.org\/wp-content\/uploads\/2020\/04\/logo_2nnn_245.gif","contentUrl":"https:\/\/nachhaltige-crowdlogistik.org\/wp-content\/uploads\/2020\/04\/logo_2nnn_245.gif","width":245,"height":86,"caption":"NaCl \u2013 Nachhaltige Crowdlogistik"},"image":{"@id":"https:\/\/nachhaltige-crowdlogistik.org\/#\/schema\/logo\/image\/"},"sameAs":["https:\/\/www.facebook.com\/hsbremerhaven","https:\/\/www.instagram.com\/nachhaltige.crowdlogistik\/"]}]}},"jetpack_sharing_enabled":true,"_links":{"self":[{"href":"https:\/\/nachhaltige-crowdlogistik.org\/index.php?rest_route=\/wp\/v2\/pages\/3964"}],"collection":[{"href":"https:\/\/nachhaltige-crowdlogistik.org\/index.php?rest_route=\/wp\/v2\/pages"}],"about":[{"href":"https:\/\/nachhaltige-crowdlogistik.org\/index.php?rest_route=\/wp\/v2\/types\/page"}],"author":[{"embeddable":true,"href":"https:\/\/nachhaltige-crowdlogistik.org\/index.php?rest_route=\/wp\/v2\/users\/1"}],"replies":[{"embeddable":true,"href":"https:\/\/nachhaltige-crowdlogistik.org\/index.php?rest_route=%2Fwp%2Fv2%2Fcomments&post=3964"}],"version-history":[{"count":24,"href":"https:\/\/nachhaltige-crowdlogistik.org\/index.php?rest_route=\/wp\/v2\/pages\/3964\/revisions"}],"predecessor-version":[{"id":4668,"href":"https:\/\/nachhaltige-crowdlogistik.org\/index.php?rest_route=\/wp\/v2\/pages\/3964\/revisions\/4668"}],"wp:attachment":[{"href":"https:\/\/nachhaltige-crowdlogistik.org\/index.php?rest_route=%2Fwp%2Fv2%2Fmedia&parent=3964"}],"curies":[{"name":"wp","href":"https:\/\/api.w.org\/{rel}","templated":true}]}}