{"id":3975,"date":"2020-04-27T10:51:38","date_gmt":"2020-04-27T10:51:38","guid":{"rendered":"http:\/\/nachhaltige-crowdlogistik.org\/?page_id=3975"},"modified":"2020-06-07T10:35:23","modified_gmt":"2020-06-07T10:35:23","slug":"impressum","status":"publish","type":"page","link":"https:\/\/nachhaltige-crowdlogistik.org\/?page_id=3975","title":{"rendered":"Impressum"},"content":{"rendered":"\n<p>Die Webseite des Forschungsprojektes \u201eNaCl \u2013 Nachhaltige Crowdlogistik\u201c (gef\u00f6rdert aus Mitteln des Landes Bremen, Die Senatorin f\u00fcr Klimaschutz, Umwelt, Mobilit\u00e4t, Stadtentwicklung und Wohnungsbau, und der europ\u00e4ischen Union, EFRE) wird betreut durch:<\/p>\n\n\n\n<p>Hochschule Bremerhaven<br>An der Karlstadt 8<br>27568 Bremerhaven<\/p>\n\n\n\n<p><strong>Verantwortlich<\/strong><br>Forschungsprojekt NaCl &#8211; Nachhaltige Crowdlogistik<br>Prof. Dr.-Ing. Benjamin Wagner vom Berg<br>Hochschule Bremerhaven<br>An der Karlstadt 8<br>27568 Bremerhaven<br>E-Mail: benjamin.wagnervomberg@hs-bremerhaven.de<br>Tel.: +49 471 &#8211; 4823 &#8211; 484<\/p>\n\n\n\n<p><strong>Haftungsausschluss \/ Disclaimer<\/strong><br><br><strong>Allgemeines<\/strong><br>Das Projekt NaCl &#8211; Nachhaltige Crowdlogistik zeichnet sich im Sinne des Telemediengesetzes f\u00fcr die eigenen Inhalte auf dieser Homepage nach den allgemeinen Gesetzen und Ma\u00dfgaben verantwortlich. Es kann angesichts der Kostenfreiheit und des wissenschaftlichen Charakters der zur Verf\u00fcgung gestellten Informationen keinerlei Gew\u00e4hr f\u00fcr die Aktualit\u00e4t, Korrektheit oder Vollst\u00e4ndigkeit der auf dieser Seite bereitgestellten Inhalte \u00fcbernommen werden.<\/p>\n\n\n\n<p><strong>Links<\/strong><br>Sofern auf dieser Internetpr\u00e4sentation Links zu externen Anbietern bzw. Homepages beinhaltet sein sollten, kann keinerlei Gew\u00e4hr f\u00fcr die Inhalte dieser externen Seiten \u00fcbernommen werden. Entsprechende Seiten wurden beim Setzen von Verlinkungen gepr\u00fcft, wobei keinerlei illegale oder sonst bedenkliche Inhalte festgestellt wurden. Auf die aktuelle und zuk\u00fcnftige Gestaltung, die Inhalte oder die Urheberschaft der gelinkten \/ verkn\u00fcpften Seiten haben die Anbieter keinerlei Einfluss. Sofern die Anbieter Kenntnis erlangen, dass verlinkte Seiten von Dritten nach der Verlinkung ge\u00e4ndert und die Seiten hierdurch rechtlich oder auf sonstige Weise zu beanstanden sind, wird die die entsprechende Verlinkung gel\u00f6scht. F\u00fcr illegale oder falsche Informationen, die auf einer verlinkten Seite beinhaltet sind bzw. Sch\u00e4den, die durch eine verlinkte Seite mittelbar oder unmittelbar verursacht wurden, haftet allein der Betreiber der jeweiligen Seite.<\/p>\n\n\n\n<p><strong>Hinweis zur Rechtsform der Zusammenarbeit<\/strong><br>Die Kooperation der Partner innerhalb des Projekts \u201eNaCl \u2013 Nachhaltige Crowdlogistik\u201c hat keine eigenst\u00e4ndige Rechtspers\u00f6nlichkeit. Vielmehr wird zwischen den als Kooperationspartnern aufgef\u00fchrten Einrichtungen ein wissenschaftlicher Austausch gef\u00fchrt. Ein gesellschaftsrechtliches oder gesellschafts\u00e4hnliches Verh\u00e4ltnis, ein Verein oder \u00c4hnliches wird durch die wissenschaftliche Zusammenarbeit nicht begr\u00fcndet. Kein Kooperationspartner ist berechtigt, einzelne andere Kooperationspartner oder alle Kooperationspartner gemeinsam gegen\u00fcber Dritten zu vertreten.<\/p>\n\n\n\n<p><strong>Urheberrechte<\/strong><br>Die Nutzungs- und Leistungsschutzrechte f\u00fcr die auf dieser Homepage angebotenen Inhalte liegen, sofern nicht ein entsprechender Hinweis auf Urheberrechte eines Dritten vorliegt, allein bei den Anbietern. Die Verwendung von Inhalten der Anbieter &#8211; wie zum Beispiel die Vervielf\u00e4ltigung, Bearbeitung, Verbreitung, Speicherung &#8211; ist ohne Zustimmung der Anbieter nicht gestattet. Etwaige bestehende Rechte von Dritten bei fremden Inhalten sind zu beachten.<\/p>\n\n\n\n<hr class=\"wp-block-separator has-text-color has-background has-grey-background-color has-grey-color is-style-wide\"\/>\n\n\n\n<p class=\"has-small-font-size\">Die Gestaltung und Programmierung der Internetseite wurde vorgenommen von:<br>Manfred Eichhorn, Hamburg<br><a href=\"http:\/\/manfred-eichhorn-produktion.de\/\" target=\"_blank\" rel=\"noreferrer noopener\">manfred-eichhorn-produktion<\/a><\/p>\n","protected":false},"excerpt":{"rendered":"<p>Die Webseite des Forschungsprojektes \u201eNaCl \u2013 Nachhaltige Crowdlogistik\u201c (gef\u00f6rdert aus Mitteln des Landes Bremen, Die Senatorin f\u00fcr Klimaschutz, Umwelt, Mobilit\u00e4t, Stadtentwicklung und Wohnungsbau, und der europ\u00e4ischen Union, EFRE) wird betreut durch: Hochschule BremerhavenAn der Karlstadt &hellip; <a href=\"https:\/\/nachhaltige-crowdlogistik.org\/?page_id=3975\">Weiterlesen<\/a><\/p>\n","protected":false},"author":1,"featured_media":0,"parent":0,"menu_order":0,"comment_status":"closed","ping_status":"closed","template":"nosidebar.php","meta":{"footnotes":""},"yoast_head":"<!-- This site is optimized with the Yoast SEO plugin v22.6 - https:\/\/yoast.com\/wordpress\/plugins\/seo\/ -->\n<title>Impressum - NaCl<\/title>\n<meta name=\"robots\" content=\"index, follow, max-snippet:-1, max-image-preview:large, max-video-preview:-1\" \/>\n<link rel=\"canonical\" href=\"https:\/\/nachhaltige-crowdlogistik.org\/?page_id=3975\" \/>\n<meta property=\"og:locale\" content=\"de_DE\" \/>\n<meta property=\"og:type\" content=\"article\" \/>\n<meta property=\"og:title\" content=\"Impressum - NaCl\" \/>\n<meta property=\"og:description\" content=\"Die Webseite des Forschungsprojektes \u201eNaCl \u2013 Nachhaltige Crowdlogistik\u201c (gef\u00f6rdert aus Mitteln des Landes Bremen, Die Senatorin f\u00fcr Klimaschutz, Umwelt, Mobilit\u00e4t, Stadtentwicklung und Wohnungsbau, und der europ\u00e4ischen Union, EFRE) wird betreut durch: Hochschule BremerhavenAn der Karlstadt &hellip; Weiterlesen\" \/>\n<meta property=\"og:url\" content=\"https:\/\/nachhaltige-crowdlogistik.org\/?page_id=3975\" \/>\n<meta property=\"og:site_name\" content=\"NaCl\" \/>\n<meta property=\"article:publisher\" content=\"https:\/\/www.facebook.com\/hsbremerhaven\" \/>\n<meta property=\"article:modified_time\" content=\"2020-06-07T10:35:23+00:00\" \/>\n<meta name=\"twitter:card\" content=\"summary_large_image\" \/>\n<meta name=\"twitter:label1\" content=\"Gesch\u00e4tzte Lesezeit\" \/>\n\t<meta name=\"twitter:data1\" content=\"2\u00a0Minuten\" \/>\n<script type=\"application\/ld+json\" class=\"yoast-schema-graph\">{\"@context\":\"https:\/\/schema.org\",\"@graph\":[{\"@type\":\"WebPage\",\"@id\":\"https:\/\/nachhaltige-crowdlogistik.org\/?page_id=3975\",\"url\":\"https:\/\/nachhaltige-crowdlogistik.org\/?page_id=3975\",\"name\":\"Impressum - NaCl\",\"isPartOf\":{\"@id\":\"https:\/\/nachhaltige-crowdlogistik.org\/#website\"},\"datePublished\":\"2020-04-27T10:51:38+00:00\",\"dateModified\":\"2020-06-07T10:35:23+00:00\",\"breadcrumb\":{\"@id\":\"https:\/\/nachhaltige-crowdlogistik.org\/?page_id=3975#breadcrumb\"},\"inLanguage\":\"de\",\"potentialAction\":[{\"@type\":\"ReadAction\",\"target\":[\"https:\/\/nachhaltige-crowdlogistik.org\/?page_id=3975\"]}]},{\"@type\":\"BreadcrumbList\",\"@id\":\"https:\/\/nachhaltige-crowdlogistik.org\/?page_id=3975#breadcrumb\",\"itemListElement\":[{\"@type\":\"ListItem\",\"position\":1,\"name\":\"Startseite\",\"item\":\"https:\/\/nachhaltige-crowdlogistik.org\/\"},{\"@type\":\"ListItem\",\"position\":2,\"name\":\"Impressum\"}]},{\"@type\":\"WebSite\",\"@id\":\"https:\/\/nachhaltige-crowdlogistik.org\/#website\",\"url\":\"https:\/\/nachhaltige-crowdlogistik.org\/\",\"name\":\"NaCl-Nachhaltige Crowdlogistik\",\"description\":\"Nachhaltige Crowdlogistik\",\"publisher\":{\"@id\":\"https:\/\/nachhaltige-crowdlogistik.org\/#organization\"},\"potentialAction\":[{\"@type\":\"SearchAction\",\"target\":{\"@type\":\"EntryPoint\",\"urlTemplate\":\"https:\/\/nachhaltige-crowdlogistik.org\/?s={search_term_string}\"},\"query-input\":\"required name=search_term_string\"}],\"inLanguage\":\"de\"},{\"@type\":\"Organization\",\"@id\":\"https:\/\/nachhaltige-crowdlogistik.org\/#organization\",\"name\":\"NaCl \u2013 Nachhaltige Crowdlogistik\",\"url\":\"https:\/\/nachhaltige-crowdlogistik.org\/\",\"logo\":{\"@type\":\"ImageObject\",\"inLanguage\":\"de\",\"@id\":\"https:\/\/nachhaltige-crowdlogistik.org\/#\/schema\/logo\/image\/\",\"url\":\"https:\/\/nachhaltige-crowdlogistik.org\/wp-content\/uploads\/2020\/04\/logo_2nnn_245.gif\",\"contentUrl\":\"https:\/\/nachhaltige-crowdlogistik.org\/wp-content\/uploads\/2020\/04\/logo_2nnn_245.gif\",\"width\":245,\"height\":86,\"caption\":\"NaCl \u2013 Nachhaltige Crowdlogistik\"},\"image\":{\"@id\":\"https:\/\/nachhaltige-crowdlogistik.org\/#\/schema\/logo\/image\/\"},\"sameAs\":[\"https:\/\/www.facebook.com\/hsbremerhaven\",\"https:\/\/www.instagram.com\/nachhaltige.crowdlogistik\/\"]}]}<\/script>\n<!-- \/ Yoast SEO plugin. -->","yoast_head_json":{"title":"Impressum - NaCl","robots":{"index":"index","follow":"follow","max-snippet":"max-snippet:-1","max-image-preview":"max-image-preview:large","max-video-preview":"max-video-preview:-1"},"canonical":"https:\/\/nachhaltige-crowdlogistik.org\/?page_id=3975","og_locale":"de_DE","og_type":"article","og_title":"Impressum - NaCl","og_description":"Die Webseite des Forschungsprojektes \u201eNaCl \u2013 Nachhaltige Crowdlogistik\u201c (gef\u00f6rdert aus Mitteln des Landes Bremen, Die Senatorin f\u00fcr Klimaschutz, Umwelt, Mobilit\u00e4t, Stadtentwicklung und Wohnungsbau, und der europ\u00e4ischen Union, EFRE) wird betreut durch: Hochschule BremerhavenAn der Karlstadt &hellip; Weiterlesen","og_url":"https:\/\/nachhaltige-crowdlogistik.org\/?page_id=3975","og_site_name":"NaCl","article_publisher":"https:\/\/www.facebook.com\/hsbremerhaven","article_modified_time":"2020-06-07T10:35:23+00:00","twitter_card":"summary_large_image","twitter_misc":{"Gesch\u00e4tzte Lesezeit":"2\u00a0Minuten"},"schema":{"@context":"https:\/\/schema.org","@graph":[{"@type":"WebPage","@id":"https:\/\/nachhaltige-crowdlogistik.org\/?page_id=3975","url":"https:\/\/nachhaltige-crowdlogistik.org\/?page_id=3975","name":"Impressum - NaCl","isPartOf":{"@id":"https:\/\/nachhaltige-crowdlogistik.org\/#website"},"datePublished":"2020-04-27T10:51:38+00:00","dateModified":"2020-06-07T10:35:23+00:00","breadcrumb":{"@id":"https:\/\/nachhaltige-crowdlogistik.org\/?page_id=3975#breadcrumb"},"inLanguage":"de","potentialAction":[{"@type":"ReadAction","target":["https:\/\/nachhaltige-crowdlogistik.org\/?page_id=3975"]}]},{"@type":"BreadcrumbList","@id":"https:\/\/nachhaltige-crowdlogistik.org\/?page_id=3975#breadcrumb","itemListElement":[{"@type":"ListItem","position":1,"name":"Startseite","item":"https:\/\/nachhaltige-crowdlogistik.org\/"},{"@type":"ListItem","position":2,"name":"Impressum"}]},{"@type":"WebSite","@id":"https:\/\/nachhaltige-crowdlogistik.org\/#website","url":"https:\/\/nachhaltige-crowdlogistik.org\/","name":"NaCl-Nachhaltige Crowdlogistik","description":"Nachhaltige Crowdlogistik","publisher":{"@id":"https:\/\/nachhaltige-crowdlogistik.org\/#organization"},"potentialAction":[{"@type":"SearchAction","target":{"@type":"EntryPoint","urlTemplate":"https:\/\/nachhaltige-crowdlogistik.org\/?s={search_term_string}"},"query-input":"required name=search_term_string"}],"inLanguage":"de"},{"@type":"Organization","@id":"https:\/\/nachhaltige-crowdlogistik.org\/#organization","name":"NaCl \u2013 Nachhaltige Crowdlogistik","url":"https:\/\/nachhaltige-crowdlogistik.org\/","logo":{"@type":"ImageObject","inLanguage":"de","@id":"https:\/\/nachhaltige-crowdlogistik.org\/#\/schema\/logo\/image\/","url":"https:\/\/nachhaltige-crowdlogistik.org\/wp-content\/uploads\/2020\/04\/logo_2nnn_245.gif","contentUrl":"https:\/\/nachhaltige-crowdlogistik.org\/wp-content\/uploads\/2020\/04\/logo_2nnn_245.gif","width":245,"height":86,"caption":"NaCl \u2013 Nachhaltige Crowdlogistik"},"image":{"@id":"https:\/\/nachhaltige-crowdlogistik.org\/#\/schema\/logo\/image\/"},"sameAs":["https:\/\/www.facebook.com\/hsbremerhaven","https:\/\/www.instagram.com\/nachhaltige.crowdlogistik\/"]}]}},"jetpack_sharing_enabled":true,"_links":{"self":[{"href":"https:\/\/nachhaltige-crowdlogistik.org\/index.php?rest_route=\/wp\/v2\/pages\/3975"}],"collection":[{"href":"https:\/\/nachhaltige-crowdlogistik.org\/index.php?rest_route=\/wp\/v2\/pages"}],"about":[{"href":"https:\/\/nachhaltige-crowdlogistik.org\/index.php?rest_route=\/wp\/v2\/types\/page"}],"author":[{"embeddable":true,"href":"https:\/\/nachhaltige-crowdlogistik.org\/index.php?rest_route=\/wp\/v2\/users\/1"}],"replies":[{"embeddable":true,"href":"https:\/\/nachhaltige-crowdlogistik.org\/index.php?rest_route=%2Fwp%2Fv2%2Fcomments&post=3975"}],"version-history":[{"count":4,"href":"https:\/\/nachhaltige-crowdlogistik.org\/index.php?rest_route=\/wp\/v2\/pages\/3975\/revisions"}],"predecessor-version":[{"id":4603,"href":"https:\/\/nachhaltige-crowdlogistik.org\/index.php?rest_route=\/wp\/v2\/pages\/3975\/revisions\/4603"}],"wp:attachment":[{"href":"https:\/\/nachhaltige-crowdlogistik.org\/index.php?rest_route=%2Fwp%2Fv2%2Fmedia&parent=3975"}],"curies":[{"name":"wp","href":"https:\/\/api.w.org\/{rel}","templated":true}]}}