{"id":4022,"date":"2020-05-01T08:19:43","date_gmt":"2020-05-01T08:19:43","guid":{"rendered":"http:\/\/nachhaltige-crowdlogistik.org\/?page_id=4022"},"modified":"2020-06-23T12:05:23","modified_gmt":"2020-06-23T12:05:23","slug":"partner","status":"publish","type":"page","link":"https:\/\/nachhaltige-crowdlogistik.org\/?page_id=4022","title":{"rendered":"Partner"},"content":{"rendered":"\n<h3 class=\"has-text-color has-text-align-center wp-block-heading\" style=\"color:#01b3ff\">Projektpartner<\/h3>\n\n\n\n<hr class=\"wp-block-separator has-text-color has-background is-style-wide\" style=\"background-color:#18abea;color:#18abea\"\/>\n\n\n\n<p>Das Projekt steht unter der Leitung der Hochschule Bremerhaven. Zudem sind die Rytle GmbH und die Wesereilboten an der Umsetzung des Projektes beteiligt. <\/p>\n\n\n\n<div style=\"height:20px\" aria-hidden=\"true\" class=\"wp-block-spacer\"><\/div>\n\n\n\n<hr class=\"wp-block-separator has-text-color has-background has-grey-background-color has-grey-color is-style-wide\"\/>\n\n\n\n<h3 class=\"wp-block-heading\"><strong>Hochschule Bremerhaven<\/strong><\/h3>\n\n\n\n<p>Die Professur f\u00fcr \u201eIuK-Technologien in der au\u00dferbetrieblichen Logistik\u201c ist in den Studieng\u00e4ngen Transportwesen und Logistik (BSc) und Logistics Engineering Management (MSc) angesiedelt und befasst sich in der Forschung insbesondere mit den Themen \u201eSustainable Transport\u201d, \u201eAutomotive Sharing Systems\u201c, \u201eElectric Vehicles, \u201eTravel Information Systems (TIS)\u201d, \u201eSustainability Customer Relationship Management (SusCRM)\u201d und \u201eBig und Open Data in Smart Cities\u201d.<\/p>\n\n\n\n<p>Es wurden zahlreiche Projekte im Bereich nachhaltiger Mobilit\u00e4t durchgef\u00fchrt, welche einen direkten Bezug zu diesem Projekt haben. U.a. das Projekt NEMo \u2013 Nachhaltige Erf\u00fcllung von Mobilit\u00e4tsbed\u00fcrfnissen im l\u00e4ndlichen Raum\u201c (<a rel=\"noreferrer noopener\" href=\"http:\/\/www.nemo-mobilitaet.de\/\" target=\"_blank\">www.nemo-mobilitaet.de<\/a>)&nbsp; und das Projekt \u201eIKT-Services \u2013 Schaufenster Elektromobilit\u00e4t Niedersachsen\u201c (<a rel=\"noreferrer noopener\" href=\"http:\/\/www.ikts-niedersachsen.de\/\" target=\"_blank\">http:\/\/www.ikts-niedersachsen.de<\/a>).<\/p>\n\n\n\n<figure class=\"wp-block-image size-large is-resized\"><a href=\"https:\/\/www.hs-bremerhaven.de\/start\/\" target=\"_blank\" rel=\"noopener noreferrer\"><img loading=\"lazy\" decoding=\"async\" src=\"http:\/\/nachhaltige-crowdlogistik.org\/wp-content\/uploads\/2020\/05\/Logo-Hochschule-Brhv-1024x559.jpg\" alt=\"\" class=\"wp-image-4314\" width=\"256\" height=\"140\" srcset=\"https:\/\/nachhaltige-crowdlogistik.org\/wp-content\/uploads\/2020\/05\/Logo-Hochschule-Brhv-1024x559.jpg 1024w, https:\/\/nachhaltige-crowdlogistik.org\/wp-content\/uploads\/2020\/05\/Logo-Hochschule-Brhv-300x164.jpg 300w, https:\/\/nachhaltige-crowdlogistik.org\/wp-content\/uploads\/2020\/05\/Logo-Hochschule-Brhv-768x419.jpg 768w, https:\/\/nachhaltige-crowdlogistik.org\/wp-content\/uploads\/2020\/05\/Logo-Hochschule-Brhv-1536x838.jpg 1536w, https:\/\/nachhaltige-crowdlogistik.org\/wp-content\/uploads\/2020\/05\/Logo-Hochschule-Brhv-2048x1117.jpg 2048w\" sizes=\"(max-width: 256px) 100vw, 256px\" \/><\/a><\/figure>\n\n\n\n<div style=\"height:20px\" aria-hidden=\"true\" class=\"wp-block-spacer\"><\/div>\n\n\n\n<hr class=\"wp-block-separator has-text-color has-background has-grey-background-color has-grey-color is-style-wide\"\/>\n\n\n\n<h3 class=\"wp-block-heading\"><strong>Rytle GmbH<\/strong><\/h3>\n\n\n\n<p>Das Bremer Unternehmen&nbsp;<a rel=\"noreferrer noopener\" href=\"https:\/\/rytle.de\/?lang=en\" target=\"_blank\">RYTLE&nbsp;<\/a>wurde 2017 als gemeinsame Unternehmung (Joint Venture) zwischen dem Anh\u00e4nger- und Aufbauhersteller Krone (Mehrheitsgesellschafter) und dem Beratungsunternehmen Orbitak AG gegr\u00fcndet. Das Unternehmen hat sich zum Ziel gesetzt, Transporte innerhalb der letzten Meile durch ein ganzheitliches und vernetztes Konzept f\u00fcr die City-Logistik zu revolutionieren.<\/p>\n\n\n\n<figure class=\"wp-block-image size-large is-resized\"><img loading=\"lazy\" decoding=\"async\" src=\"http:\/\/nachhaltige-crowdlogistik.org\/wp-content\/uploads\/2020\/05\/Rytle_logo.gif\" alt=\"\" class=\"wp-image-4365\" width=\"99\" height=\"75\"\/><\/figure>\n\n\n\n<div class=\"wp-block-media-text alignwide is-stacked-on-mobile\" style=\"grid-template-columns:20% auto\"><figure class=\"wp-block-media-text__media\"><img loading=\"lazy\" decoding=\"async\" width=\"150\" height=\"175\" src=\"http:\/\/nachhaltige-crowdlogistik.org\/wp-content\/uploads\/2020\/05\/Partner_RYTLE_Kristian-Schopka_web_150.jpg\" alt=\"\" class=\"wp-image-4312\"\/><\/figure><div class=\"wp-block-media-text__content\">\n<p class=\"has-small-font-size\">Dr. Kristian Schopka<br>E-Mail:&nbsp;<a href=\"mailto:kristian.schopka@rytle.com\">kristian.schopka@rytle.com<\/a><br>Tel.: &nbsp;0421 &#8211; 566 33 216<\/p>\n<\/div><\/div>\n\n\n\n<div style=\"height:20px\" aria-hidden=\"true\" class=\"wp-block-spacer\"><\/div>\n\n\n\n<hr class=\"wp-block-separator has-text-color has-background has-grey-background-color has-grey-color is-style-wide\"\/>\n\n\n\n<h3 class=\"wp-block-heading\"><strong>Weser Eilboten GmbH<\/strong><\/h3>\n\n\n\n<p><br>Die&nbsp;<a rel=\"noreferrer noopener\" href=\"http:\/\/weser-eilboten.de\/\" target=\"_blank\">Weser Eilboten GmbH<\/a>&nbsp;sind f\u00fchrender Transportdienstleister in der Region Bremerhaven \u2013 Bremen \u2013 Cuxhaven \u2013 Oldenburg \u2013 Stade (\u201enasses Dreieck\u201c). In der drei\u00dfigj\u00e4hrigen Firmengeschichte hat sich das Unternehmen fortw\u00e4hrend den wandelnden Anforderungen der Kunden und des Marktes gestellt, immer mit dem Ziel, optimale Transportl\u00f6sungen und erstklassigen Service zu bieten. Sowohl am Standort Bremerhaven als auch im Elbe-Weser-Dreieck ist das Unternehmen t\u00e4tig. Die Fahrzeugflotte, bestehend aus Kurierfahrzeugen, Transporten und Lkws, ist auf dem neusten technischen Stand und wird durch moderne Software unterst\u00fctzt.<\/p>\n\n\n\n<figure class=\"wp-block-image size-large is-resized\"><img loading=\"lazy\" decoding=\"async\" src=\"http:\/\/nachhaltige-crowdlogistik.org\/wp-content\/uploads\/2020\/05\/logo_weser_eilboten1.gif\" alt=\"\" class=\"wp-image-4366\" width=\"99\" height=\"35\"\/><\/figure>\n\n\n\n<div class=\"wp-block-media-text alignwide is-stacked-on-mobile\" style=\"grid-template-columns:20% auto\"><figure class=\"wp-block-media-text__media\"><img loading=\"lazy\" decoding=\"async\" width=\"150\" height=\"225\" src=\"http:\/\/nachhaltige-crowdlogistik.org\/wp-content\/uploads\/2020\/05\/Partner_Weser-Eilboten_Lars-Krueger_150.jpg\" alt=\"\" class=\"wp-image-4313\"\/><\/figure><div class=\"wp-block-media-text__content\">\n<p class=\"has-small-font-size\">Lars Kr\u00fcger<br>E-Mail: <a href=\"mailto:kristian.schopka@rytle.com\"><\/a><a href=\"mailto:Lars.Krueger@druckzentrum-nordsee.de\">Lars.Krueger@druckzentrum-nordsee.de<\/a><br>Tel.: &nbsp;0471 &#8211; 90266 \u2013 905<\/p>\n<\/div><\/div>\n","protected":false},"excerpt":{"rendered":"<p>Projektpartner Das Projekt steht unter der Leitung der Hochschule Bremerhaven. Zudem sind die Rytle GmbH und die Wesereilboten an der Umsetzung des Projektes beteiligt. Hochschule Bremerhaven Die Professur f\u00fcr \u201eIuK-Technologien in der au\u00dferbetrieblichen Logistik\u201c ist &hellip; <a href=\"https:\/\/nachhaltige-crowdlogistik.org\/?page_id=4022\">Weiterlesen<\/a><\/p>\n","protected":false},"author":1,"featured_media":0,"parent":0,"menu_order":0,"comment_status":"closed","ping_status":"closed","template":"nosidebar.php","meta":{"footnotes":""},"yoast_head":"<!-- This site is optimized with the Yoast SEO plugin v22.6 - https:\/\/yoast.com\/wordpress\/plugins\/seo\/ -->\n<title>Partner - NaCl<\/title>\n<meta name=\"robots\" content=\"index, follow, max-snippet:-1, max-image-preview:large, max-video-preview:-1\" \/>\n<link rel=\"canonical\" href=\"https:\/\/nachhaltige-crowdlogistik.org\/?page_id=4022\" \/>\n<meta property=\"og:locale\" content=\"de_DE\" \/>\n<meta property=\"og:type\" content=\"article\" \/>\n<meta property=\"og:title\" content=\"Partner - NaCl\" \/>\n<meta property=\"og:description\" content=\"Projektpartner Das Projekt steht unter der Leitung der Hochschule Bremerhaven. Zudem sind die Rytle GmbH und die Wesereilboten an der Umsetzung des Projektes beteiligt. Hochschule Bremerhaven Die Professur f\u00fcr \u201eIuK-Technologien in der au\u00dferbetrieblichen Logistik\u201c ist &hellip; Weiterlesen\" \/>\n<meta property=\"og:url\" content=\"https:\/\/nachhaltige-crowdlogistik.org\/?page_id=4022\" \/>\n<meta property=\"og:site_name\" content=\"NaCl\" \/>\n<meta property=\"article:publisher\" content=\"https:\/\/www.facebook.com\/hsbremerhaven\" \/>\n<meta property=\"article:modified_time\" content=\"2020-06-23T12:05:23+00:00\" \/>\n<meta property=\"og:image\" content=\"http:\/\/nachhaltige-crowdlogistik.org\/wp-content\/uploads\/2020\/05\/Logo-Hochschule-Brhv-1024x559.jpg\" \/>\n<meta name=\"twitter:card\" content=\"summary_large_image\" \/>\n<meta name=\"twitter:label1\" content=\"Gesch\u00e4tzte Lesezeit\" \/>\n\t<meta name=\"twitter:data1\" content=\"1\u00a0Minute\" \/>\n<script type=\"application\/ld+json\" class=\"yoast-schema-graph\">{\"@context\":\"https:\/\/schema.org\",\"@graph\":[{\"@type\":\"WebPage\",\"@id\":\"https:\/\/nachhaltige-crowdlogistik.org\/?page_id=4022\",\"url\":\"https:\/\/nachhaltige-crowdlogistik.org\/?page_id=4022\",\"name\":\"Partner - NaCl\",\"isPartOf\":{\"@id\":\"https:\/\/nachhaltige-crowdlogistik.org\/#website\"},\"primaryImageOfPage\":{\"@id\":\"https:\/\/nachhaltige-crowdlogistik.org\/?page_id=4022#primaryimage\"},\"image\":{\"@id\":\"https:\/\/nachhaltige-crowdlogistik.org\/?page_id=4022#primaryimage\"},\"thumbnailUrl\":\"http:\/\/nachhaltige-crowdlogistik.org\/wp-content\/uploads\/2020\/05\/Logo-Hochschule-Brhv-1024x559.jpg\",\"datePublished\":\"2020-05-01T08:19:43+00:00\",\"dateModified\":\"2020-06-23T12:05:23+00:00\",\"breadcrumb\":{\"@id\":\"https:\/\/nachhaltige-crowdlogistik.org\/?page_id=4022#breadcrumb\"},\"inLanguage\":\"de\",\"potentialAction\":[{\"@type\":\"ReadAction\",\"target\":[\"https:\/\/nachhaltige-crowdlogistik.org\/?page_id=4022\"]}]},{\"@type\":\"ImageObject\",\"inLanguage\":\"de\",\"@id\":\"https:\/\/nachhaltige-crowdlogistik.org\/?page_id=4022#primaryimage\",\"url\":\"http:\/\/nachhaltige-crowdlogistik.org\/wp-content\/uploads\/2020\/05\/Logo-Hochschule-Brhv-1024x559.jpg\",\"contentUrl\":\"http:\/\/nachhaltige-crowdlogistik.org\/wp-content\/uploads\/2020\/05\/Logo-Hochschule-Brhv-1024x559.jpg\"},{\"@type\":\"BreadcrumbList\",\"@id\":\"https:\/\/nachhaltige-crowdlogistik.org\/?page_id=4022#breadcrumb\",\"itemListElement\":[{\"@type\":\"ListItem\",\"position\":1,\"name\":\"Startseite\",\"item\":\"https:\/\/nachhaltige-crowdlogistik.org\/\"},{\"@type\":\"ListItem\",\"position\":2,\"name\":\"Partner\"}]},{\"@type\":\"WebSite\",\"@id\":\"https:\/\/nachhaltige-crowdlogistik.org\/#website\",\"url\":\"https:\/\/nachhaltige-crowdlogistik.org\/\",\"name\":\"NaCl-Nachhaltige Crowdlogistik\",\"description\":\"Nachhaltige Crowdlogistik\",\"publisher\":{\"@id\":\"https:\/\/nachhaltige-crowdlogistik.org\/#organization\"},\"potentialAction\":[{\"@type\":\"SearchAction\",\"target\":{\"@type\":\"EntryPoint\",\"urlTemplate\":\"https:\/\/nachhaltige-crowdlogistik.org\/?s={search_term_string}\"},\"query-input\":\"required name=search_term_string\"}],\"inLanguage\":\"de\"},{\"@type\":\"Organization\",\"@id\":\"https:\/\/nachhaltige-crowdlogistik.org\/#organization\",\"name\":\"NaCl \u2013 Nachhaltige Crowdlogistik\",\"url\":\"https:\/\/nachhaltige-crowdlogistik.org\/\",\"logo\":{\"@type\":\"ImageObject\",\"inLanguage\":\"de\",\"@id\":\"https:\/\/nachhaltige-crowdlogistik.org\/#\/schema\/logo\/image\/\",\"url\":\"https:\/\/nachhaltige-crowdlogistik.org\/wp-content\/uploads\/2020\/04\/logo_2nnn_245.gif\",\"contentUrl\":\"https:\/\/nachhaltige-crowdlogistik.org\/wp-content\/uploads\/2020\/04\/logo_2nnn_245.gif\",\"width\":245,\"height\":86,\"caption\":\"NaCl \u2013 Nachhaltige Crowdlogistik\"},\"image\":{\"@id\":\"https:\/\/nachhaltige-crowdlogistik.org\/#\/schema\/logo\/image\/\"},\"sameAs\":[\"https:\/\/www.facebook.com\/hsbremerhaven\",\"https:\/\/www.instagram.com\/nachhaltige.crowdlogistik\/\"]}]}<\/script>\n<!-- \/ Yoast SEO plugin. -->","yoast_head_json":{"title":"Partner - NaCl","robots":{"index":"index","follow":"follow","max-snippet":"max-snippet:-1","max-image-preview":"max-image-preview:large","max-video-preview":"max-video-preview:-1"},"canonical":"https:\/\/nachhaltige-crowdlogistik.org\/?page_id=4022","og_locale":"de_DE","og_type":"article","og_title":"Partner - NaCl","og_description":"Projektpartner Das Projekt steht unter der Leitung der Hochschule Bremerhaven. Zudem sind die Rytle GmbH und die Wesereilboten an der Umsetzung des Projektes beteiligt. Hochschule Bremerhaven Die Professur f\u00fcr \u201eIuK-Technologien in der au\u00dferbetrieblichen Logistik\u201c ist &hellip; Weiterlesen","og_url":"https:\/\/nachhaltige-crowdlogistik.org\/?page_id=4022","og_site_name":"NaCl","article_publisher":"https:\/\/www.facebook.com\/hsbremerhaven","article_modified_time":"2020-06-23T12:05:23+00:00","og_image":[{"url":"http:\/\/nachhaltige-crowdlogistik.org\/wp-content\/uploads\/2020\/05\/Logo-Hochschule-Brhv-1024x559.jpg"}],"twitter_card":"summary_large_image","twitter_misc":{"Gesch\u00e4tzte Lesezeit":"1\u00a0Minute"},"schema":{"@context":"https:\/\/schema.org","@graph":[{"@type":"WebPage","@id":"https:\/\/nachhaltige-crowdlogistik.org\/?page_id=4022","url":"https:\/\/nachhaltige-crowdlogistik.org\/?page_id=4022","name":"Partner - NaCl","isPartOf":{"@id":"https:\/\/nachhaltige-crowdlogistik.org\/#website"},"primaryImageOfPage":{"@id":"https:\/\/nachhaltige-crowdlogistik.org\/?page_id=4022#primaryimage"},"image":{"@id":"https:\/\/nachhaltige-crowdlogistik.org\/?page_id=4022#primaryimage"},"thumbnailUrl":"http:\/\/nachhaltige-crowdlogistik.org\/wp-content\/uploads\/2020\/05\/Logo-Hochschule-Brhv-1024x559.jpg","datePublished":"2020-05-01T08:19:43+00:00","dateModified":"2020-06-23T12:05:23+00:00","breadcrumb":{"@id":"https:\/\/nachhaltige-crowdlogistik.org\/?page_id=4022#breadcrumb"},"inLanguage":"de","potentialAction":[{"@type":"ReadAction","target":["https:\/\/nachhaltige-crowdlogistik.org\/?page_id=4022"]}]},{"@type":"ImageObject","inLanguage":"de","@id":"https:\/\/nachhaltige-crowdlogistik.org\/?page_id=4022#primaryimage","url":"http:\/\/nachhaltige-crowdlogistik.org\/wp-content\/uploads\/2020\/05\/Logo-Hochschule-Brhv-1024x559.jpg","contentUrl":"http:\/\/nachhaltige-crowdlogistik.org\/wp-content\/uploads\/2020\/05\/Logo-Hochschule-Brhv-1024x559.jpg"},{"@type":"BreadcrumbList","@id":"https:\/\/nachhaltige-crowdlogistik.org\/?page_id=4022#breadcrumb","itemListElement":[{"@type":"ListItem","position":1,"name":"Startseite","item":"https:\/\/nachhaltige-crowdlogistik.org\/"},{"@type":"ListItem","position":2,"name":"Partner"}]},{"@type":"WebSite","@id":"https:\/\/nachhaltige-crowdlogistik.org\/#website","url":"https:\/\/nachhaltige-crowdlogistik.org\/","name":"NaCl-Nachhaltige Crowdlogistik","description":"Nachhaltige Crowdlogistik","publisher":{"@id":"https:\/\/nachhaltige-crowdlogistik.org\/#organization"},"potentialAction":[{"@type":"SearchAction","target":{"@type":"EntryPoint","urlTemplate":"https:\/\/nachhaltige-crowdlogistik.org\/?s={search_term_string}"},"query-input":"required name=search_term_string"}],"inLanguage":"de"},{"@type":"Organization","@id":"https:\/\/nachhaltige-crowdlogistik.org\/#organization","name":"NaCl \u2013 Nachhaltige Crowdlogistik","url":"https:\/\/nachhaltige-crowdlogistik.org\/","logo":{"@type":"ImageObject","inLanguage":"de","@id":"https:\/\/nachhaltige-crowdlogistik.org\/#\/schema\/logo\/image\/","url":"https:\/\/nachhaltige-crowdlogistik.org\/wp-content\/uploads\/2020\/04\/logo_2nnn_245.gif","contentUrl":"https:\/\/nachhaltige-crowdlogistik.org\/wp-content\/uploads\/2020\/04\/logo_2nnn_245.gif","width":245,"height":86,"caption":"NaCl \u2013 Nachhaltige Crowdlogistik"},"image":{"@id":"https:\/\/nachhaltige-crowdlogistik.org\/#\/schema\/logo\/image\/"},"sameAs":["https:\/\/www.facebook.com\/hsbremerhaven","https:\/\/www.instagram.com\/nachhaltige.crowdlogistik\/"]}]}},"jetpack_sharing_enabled":true,"_links":{"self":[{"href":"https:\/\/nachhaltige-crowdlogistik.org\/index.php?rest_route=\/wp\/v2\/pages\/4022"}],"collection":[{"href":"https:\/\/nachhaltige-crowdlogistik.org\/index.php?rest_route=\/wp\/v2\/pages"}],"about":[{"href":"https:\/\/nachhaltige-crowdlogistik.org\/index.php?rest_route=\/wp\/v2\/types\/page"}],"author":[{"embeddable":true,"href":"https:\/\/nachhaltige-crowdlogistik.org\/index.php?rest_route=\/wp\/v2\/users\/1"}],"replies":[{"embeddable":true,"href":"https:\/\/nachhaltige-crowdlogistik.org\/index.php?rest_route=%2Fwp%2Fv2%2Fcomments&post=4022"}],"version-history":[{"count":21,"href":"https:\/\/nachhaltige-crowdlogistik.org\/index.php?rest_route=\/wp\/v2\/pages\/4022\/revisions"}],"predecessor-version":[{"id":4784,"href":"https:\/\/nachhaltige-crowdlogistik.org\/index.php?rest_route=\/wp\/v2\/pages\/4022\/revisions\/4784"}],"wp:attachment":[{"href":"https:\/\/nachhaltige-crowdlogistik.org\/index.php?rest_route=%2Fwp%2Fv2%2Fmedia&parent=4022"}],"curies":[{"name":"wp","href":"https:\/\/api.w.org\/{rel}","templated":true}]}}