{"id":4118,"date":"2020-05-04T11:00:20","date_gmt":"2020-05-04T11:00:20","guid":{"rendered":"http:\/\/nachhaltige-crowdlogistik.org\/?page_id=4118"},"modified":"2020-06-23T07:34:50","modified_gmt":"2020-06-23T07:34:50","slug":"datenschutzerklaerung","status":"publish","type":"page","link":"https:\/\/nachhaltige-crowdlogistik.org\/?page_id=4118","title":{"rendered":"Datenschutzerkl\u00e4rung"},"content":{"rendered":"\n<h3 class=\"has-text-color wp-block-heading\" style=\"color:#07b5ff\"><strong>Datenschutz<\/strong><\/h3>\n\n\n\n<hr class=\"wp-block-separator has-text-color has-background is-style-wide\" style=\"background-color:#08b5ff;color:#08b5ff\"\/>\n\n\n\n<p>Mit dieser Datenschutzerkl\u00e4rung unterrichten wir Sie, wie personenbezogene Daten erhoben, verarbeitet und genutzt werden, wenn Sie die Internetseite www.nachhaltige-crowdlogistik.de besuchen und an unseren Umfragen teilnehmen.<br>Personenbezogene Daten werden \u00fcber diese Internetseite nur im notwendigen Umfang erhoben. In keinem Fall werden die erhobenen Daten verkauft oder aus anderen Gr\u00fcnden an Dritte weitergegeben.<br>Die nachfolgende Erkl\u00e4rung gem\u00e4\u00df Art. 13 Datenschutzgrundverordnung (DSGVO) gibt Ihnen einen \u00dcberblick dar\u00fcber, welche Art von Daten zu welchem Zweck erhoben werden.<\/p>\n\n\n\n<p>1. <strong>Ansprechpartner<\/strong><br>Ansprechpartner f\u00fcr die Verarbeitung personenbezogener Daten beim Betrieb dieser Webseite ist:<br><\/p>\n\n\n\n<p>Hochschule Bremerhaven<br>Prof. Dr.-Ing. Benjamin Wagner vom Berg<br>Hochschule Bremerhaven<br>An der Karlstadt 8<br>27568 Bremerhaven<br>E-Mail: <a rel=\"noreferrer noopener\" href=\"mailto:benjamin.wagnervomberg@hs-bremerhaven.de\" target=\"_blank\">benjamin.wagnervomberg@hs-bremerhaven.de<\/a><br>Tel.: +49 471 \u2013 4823 \u2013 484<\/p>\n\n\n\n<p><strong>2. Datenerfassung bei der Nutzung unserer Internetseite<\/strong><br>Die Internetseite www.nachhaltige-crowdlogistik.de l\u00e4uft \u00fcber eine Domain bei der STRATO AG, Pascalstra\u00dfe 10, 10587 Berlin.<br>Die Server der STRATO AG erfassen Log-Daten, wenn unsere Webseiten aufgerufen werden. Folgende Log-Daten werden bei diesem Prozess erhoben: Kunden-Domain, Anonymisierte Client-IP, Request-Zeile, Timestamp, Status Code, Gr\u00f6\u00dfe des Response Bodies, Referer, der vom Client gesendet wurde, User Agent, der vom Client gesendet wurde, Remote User. Eine genauere Erl\u00e4uterung finden Sie hier (<a rel=\"noreferrer noopener\" href=\"https:\/\/strato.de\/blog\/dsgvo-logfiles\/\" target=\"_blank\">https:\/\/strato.de\/blog\/dsgvo-logfiles\/<\/a>). Die Daten werden von der STRATO AG f\u00fcr maximal 6 Monate gespeichert. Nach Vertragsbeendigung werden die Daten innerhalb von 2-4 Monaten gel\u00f6scht. Zur Erkennung von Angriffen werden nicht anonymisierte IP-Adressen maximal sieben Tage gespeichert. Danach werden diese unwiderruflich anonymisiert. Rechtsgrundlage f\u00fcr die vor\u00fcbergehende Speicherung der Daten und der Logfiles ist Art. 6 Abs. 1 lit. f DSGVO.<\/p>\n\n\n\n<p>3<strong>. Cookies und Nutzungsanalyse<\/strong><br><br>Cookies <br>Auf den Web-Seiten werden an mehreren Stellen so genannte Cookies verwendet. Cookies sind kleine Textdateien, die Ihr Browser auf Ihrem Rechner speichert und unserem Server schickt, wenn Sie unsere Seiten besuchen. Cookies richten auf Ihrem Rechner keinen Schaden an und enthalten keine Viren. Sie dienen dazu, unser Angebot nutzerfreundlicher, effektiver und sicherer zu machen. Sie haben die volle Kontrolle \u00fcber die Verwendung von Cookies: Durch eine \u00c4nderung der Einstellungen in Ihrem Internetbrowser k\u00f6nnen Sie die \u00dcbertragung von Cookies deaktivieren oder einschr\u00e4nken. Bereits gespeicherte Cookies k\u00f6nnen jederzeit gel\u00f6scht werden. Dies kann auch automatisiert erfolgen.<br>Werden Cookies f\u00fcr unsere Website deaktiviert, k\u00f6nnen m\u00f6glicherweise nicht mehr alle Funktionen der Website vollumf\u00e4nglich genutzt werden.<\/p>\n\n\n\n<p>Rechtsgrundlage<br>Rechtsgrundlage f\u00fcr die Verarbeitung der personenbezogenen Daten der Nutzenden im Zusammenhang mit der Verwendung von Cookies ist Art. 6 Abs. 1 lit. f DSGVO.<br><\/p>\n\n\n\n<p><strong>4. Social Media<\/strong><br><\/p>\n\n\n\n<p>Wir bieten unseren Nutzern von der Web-Seite aus Links zu Social media Plattformen (Facebook, Instagram, YouTube).<br><br><strong>Facebook<\/strong><br>Auf unserer Website ist ein Verweis (Link) zu Facebook, ein Dienst der Facebook Inc., 1 Hacker Way, Menlo Park, California 94025, USA.Der Verweis ist im Rahmen unseres Internetauftritts durch ein Logo kenntlich gemacht und lediglich als Link zu Facebook eingebunden. Nach dem Anklicken des entsprechenden Logos werden Sie auf die Seite von Facebook weitergeleitet, d.h. erst dann werden Nutzerinformationen an Facebook \u00fcbertragen. Art und Umfang der Datenerhebung durch Facebook sowie die dortige weitere Verarbeitung und Nutzung Ihrer Daten wie auch Ihre diesbez\u00fcglichen Rechte und Einstellungsm\u00f6glichkeiten zum Schutz Ihrer Privatsph\u00e4re entnehmen Sie bitte den Datenschutzhinweisen von Facebook.<br><br><strong>Instagram<\/strong><br>Auf unserer Website ist ein Verweis (Link) zu Instagram, ein Dienst der Instagram Inc., 1601 Willow Road, Menlo Park, CA, 94025, USA.Der Verweis ist im Rahmen unseres Internetauftritts durch ein Logo kenntlich gemacht und lediglich als Link zu Instagram eingebunden. Nach dem Anklicken des entsprechenden Logos werden Sie auf die Seite von Instagram weitergeleitet, d.h. erst dann werden Nutzerinformationen an Instagram \u00fcbertragen. Art und Umfang der Datenerhebung durch Instagram sowie die dortige weitere Verarbeitung und Nutzung Ihrer Daten wie auch Ihre diesbez\u00fcglichen Rechte und Einstellungsm\u00f6glichkeiten zum Schutz Ihrer Privatsph\u00e4re entnehmen Sie bitte den Datenschutzhinweisen von Instagram.<br><br><strong>YouTube<\/strong><br>Auf unserer Website ist ein Verweis (Link) zu YouTube, ein Dienst der YouTube LLC, 901 Cherry Avenue, San Bruno, CA 94066, USA. YouTube wird vertreten durch Google LLC. mit Sitz in 1600 Amphitheatre Parkway, Mountain View, CA 94043, USA.<br>Nach dem Anklicken des entsprechenden Videos \/ Logos werden Sie auf die Seite von YouTube weitergeleitet, d.h. erst dann werden Nutzerinformationen an YouTube \u00fcbertragen. Art und Umfang der Datenerhebung durch YouTube sowie die dortige weitere Verarbeitung und Nutzung Ihrer Daten wie auch Ihre diesbez\u00fcglichen Rechte und Einstellungsm\u00f6glichkeiten zum Schutz Ihrer Privatsph\u00e4re entnehmen Sie bitte den Datenschutzhinweisen von YouTube.<\/p>\n\n\n\n<p><strong>5. Links zu anderen Internetseiten<\/strong><br>Auf unserer Internetseite werden gegebenenfalls fremde Internetseiten und Online-Angebote verlinkt. Wenn Sie diese Links bet\u00e4tigen, haben wir naturgem\u00e4\u00df keinen Einfluss mehr darauf, welche Daten durch die jeweiligen Anbieter erhoben und welche Daten von ihnen erfasst werden. Genaue Informationen zur Datenerhebung und -verwendung finden Sie in der Datenschutzerkl\u00e4rung des jeweiligen Anbieters. Da die Datenerhebung und -verarbeitung durch Dritte unserer Kontrolle entzogen ist, k\u00f6nnen wir hierf\u00fcr keine Verantwortung \u00fcbernehmen.<\/p>\n\n\n\n<p><strong>6. Ihre Rechte<\/strong><br>Jede von der Verarbeitung personenbezogener Daten betroffene Person hat nach Ma\u00dfgabe der gesetzlichen Bestimmungen nachfolgende Rechte:<\/p>\n\n\n\n<ul><li>Recht auf Auskunft \u00fcber die bei uns zu ihrer Person gespeicherten Daten (Art. 15 DSGVO);<\/li><li>Recht auf Berichtigung unrichtiger oder unvollst\u00e4ndiger personenbezogener Daten (Art. 16 DSGVO);<\/li><li>Recht auf L\u00f6schung gespeicherter personenbezogener Daten, soweit nicht die Verarbeitung zur Aus\u00fcbung des Rechts auf freie Meinungs\u00e4u\u00dferung und Information, zur Erf\u00fcllung einer rechtlichen Verpflichtung, aus Gr\u00fcnden des \u00f6ffentlichen Interesses oder zur Geltendmachung, Aus\u00fcbung oder Verteidigung von Rechtsanspr\u00fcchen erforderlich ist (Art. 17 DSGVO);<\/li><li>Recht auf Einschr\u00e4nkung der Verarbeitung personenbezogener Daten (Art. 18 DSGVO);<\/li><li>Recht auf Widerspruch gegen eine Verarbeitung, die unserem berechtigten Interesse, einem \u00f6ffentlichen Interesse oder einem Profiling dient, es sei denn, wir k\u00f6nnen zwingende schutzw\u00fcrdige Gr\u00fcnde f\u00fcr die Verarbeitung nachweisen, die Ihre Interessen, Rechte und Freiheiten \u00fcberwiegen, oder die Verarbeitung dient der Geltendmachung, Aus\u00fcbung oder Verteidigung von Rechtsanspr\u00fcchen (Art. 21 DSGVO);<\/li><li>erteilte Einwilligungen zur Erhebung, Verarbeitung und Nutzung Ihrer personenbezogenen Daten jederzeit mit Wirkung f\u00fcr die Zukunft zu widerrufen (Art. 7 Abs. 3 DSGVO). Dies hat zur Folge, dass wir die Datenverarbeitung, die auf dieser Einwilligung beruhte, f\u00fcr die Zukunft nicht mehr fortf\u00fchren k\u00f6nnen.<\/li><li>Recht auf Beschwerde bei einer Aufsichtsbeh\u00f6rde, wenn Sie der Ansicht sind, dass die Verarbeitung der Sie betreffenden personenbezogenen Daten gegen die DSGVO verst\u00f6\u00dft (Art. 77 DSGVO).<\/li><\/ul>\n\n\n\n<p><\/p>\n","protected":false},"excerpt":{"rendered":"<p>Datenschutz Mit dieser Datenschutzerkl\u00e4rung unterrichten wir Sie, wie personenbezogene Daten erhoben, verarbeitet und genutzt werden, wenn Sie die Internetseite www.nachhaltige-crowdlogistik.de besuchen und an unseren Umfragen teilnehmen.Personenbezogene Daten werden \u00fcber diese Internetseite nur im notwendigen Umfang &hellip; <a href=\"https:\/\/nachhaltige-crowdlogistik.org\/?page_id=4118\">Weiterlesen<\/a><\/p>\n","protected":false},"author":1,"featured_media":0,"parent":0,"menu_order":0,"comment_status":"closed","ping_status":"closed","template":"","meta":{"footnotes":""},"yoast_head":"<!-- This site is optimized with the Yoast SEO plugin v22.6 - https:\/\/yoast.com\/wordpress\/plugins\/seo\/ -->\n<title>Datenschutzerkl\u00e4rung - NaCl<\/title>\n<meta name=\"robots\" content=\"index, follow, max-snippet:-1, max-image-preview:large, max-video-preview:-1\" \/>\n<link rel=\"canonical\" href=\"https:\/\/nachhaltige-crowdlogistik.org\/?page_id=4118\" \/>\n<meta property=\"og:locale\" content=\"de_DE\" \/>\n<meta property=\"og:type\" content=\"article\" \/>\n<meta property=\"og:title\" content=\"Datenschutzerkl\u00e4rung - NaCl\" \/>\n<meta property=\"og:description\" content=\"Datenschutz Mit dieser Datenschutzerkl\u00e4rung unterrichten wir Sie, wie personenbezogene Daten erhoben, verarbeitet und genutzt werden, wenn Sie die Internetseite www.nachhaltige-crowdlogistik.de besuchen und an unseren Umfragen teilnehmen.Personenbezogene Daten werden \u00fcber diese Internetseite nur im notwendigen Umfang &hellip; Weiterlesen\" \/>\n<meta property=\"og:url\" content=\"https:\/\/nachhaltige-crowdlogistik.org\/?page_id=4118\" \/>\n<meta property=\"og:site_name\" content=\"NaCl\" \/>\n<meta property=\"article:publisher\" content=\"https:\/\/www.facebook.com\/hsbremerhaven\" \/>\n<meta property=\"article:modified_time\" content=\"2020-06-23T07:34:50+00:00\" \/>\n<meta name=\"twitter:card\" content=\"summary_large_image\" \/>\n<meta name=\"twitter:label1\" content=\"Gesch\u00e4tzte Lesezeit\" \/>\n\t<meta name=\"twitter:data1\" content=\"5\u00a0Minuten\" \/>\n<script type=\"application\/ld+json\" class=\"yoast-schema-graph\">{\"@context\":\"https:\/\/schema.org\",\"@graph\":[{\"@type\":\"WebPage\",\"@id\":\"https:\/\/nachhaltige-crowdlogistik.org\/?page_id=4118\",\"url\":\"https:\/\/nachhaltige-crowdlogistik.org\/?page_id=4118\",\"name\":\"Datenschutzerkl\u00e4rung - NaCl\",\"isPartOf\":{\"@id\":\"https:\/\/nachhaltige-crowdlogistik.org\/#website\"},\"datePublished\":\"2020-05-04T11:00:20+00:00\",\"dateModified\":\"2020-06-23T07:34:50+00:00\",\"breadcrumb\":{\"@id\":\"https:\/\/nachhaltige-crowdlogistik.org\/?page_id=4118#breadcrumb\"},\"inLanguage\":\"de\",\"potentialAction\":[{\"@type\":\"ReadAction\",\"target\":[\"https:\/\/nachhaltige-crowdlogistik.org\/?page_id=4118\"]}]},{\"@type\":\"BreadcrumbList\",\"@id\":\"https:\/\/nachhaltige-crowdlogistik.org\/?page_id=4118#breadcrumb\",\"itemListElement\":[{\"@type\":\"ListItem\",\"position\":1,\"name\":\"Startseite\",\"item\":\"https:\/\/nachhaltige-crowdlogistik.org\/\"},{\"@type\":\"ListItem\",\"position\":2,\"name\":\"Datenschutzerkl\u00e4rung\"}]},{\"@type\":\"WebSite\",\"@id\":\"https:\/\/nachhaltige-crowdlogistik.org\/#website\",\"url\":\"https:\/\/nachhaltige-crowdlogistik.org\/\",\"name\":\"NaCl-Nachhaltige Crowdlogistik\",\"description\":\"Nachhaltige Crowdlogistik\",\"publisher\":{\"@id\":\"https:\/\/nachhaltige-crowdlogistik.org\/#organization\"},\"potentialAction\":[{\"@type\":\"SearchAction\",\"target\":{\"@type\":\"EntryPoint\",\"urlTemplate\":\"https:\/\/nachhaltige-crowdlogistik.org\/?s={search_term_string}\"},\"query-input\":\"required name=search_term_string\"}],\"inLanguage\":\"de\"},{\"@type\":\"Organization\",\"@id\":\"https:\/\/nachhaltige-crowdlogistik.org\/#organization\",\"name\":\"NaCl \u2013 Nachhaltige Crowdlogistik\",\"url\":\"https:\/\/nachhaltige-crowdlogistik.org\/\",\"logo\":{\"@type\":\"ImageObject\",\"inLanguage\":\"de\",\"@id\":\"https:\/\/nachhaltige-crowdlogistik.org\/#\/schema\/logo\/image\/\",\"url\":\"https:\/\/nachhaltige-crowdlogistik.org\/wp-content\/uploads\/2020\/04\/logo_2nnn_245.gif\",\"contentUrl\":\"https:\/\/nachhaltige-crowdlogistik.org\/wp-content\/uploads\/2020\/04\/logo_2nnn_245.gif\",\"width\":245,\"height\":86,\"caption\":\"NaCl \u2013 Nachhaltige Crowdlogistik\"},\"image\":{\"@id\":\"https:\/\/nachhaltige-crowdlogistik.org\/#\/schema\/logo\/image\/\"},\"sameAs\":[\"https:\/\/www.facebook.com\/hsbremerhaven\",\"https:\/\/www.instagram.com\/nachhaltige.crowdlogistik\/\"]}]}<\/script>\n<!-- \/ Yoast SEO plugin. -->","yoast_head_json":{"title":"Datenschutzerkl\u00e4rung - NaCl","robots":{"index":"index","follow":"follow","max-snippet":"max-snippet:-1","max-image-preview":"max-image-preview:large","max-video-preview":"max-video-preview:-1"},"canonical":"https:\/\/nachhaltige-crowdlogistik.org\/?page_id=4118","og_locale":"de_DE","og_type":"article","og_title":"Datenschutzerkl\u00e4rung - NaCl","og_description":"Datenschutz Mit dieser Datenschutzerkl\u00e4rung unterrichten wir Sie, wie personenbezogene Daten erhoben, verarbeitet und genutzt werden, wenn Sie die Internetseite www.nachhaltige-crowdlogistik.de besuchen und an unseren Umfragen teilnehmen.Personenbezogene Daten werden \u00fcber diese Internetseite nur im notwendigen Umfang &hellip; Weiterlesen","og_url":"https:\/\/nachhaltige-crowdlogistik.org\/?page_id=4118","og_site_name":"NaCl","article_publisher":"https:\/\/www.facebook.com\/hsbremerhaven","article_modified_time":"2020-06-23T07:34:50+00:00","twitter_card":"summary_large_image","twitter_misc":{"Gesch\u00e4tzte Lesezeit":"5\u00a0Minuten"},"schema":{"@context":"https:\/\/schema.org","@graph":[{"@type":"WebPage","@id":"https:\/\/nachhaltige-crowdlogistik.org\/?page_id=4118","url":"https:\/\/nachhaltige-crowdlogistik.org\/?page_id=4118","name":"Datenschutzerkl\u00e4rung - NaCl","isPartOf":{"@id":"https:\/\/nachhaltige-crowdlogistik.org\/#website"},"datePublished":"2020-05-04T11:00:20+00:00","dateModified":"2020-06-23T07:34:50+00:00","breadcrumb":{"@id":"https:\/\/nachhaltige-crowdlogistik.org\/?page_id=4118#breadcrumb"},"inLanguage":"de","potentialAction":[{"@type":"ReadAction","target":["https:\/\/nachhaltige-crowdlogistik.org\/?page_id=4118"]}]},{"@type":"BreadcrumbList","@id":"https:\/\/nachhaltige-crowdlogistik.org\/?page_id=4118#breadcrumb","itemListElement":[{"@type":"ListItem","position":1,"name":"Startseite","item":"https:\/\/nachhaltige-crowdlogistik.org\/"},{"@type":"ListItem","position":2,"name":"Datenschutzerkl\u00e4rung"}]},{"@type":"WebSite","@id":"https:\/\/nachhaltige-crowdlogistik.org\/#website","url":"https:\/\/nachhaltige-crowdlogistik.org\/","name":"NaCl-Nachhaltige Crowdlogistik","description":"Nachhaltige Crowdlogistik","publisher":{"@id":"https:\/\/nachhaltige-crowdlogistik.org\/#organization"},"potentialAction":[{"@type":"SearchAction","target":{"@type":"EntryPoint","urlTemplate":"https:\/\/nachhaltige-crowdlogistik.org\/?s={search_term_string}"},"query-input":"required name=search_term_string"}],"inLanguage":"de"},{"@type":"Organization","@id":"https:\/\/nachhaltige-crowdlogistik.org\/#organization","name":"NaCl \u2013 Nachhaltige Crowdlogistik","url":"https:\/\/nachhaltige-crowdlogistik.org\/","logo":{"@type":"ImageObject","inLanguage":"de","@id":"https:\/\/nachhaltige-crowdlogistik.org\/#\/schema\/logo\/image\/","url":"https:\/\/nachhaltige-crowdlogistik.org\/wp-content\/uploads\/2020\/04\/logo_2nnn_245.gif","contentUrl":"https:\/\/nachhaltige-crowdlogistik.org\/wp-content\/uploads\/2020\/04\/logo_2nnn_245.gif","width":245,"height":86,"caption":"NaCl \u2013 Nachhaltige Crowdlogistik"},"image":{"@id":"https:\/\/nachhaltige-crowdlogistik.org\/#\/schema\/logo\/image\/"},"sameAs":["https:\/\/www.facebook.com\/hsbremerhaven","https:\/\/www.instagram.com\/nachhaltige.crowdlogistik\/"]}]}},"jetpack_sharing_enabled":true,"_links":{"self":[{"href":"https:\/\/nachhaltige-crowdlogistik.org\/index.php?rest_route=\/wp\/v2\/pages\/4118"}],"collection":[{"href":"https:\/\/nachhaltige-crowdlogistik.org\/index.php?rest_route=\/wp\/v2\/pages"}],"about":[{"href":"https:\/\/nachhaltige-crowdlogistik.org\/index.php?rest_route=\/wp\/v2\/types\/page"}],"author":[{"embeddable":true,"href":"https:\/\/nachhaltige-crowdlogistik.org\/index.php?rest_route=\/wp\/v2\/users\/1"}],"replies":[{"embeddable":true,"href":"https:\/\/nachhaltige-crowdlogistik.org\/index.php?rest_route=%2Fwp%2Fv2%2Fcomments&post=4118"}],"version-history":[{"count":14,"href":"https:\/\/nachhaltige-crowdlogistik.org\/index.php?rest_route=\/wp\/v2\/pages\/4118\/revisions"}],"predecessor-version":[{"id":4755,"href":"https:\/\/nachhaltige-crowdlogistik.org\/index.php?rest_route=\/wp\/v2\/pages\/4118\/revisions\/4755"}],"wp:attachment":[{"href":"https:\/\/nachhaltige-crowdlogistik.org\/index.php?rest_route=%2Fwp%2Fv2%2Fmedia&parent=4118"}],"curies":[{"name":"wp","href":"https:\/\/api.w.org\/{rel}","templated":true}]}}