{"id":4150,"date":"2020-05-06T20:36:05","date_gmt":"2020-05-06T20:36:05","guid":{"rendered":"http:\/\/nachhaltige-crowdlogistik.org\/?page_id=4150"},"modified":"2020-06-23T12:10:04","modified_gmt":"2020-06-23T12:10:04","slug":"crowdworker","status":"publish","type":"page","link":"https:\/\/nachhaltige-crowdlogistik.org\/?page_id=4150","title":{"rendered":"CrowdWorker"},"content":{"rendered":"\n<h3 class=\"has-text-color has-text-align-center wp-block-heading\" style=\"color:#0cb6ff\">Mach mit und werde CrowdWorker<\/h3>\n\n\n\n<hr class=\"wp-block-separator has-text-color has-background is-style-wide\" style=\"background-color:#02acf5;color:#02acf5\"\/>\n\n\n\n<div class=\"wp-block-image\"><figure class=\"aligncenter size-large\"><img loading=\"lazy\" decoding=\"async\" width=\"900\" height=\"454\" src=\"http:\/\/nachhaltige-crowdlogistik.org\/wp-content\/uploads\/2020\/05\/machmit-bild-crowdworker.jpg\" alt=\"\" class=\"wp-image-4151\" srcset=\"https:\/\/nachhaltige-crowdlogistik.org\/wp-content\/uploads\/2020\/05\/machmit-bild-crowdworker.jpg 900w, https:\/\/nachhaltige-crowdlogistik.org\/wp-content\/uploads\/2020\/05\/machmit-bild-crowdworker-300x151.jpg 300w, https:\/\/nachhaltige-crowdlogistik.org\/wp-content\/uploads\/2020\/05\/machmit-bild-crowdworker-768x387.jpg 768w\" sizes=\"(max-width: 900px) 100vw, 900px\" \/><\/figure><\/div>\n\n\n\n<p>Du studierst und hast Interesse an einem flexiblen Nebenjob in einem nachhaltigen Logistikprojekt? Du bist gerne an der frischen Luft aktiv? Du m\u00f6chtest das Klima sch\u00fctzen und Solidarit\u00e4t f\u00fcr Paketboten zeigen? Du m\u00f6chtest deinen Teil zu einer lebendigeren Innenstadt beitragen? <br>Dann bewirb dich bei uns und werde Teil des Teams!<\/p>\n\n\n\n<hr class=\"wp-block-separator has-text-color has-background has-grey-background-color has-grey-color is-style-wide\"\/>\n\n\n\n<p style=\"color:#02b0fb\" class=\"has-text-color\"><strong>Deine Aufgabe als CrowdWorker<\/strong><br>Diese Aufgaben kommen auf dich zu:<\/p>\n\n\n\n<ul><li>Mit dem Lastenrad in Innenstadtn\u00e4he, Pakete und Waren des Einzelhandels<br>ausliefern und abholen<\/li><\/ul>\n\n\n\n<p>Du kannst die Pilotphase aktiv mitgestalten, die Bremerhavener Innenstadt sauberer machen und die Arbeitsbedingungen der regul\u00e4ren Zustellfahrer verbessern!<\/p>\n\n\n\n<hr class=\"wp-block-separator has-text-color has-background has-grey-background-color has-grey-color is-style-wide\"\/>\n\n\n\n<p style=\"color:#02b0fb\" class=\"has-text-color\"><strong>Dein Profil<\/strong><br>Du solltest:<\/p>\n\n\n\n<ul><li>An der Hochschule Bremerhaven studieren<\/li><li>Zuverl\u00e4ssig sein und Spa\u00df am Fahrradfahren haben<\/li><li>Freude am Umgang mit Menschen und kein Problem mit Wind und Wetter haben<\/li><li>Interesse an nachhaltigen Projekten aufweisen<\/li><li>Tags\u00fcber Zeit haben<\/li><\/ul>\n\n\n\n<hr class=\"wp-block-separator has-text-color has-background has-grey-background-color has-grey-color is-style-wide\"\/>\n\n\n\n<p style=\"color:#02b0fb\" class=\"has-text-color\"><strong>Wir bieten<\/strong><br>Das bieten wir dir:<\/p>\n\n\n\n<ul><li>Aktive Teilnahme an einem Forschungsprojekt<\/li><li>Einen Arbeitsvertrag mit den Weser Eilboten<\/li><li>Eine gute Verg\u00fctung<\/li><li>Einen flexiblen Arbeitsumfang<\/li><li>Ein nettes Team<\/li><\/ul>\n\n\n\n<hr class=\"wp-block-separator has-text-color has-background has-grey-background-color has-grey-color is-style-wide\"\/>\n\n\n\n<div class=\"wp-block-columns is-layout-flex wp-container-core-columns-is-layout-1 wp-block-columns-is-layout-flex\">\n<div class=\"wp-block-column is-vertically-aligned-center is-layout-flow wp-block-column-is-layout-flow\" style=\"flex-basis:66.66%\">\n<p><strong>Du f\u00fchlst dich angesprochen? Dann melde dich doch <a href=\"http:\/\/nachhaltige-crowdlogistik.org\/?page_id=1719\">hier!<\/a><\/strong><\/p>\n<\/div>\n\n\n\n<div class=\"wp-block-column is-layout-flow wp-block-column-is-layout-flow\" style=\"flex-basis:33.33%\">\n<div class=\"wp-block-image\"><figure class=\"alignleft size-large is-resized\"><a href=\"http:\/\/nachhaltige-crowdlogistik.org\/?page_id=1719\"><img loading=\"lazy\" decoding=\"async\" src=\"http:\/\/nachhaltige-crowdlogistik.org\/wp-content\/uploads\/2020\/05\/crowdworker_150_px.png\" alt=\"\" class=\"wp-image-4172\" width=\"113\" height=\"110\"\/><\/a><\/figure><\/div>\n<\/div>\n<\/div>\n","protected":false},"excerpt":{"rendered":"<p>Mach mit und werde CrowdWorker Du studierst und hast Interesse an einem flexiblen Nebenjob in einem nachhaltigen Logistikprojekt? Du bist gerne an der frischen Luft aktiv? Du m\u00f6chtest das Klima sch\u00fctzen und Solidarit\u00e4t f\u00fcr Paketboten &hellip; <a href=\"https:\/\/nachhaltige-crowdlogistik.org\/?page_id=4150\">Weiterlesen<\/a><\/p>\n","protected":false},"author":1,"featured_media":0,"parent":0,"menu_order":0,"comment_status":"closed","ping_status":"closed","template":"nosidebar.php","meta":{"footnotes":""},"yoast_head":"<!-- This site is optimized with the Yoast SEO plugin v22.6 - https:\/\/yoast.com\/wordpress\/plugins\/seo\/ -->\n<title>CrowdWorker - NaCl<\/title>\n<meta name=\"robots\" content=\"index, follow, max-snippet:-1, max-image-preview:large, max-video-preview:-1\" \/>\n<link rel=\"canonical\" href=\"https:\/\/nachhaltige-crowdlogistik.org\/?page_id=4150\" \/>\n<meta property=\"og:locale\" content=\"de_DE\" \/>\n<meta property=\"og:type\" content=\"article\" \/>\n<meta property=\"og:title\" content=\"CrowdWorker - NaCl\" \/>\n<meta property=\"og:description\" content=\"Mach mit und werde CrowdWorker Du studierst und hast Interesse an einem flexiblen Nebenjob in einem nachhaltigen Logistikprojekt? Du bist gerne an der frischen Luft aktiv? Du m\u00f6chtest das Klima sch\u00fctzen und Solidarit\u00e4t f\u00fcr Paketboten &hellip; Weiterlesen\" \/>\n<meta property=\"og:url\" content=\"https:\/\/nachhaltige-crowdlogistik.org\/?page_id=4150\" \/>\n<meta property=\"og:site_name\" content=\"NaCl\" \/>\n<meta property=\"article:publisher\" content=\"https:\/\/www.facebook.com\/hsbremerhaven\" \/>\n<meta property=\"article:modified_time\" content=\"2020-06-23T12:10:04+00:00\" \/>\n<meta property=\"og:image\" content=\"http:\/\/nachhaltige-crowdlogistik.org\/wp-content\/uploads\/2020\/05\/machmit-bild-crowdworker.jpg\" \/>\n<meta name=\"twitter:card\" content=\"summary_large_image\" \/>\n<meta name=\"twitter:label1\" content=\"Gesch\u00e4tzte Lesezeit\" \/>\n\t<meta name=\"twitter:data1\" content=\"1\u00a0Minute\" \/>\n<script type=\"application\/ld+json\" class=\"yoast-schema-graph\">{\"@context\":\"https:\/\/schema.org\",\"@graph\":[{\"@type\":\"WebPage\",\"@id\":\"https:\/\/nachhaltige-crowdlogistik.org\/?page_id=4150\",\"url\":\"https:\/\/nachhaltige-crowdlogistik.org\/?page_id=4150\",\"name\":\"CrowdWorker - NaCl\",\"isPartOf\":{\"@id\":\"https:\/\/nachhaltige-crowdlogistik.org\/#website\"},\"primaryImageOfPage\":{\"@id\":\"https:\/\/nachhaltige-crowdlogistik.org\/?page_id=4150#primaryimage\"},\"image\":{\"@id\":\"https:\/\/nachhaltige-crowdlogistik.org\/?page_id=4150#primaryimage\"},\"thumbnailUrl\":\"http:\/\/nachhaltige-crowdlogistik.org\/wp-content\/uploads\/2020\/05\/machmit-bild-crowdworker.jpg\",\"datePublished\":\"2020-05-06T20:36:05+00:00\",\"dateModified\":\"2020-06-23T12:10:04+00:00\",\"breadcrumb\":{\"@id\":\"https:\/\/nachhaltige-crowdlogistik.org\/?page_id=4150#breadcrumb\"},\"inLanguage\":\"de\",\"potentialAction\":[{\"@type\":\"ReadAction\",\"target\":[\"https:\/\/nachhaltige-crowdlogistik.org\/?page_id=4150\"]}]},{\"@type\":\"ImageObject\",\"inLanguage\":\"de\",\"@id\":\"https:\/\/nachhaltige-crowdlogistik.org\/?page_id=4150#primaryimage\",\"url\":\"https:\/\/nachhaltige-crowdlogistik.org\/wp-content\/uploads\/2020\/05\/machmit-bild-crowdworker.jpg\",\"contentUrl\":\"https:\/\/nachhaltige-crowdlogistik.org\/wp-content\/uploads\/2020\/05\/machmit-bild-crowdworker.jpg\",\"width\":900,\"height\":454},{\"@type\":\"BreadcrumbList\",\"@id\":\"https:\/\/nachhaltige-crowdlogistik.org\/?page_id=4150#breadcrumb\",\"itemListElement\":[{\"@type\":\"ListItem\",\"position\":1,\"name\":\"Startseite\",\"item\":\"https:\/\/nachhaltige-crowdlogistik.org\/\"},{\"@type\":\"ListItem\",\"position\":2,\"name\":\"CrowdWorker\"}]},{\"@type\":\"WebSite\",\"@id\":\"https:\/\/nachhaltige-crowdlogistik.org\/#website\",\"url\":\"https:\/\/nachhaltige-crowdlogistik.org\/\",\"name\":\"NaCl-Nachhaltige Crowdlogistik\",\"description\":\"Nachhaltige Crowdlogistik\",\"publisher\":{\"@id\":\"https:\/\/nachhaltige-crowdlogistik.org\/#organization\"},\"potentialAction\":[{\"@type\":\"SearchAction\",\"target\":{\"@type\":\"EntryPoint\",\"urlTemplate\":\"https:\/\/nachhaltige-crowdlogistik.org\/?s={search_term_string}\"},\"query-input\":\"required name=search_term_string\"}],\"inLanguage\":\"de\"},{\"@type\":\"Organization\",\"@id\":\"https:\/\/nachhaltige-crowdlogistik.org\/#organization\",\"name\":\"NaCl \u2013 Nachhaltige Crowdlogistik\",\"url\":\"https:\/\/nachhaltige-crowdlogistik.org\/\",\"logo\":{\"@type\":\"ImageObject\",\"inLanguage\":\"de\",\"@id\":\"https:\/\/nachhaltige-crowdlogistik.org\/#\/schema\/logo\/image\/\",\"url\":\"https:\/\/nachhaltige-crowdlogistik.org\/wp-content\/uploads\/2020\/04\/logo_2nnn_245.gif\",\"contentUrl\":\"https:\/\/nachhaltige-crowdlogistik.org\/wp-content\/uploads\/2020\/04\/logo_2nnn_245.gif\",\"width\":245,\"height\":86,\"caption\":\"NaCl \u2013 Nachhaltige Crowdlogistik\"},\"image\":{\"@id\":\"https:\/\/nachhaltige-crowdlogistik.org\/#\/schema\/logo\/image\/\"},\"sameAs\":[\"https:\/\/www.facebook.com\/hsbremerhaven\",\"https:\/\/www.instagram.com\/nachhaltige.crowdlogistik\/\"]}]}<\/script>\n<!-- \/ Yoast SEO plugin. -->","yoast_head_json":{"title":"CrowdWorker - NaCl","robots":{"index":"index","follow":"follow","max-snippet":"max-snippet:-1","max-image-preview":"max-image-preview:large","max-video-preview":"max-video-preview:-1"},"canonical":"https:\/\/nachhaltige-crowdlogistik.org\/?page_id=4150","og_locale":"de_DE","og_type":"article","og_title":"CrowdWorker - NaCl","og_description":"Mach mit und werde CrowdWorker Du studierst und hast Interesse an einem flexiblen Nebenjob in einem nachhaltigen Logistikprojekt? Du bist gerne an der frischen Luft aktiv? Du m\u00f6chtest das Klima sch\u00fctzen und Solidarit\u00e4t f\u00fcr Paketboten &hellip; Weiterlesen","og_url":"https:\/\/nachhaltige-crowdlogistik.org\/?page_id=4150","og_site_name":"NaCl","article_publisher":"https:\/\/www.facebook.com\/hsbremerhaven","article_modified_time":"2020-06-23T12:10:04+00:00","og_image":[{"url":"http:\/\/nachhaltige-crowdlogistik.org\/wp-content\/uploads\/2020\/05\/machmit-bild-crowdworker.jpg"}],"twitter_card":"summary_large_image","twitter_misc":{"Gesch\u00e4tzte Lesezeit":"1\u00a0Minute"},"schema":{"@context":"https:\/\/schema.org","@graph":[{"@type":"WebPage","@id":"https:\/\/nachhaltige-crowdlogistik.org\/?page_id=4150","url":"https:\/\/nachhaltige-crowdlogistik.org\/?page_id=4150","name":"CrowdWorker - NaCl","isPartOf":{"@id":"https:\/\/nachhaltige-crowdlogistik.org\/#website"},"primaryImageOfPage":{"@id":"https:\/\/nachhaltige-crowdlogistik.org\/?page_id=4150#primaryimage"},"image":{"@id":"https:\/\/nachhaltige-crowdlogistik.org\/?page_id=4150#primaryimage"},"thumbnailUrl":"http:\/\/nachhaltige-crowdlogistik.org\/wp-content\/uploads\/2020\/05\/machmit-bild-crowdworker.jpg","datePublished":"2020-05-06T20:36:05+00:00","dateModified":"2020-06-23T12:10:04+00:00","breadcrumb":{"@id":"https:\/\/nachhaltige-crowdlogistik.org\/?page_id=4150#breadcrumb"},"inLanguage":"de","potentialAction":[{"@type":"ReadAction","target":["https:\/\/nachhaltige-crowdlogistik.org\/?page_id=4150"]}]},{"@type":"ImageObject","inLanguage":"de","@id":"https:\/\/nachhaltige-crowdlogistik.org\/?page_id=4150#primaryimage","url":"https:\/\/nachhaltige-crowdlogistik.org\/wp-content\/uploads\/2020\/05\/machmit-bild-crowdworker.jpg","contentUrl":"https:\/\/nachhaltige-crowdlogistik.org\/wp-content\/uploads\/2020\/05\/machmit-bild-crowdworker.jpg","width":900,"height":454},{"@type":"BreadcrumbList","@id":"https:\/\/nachhaltige-crowdlogistik.org\/?page_id=4150#breadcrumb","itemListElement":[{"@type":"ListItem","position":1,"name":"Startseite","item":"https:\/\/nachhaltige-crowdlogistik.org\/"},{"@type":"ListItem","position":2,"name":"CrowdWorker"}]},{"@type":"WebSite","@id":"https:\/\/nachhaltige-crowdlogistik.org\/#website","url":"https:\/\/nachhaltige-crowdlogistik.org\/","name":"NaCl-Nachhaltige Crowdlogistik","description":"Nachhaltige Crowdlogistik","publisher":{"@id":"https:\/\/nachhaltige-crowdlogistik.org\/#organization"},"potentialAction":[{"@type":"SearchAction","target":{"@type":"EntryPoint","urlTemplate":"https:\/\/nachhaltige-crowdlogistik.org\/?s={search_term_string}"},"query-input":"required name=search_term_string"}],"inLanguage":"de"},{"@type":"Organization","@id":"https:\/\/nachhaltige-crowdlogistik.org\/#organization","name":"NaCl \u2013 Nachhaltige Crowdlogistik","url":"https:\/\/nachhaltige-crowdlogistik.org\/","logo":{"@type":"ImageObject","inLanguage":"de","@id":"https:\/\/nachhaltige-crowdlogistik.org\/#\/schema\/logo\/image\/","url":"https:\/\/nachhaltige-crowdlogistik.org\/wp-content\/uploads\/2020\/04\/logo_2nnn_245.gif","contentUrl":"https:\/\/nachhaltige-crowdlogistik.org\/wp-content\/uploads\/2020\/04\/logo_2nnn_245.gif","width":245,"height":86,"caption":"NaCl \u2013 Nachhaltige Crowdlogistik"},"image":{"@id":"https:\/\/nachhaltige-crowdlogistik.org\/#\/schema\/logo\/image\/"},"sameAs":["https:\/\/www.facebook.com\/hsbremerhaven","https:\/\/www.instagram.com\/nachhaltige.crowdlogistik\/"]}]}},"jetpack_sharing_enabled":true,"_links":{"self":[{"href":"https:\/\/nachhaltige-crowdlogistik.org\/index.php?rest_route=\/wp\/v2\/pages\/4150"}],"collection":[{"href":"https:\/\/nachhaltige-crowdlogistik.org\/index.php?rest_route=\/wp\/v2\/pages"}],"about":[{"href":"https:\/\/nachhaltige-crowdlogistik.org\/index.php?rest_route=\/wp\/v2\/types\/page"}],"author":[{"embeddable":true,"href":"https:\/\/nachhaltige-crowdlogistik.org\/index.php?rest_route=\/wp\/v2\/users\/1"}],"replies":[{"embeddable":true,"href":"https:\/\/nachhaltige-crowdlogistik.org\/index.php?rest_route=%2Fwp%2Fv2%2Fcomments&post=4150"}],"version-history":[{"count":15,"href":"https:\/\/nachhaltige-crowdlogistik.org\/index.php?rest_route=\/wp\/v2\/pages\/4150\/revisions"}],"predecessor-version":[{"id":4786,"href":"https:\/\/nachhaltige-crowdlogistik.org\/index.php?rest_route=\/wp\/v2\/pages\/4150\/revisions\/4786"}],"wp:attachment":[{"href":"https:\/\/nachhaltige-crowdlogistik.org\/index.php?rest_route=%2Fwp%2Fv2%2Fmedia&parent=4150"}],"curies":[{"name":"wp","href":"https:\/\/api.w.org\/{rel}","templated":true}]}}