{"id":4164,"date":"2020-05-06T20:51:31","date_gmt":"2020-05-06T20:51:31","guid":{"rendered":"http:\/\/nachhaltige-crowdlogistik.org\/?page_id=4164"},"modified":"2020-06-23T12:12:21","modified_gmt":"2020-06-23T12:12:21","slug":"unternehemen","status":"publish","type":"page","link":"https:\/\/nachhaltige-crowdlogistik.org\/?page_id=4164","title":{"rendered":"Unternehmen"},"content":{"rendered":"\n<h3 class=\"has-text-color has-text-align-center wp-block-heading\" style=\"color:#01b3ff\">Mach mit und werde teilnehmendes Unternehmen<\/h3>\n\n\n\n<hr class=\"wp-block-separator has-text-color has-background is-style-wide\" style=\"background-color:#0ab5ff;color:#0ab5ff\"\/>\n\n\n\n<div class=\"wp-block-image\"><figure class=\"aligncenter size-large\"><img loading=\"lazy\" decoding=\"async\" width=\"950\" height=\"475\" src=\"http:\/\/nachhaltige-crowdlogistik.org\/wp-content\/uploads\/2020\/05\/Lastenrad-auf-dem-Bremerhavener-Deich_2_n.jpg\" alt=\"\" class=\"wp-image-4206\" srcset=\"https:\/\/nachhaltige-crowdlogistik.org\/wp-content\/uploads\/2020\/05\/Lastenrad-auf-dem-Bremerhavener-Deich_2_n.jpg 950w, https:\/\/nachhaltige-crowdlogistik.org\/wp-content\/uploads\/2020\/05\/Lastenrad-auf-dem-Bremerhavener-Deich_2_n-300x150.jpg 300w, https:\/\/nachhaltige-crowdlogistik.org\/wp-content\/uploads\/2020\/05\/Lastenrad-auf-dem-Bremerhavener-Deich_2_n-768x384.jpg 768w\" sizes=\"(max-width: 950px) 100vw, 950px\" \/><\/figure><\/div>\n\n\n\n<p>Wir suchen f\u00fcr unser Projekt in der Pilotphase teilnehmende Unternehmen aus der Bremerhavener Innenstadt und angrenzender Quartiere, die mit unserem Konzept Sendungen innerhalb Bremerhavens verschicken m\u00f6chten.<\/p>\n\n\n\n<hr class=\"wp-block-separator has-text-color has-background has-grey-background-color has-grey-color is-style-wide\"\/>\n\n\n\n<p style=\"color:#08b5ff\" class=\"has-text-color\"><strong>Wir bieten<\/strong><\/p>\n\n\n\n<p>Wir bieten ihnen einen Pickup and Delivery Service im Innenstadtbereich mithilfe von elektrisch betriebenen Lastenr\u00e4dern. Das bedeutet, dass Sie \u00fcber eine App, die Ihnen zur Verf\u00fcgung gestellt wird, eine zeitnahe Abholung und Auslieferung einer Sendung anfordern k\u00f6nnen. Daf\u00fcr bieten wir Ihnen einen individuell abgestimmten Vertrag mit den Weser Eilboten, unserem Projektpartner, der gew\u00e4hrleistet, dass die Sendung in jedem Fall zugestellt wird. Die Lastenr\u00e4der werden in der Pilotphase von unserem Projektpartner Rytle bereitgestellt.<\/p>\n\n\n\n<hr class=\"wp-block-separator has-text-color has-background has-grey-background-color has-grey-color is-style-wide\"\/>\n\n\n\n<p style=\"color:#0cb6ff\" class=\"has-text-color\"><strong>Werbem\u00f6glichkeiten<\/strong><\/p>\n\n\n\n<p>Unser Projekt bietet Ihnen die M\u00f6glichkeit, mit nachhaltiger Lieferung zu werben. Dies geschieht \u00fcber verschiedene Wege:<br> <br><strong>1. Sticker auf den Sendungen<\/strong><br>Wir werden, falls erw\u00fcnscht, Sticker auf die Sendungen kleben, die den Empf\u00e4ngern die \u00f6kologischen Vorteile dieses Konzeptes n\u00e4herbringen. Beispielsweise.: \u201e84% weniger CO2 mit NaCl\u201c.<br><br><strong> 2. Werbefl\u00e4che auf BOX<\/strong><br>Sie haben die M\u00f6glichkeit, eine Werbefl\u00e4che auf unserer Transporteinheit (BOX) zu mieten. So k\u00f6nnen Sie au\u00dfenwirksam Ihre Unterst\u00fctzung nachhaltiger Projekte darstellen.<br><br><strong> 3. Plakate und Flyer zur Auslage<\/strong><br>Wir stellen Ihnen Werbemittel bereit, die Sie in Ihrem Unternehmen auslegen k\u00f6nnen, um unser Auslieferungskonzept zu erkl\u00e4ren und den Kunden n\u00e4herzubringen. So zeigen Sie, dass sie diese Form der klimafreundlichen Auslieferung anbieten.<br> <br><strong>4. Auftritt auf unserer Internetseite<\/strong><br>Sie werden, auf Wunsch, als teilnehmendes Unternehmen mit Logo und Verlinkung auf unserer Webseite aufgef\u00fchrt.<\/p>\n\n\n\n<hr class=\"wp-block-separator has-text-color has-background has-grey-background-color has-grey-color is-style-wide\"\/>\n\n\n\n<p style=\"color:#07b5ff\" class=\"has-text-color\"><strong>Welche Unternehmen k\u00f6nnen teilnehmen?<\/strong><\/p>\n\n\n\n<p>Teilnehmen k\u00f6nnen Bremerhavener Unternehmen, die innerhalb Bremerhavens Innenstadt und den angrenzenden Quartieren Produkte und Waren verschicken m\u00f6chten. Die Sendungen sollten mit einem Lastenrad transportierbar sein und g\u00e4ngige Formate und Gewichte nicht \u00fcberschreiten. <\/p>\n\n\n\n<hr class=\"wp-block-separator has-text-color has-background has-grey-background-color has-grey-color is-style-wide\"\/>\n\n\n\n<div class=\"wp-block-columns is-layout-flex wp-container-core-columns-is-layout-1 wp-block-columns-is-layout-flex\">\n<div class=\"wp-block-column is-vertically-aligned-center is-layout-flow wp-block-column-is-layout-flow\" style=\"flex-basis:66.66%\">\n<p><strong>Falls Sie interessiert sind, kontaktieren Sie uns <a href=\"http:\/\/nachhaltige-crowdlogistik.org\/?page_id=1719\">hier!<\/a><\/strong><\/p>\n<\/div>\n\n\n\n<div class=\"wp-block-column is-vertically-aligned-center is-layout-flow wp-block-column-is-layout-flow\" style=\"flex-basis:33.33%\">\n<div class=\"wp-block-image\"><figure class=\"alignleft size-large is-resized\"><a href=\"http:\/\/nachhaltige-crowdlogistik.org\/?page_id=1719\"><img loading=\"lazy\" decoding=\"async\" src=\"http:\/\/nachhaltige-crowdlogistik.org\/wp-content\/uploads\/2020\/05\/button_unter_150_px.png\" alt=\"\" class=\"wp-image-4196\" width=\"113\" height=\"110\"\/><\/a><\/figure><\/div>\n\n\n\n<p><\/p>\n<\/div>\n<\/div>\n\n\n\n<p style=\"color:#00b2ff\" class=\"has-text-color has-regular-font-size\"><br><strong>Ich mach mit:<\/strong><\/p>\n\n\n\n<hr class=\"wp-block-separator has-text-color has-background is-style-wide\" style=\"background-color:#03b3ff;color:#03b3ff\"\/>\n\n\n\n<div class=\"wp-block-columns is-layout-flex wp-container-core-columns-is-layout-8 wp-block-columns-is-layout-flex\">\n<div class=\"wp-block-column is-layout-flow wp-block-column-is-layout-flow\">\n<div class=\"wp-block-columns is-layout-flex wp-container-core-columns-is-layout-4 wp-block-columns-is-layout-flex\">\n<div class=\"wp-block-column is-layout-flow wp-block-column-is-layout-flow\">\n<div class=\"wp-block-columns is-layout-flex wp-container-core-columns-is-layout-2 wp-block-columns-is-layout-flex\">\n<div class=\"wp-block-column is-layout-flow wp-block-column-is-layout-flow\">\n<figure class=\"wp-block-image size-large\"><a href=\"https:\/\/rytle.de\/\" target=\"_blank\" rel=\"noopener noreferrer\"><img loading=\"lazy\" decoding=\"async\" width=\"140\" height=\"108\" src=\"http:\/\/nachhaltige-crowdlogistik.org\/wp-content\/uploads\/2020\/05\/csm_Icon_-_Rytle_3469e6e375.png\" alt=\"\" class=\"wp-image-4213\"\/><\/a><\/figure>\n\n\n\n<p><\/p>\n<\/div>\n\n\n\n<div class=\"wp-block-column is-layout-flow wp-block-column-is-layout-flow\">\n<figure class=\"wp-block-image size-large\"><a href=\"http:\/\/weser-eilboten.de\/\" target=\"_blank\" rel=\"noopener noreferrer\"><img loading=\"lazy\" decoding=\"async\" width=\"140\" height=\"52\" src=\"http:\/\/nachhaltige-crowdlogistik.org\/wp-content\/uploads\/2020\/05\/csm_Icon_-_Wesereilboten_f7c43f13ad.png\" alt=\"\" class=\"wp-image-4214\"\/><\/a><\/figure>\n\n\n\n<p><\/p>\n<\/div>\n<\/div>\n\n\n\n<p><\/p>\n<\/div>\n\n\n\n<div class=\"wp-block-column is-layout-flow wp-block-column-is-layout-flow\">\n<div class=\"wp-block-columns is-layout-flex wp-container-core-columns-is-layout-3 wp-block-columns-is-layout-flex\">\n<div class=\"wp-block-column is-layout-flow wp-block-column-is-layout-flow\">\n<figure class=\"wp-block-image size-large\"><a href=\"https:\/\/rytle.de\/\" target=\"_blank\" rel=\"noopener noreferrer\"><img loading=\"lazy\" decoding=\"async\" width=\"140\" height=\"108\" src=\"http:\/\/nachhaltige-crowdlogistik.org\/wp-content\/uploads\/2020\/05\/csm_Icon_-_Rytle_3469e6e375.png\" alt=\"\" class=\"wp-image-4213\"\/><\/a><\/figure>\n<\/div>\n\n\n\n<div class=\"wp-block-column is-layout-flow wp-block-column-is-layout-flow\">\n<figure class=\"wp-block-image size-large\"><a href=\"http:\/\/weser-eilboten.de\/\" target=\"_blank\" rel=\"noopener noreferrer\"><img loading=\"lazy\" decoding=\"async\" width=\"140\" height=\"52\" src=\"http:\/\/nachhaltige-crowdlogistik.org\/wp-content\/uploads\/2020\/05\/csm_Icon_-_Wesereilboten_f7c43f13ad.png\" alt=\"\" class=\"wp-image-4214\"\/><\/a><\/figure>\n<\/div>\n<\/div>\n\n\n\n<p><\/p>\n<\/div>\n<\/div>\n<\/div>\n\n\n\n<div class=\"wp-block-column is-layout-flow wp-block-column-is-layout-flow\">\n<div class=\"wp-block-columns is-layout-flex wp-container-core-columns-is-layout-7 wp-block-columns-is-layout-flex\">\n<div class=\"wp-block-column is-layout-flow wp-block-column-is-layout-flow\">\n<div class=\"wp-block-columns is-layout-flex wp-container-core-columns-is-layout-5 wp-block-columns-is-layout-flex\">\n<div class=\"wp-block-column is-layout-flow wp-block-column-is-layout-flow\">\n<figure class=\"wp-block-image size-large\"><a href=\"https:\/\/rytle.de\/\" target=\"_blank\" rel=\"noopener noreferrer\"><img loading=\"lazy\" decoding=\"async\" width=\"140\" height=\"108\" src=\"http:\/\/nachhaltige-crowdlogistik.org\/wp-content\/uploads\/2020\/05\/csm_Icon_-_Rytle_3469e6e375.png\" alt=\"\" class=\"wp-image-4213\"\/><\/a><\/figure>\n<\/div>\n\n\n\n<div class=\"wp-block-column is-layout-flow wp-block-column-is-layout-flow\">\n<figure class=\"wp-block-image size-large\"><a href=\"http:\/\/weser-eilboten.de\/\" target=\"_blank\" rel=\"noopener noreferrer\"><img loading=\"lazy\" decoding=\"async\" width=\"140\" height=\"52\" src=\"http:\/\/nachhaltige-crowdlogistik.org\/wp-content\/uploads\/2020\/05\/csm_Icon_-_Wesereilboten_f7c43f13ad.png\" alt=\"\" class=\"wp-image-4214\"\/><\/a><\/figure>\n<\/div>\n<\/div>\n<\/div>\n\n\n\n<div class=\"wp-block-column is-layout-flow wp-block-column-is-layout-flow\">\n<div class=\"wp-block-columns is-layout-flex wp-container-core-columns-is-layout-6 wp-block-columns-is-layout-flex\">\n<div class=\"wp-block-column is-layout-flow wp-block-column-is-layout-flow\">\n<figure class=\"wp-block-image size-large\"><a href=\"https:\/\/rytle.de\/\" target=\"_blank\" rel=\"noopener noreferrer\"><img loading=\"lazy\" decoding=\"async\" width=\"140\" height=\"108\" src=\"http:\/\/nachhaltige-crowdlogistik.org\/wp-content\/uploads\/2020\/05\/csm_Icon_-_Rytle_3469e6e375.png\" alt=\"\" class=\"wp-image-4213\"\/><\/a><\/figure>\n<\/div>\n\n\n\n<div class=\"wp-block-column is-layout-flow wp-block-column-is-layout-flow\">\n<figure class=\"wp-block-image size-large\"><a href=\"http:\/\/weser-eilboten.de\/\" target=\"_blank\" rel=\"noopener noreferrer\"><img loading=\"lazy\" decoding=\"async\" width=\"140\" height=\"52\" src=\"http:\/\/nachhaltige-crowdlogistik.org\/wp-content\/uploads\/2020\/05\/csm_Icon_-_Wesereilboten_f7c43f13ad.png\" alt=\"\" class=\"wp-image-4214\"\/><\/a><\/figure>\n<\/div>\n<\/div>\n<\/div>\n<\/div>\n<\/div>\n<\/div>\n\n\n\n<p><\/p>\n","protected":false},"excerpt":{"rendered":"<p>Mach mit und werde teilnehmendes Unternehmen Wir suchen f\u00fcr unser Projekt in der Pilotphase teilnehmende Unternehmen aus der Bremerhavener Innenstadt und angrenzender Quartiere, die mit unserem Konzept Sendungen innerhalb Bremerhavens verschicken m\u00f6chten. Wir bieten Wir &hellip; <a href=\"https:\/\/nachhaltige-crowdlogistik.org\/?page_id=4164\">Weiterlesen<\/a><\/p>\n","protected":false},"author":1,"featured_media":0,"parent":0,"menu_order":0,"comment_status":"closed","ping_status":"closed","template":"nosidebar.php","meta":{"footnotes":""},"yoast_head":"<!-- This site is optimized with the Yoast SEO plugin v22.6 - https:\/\/yoast.com\/wordpress\/plugins\/seo\/ -->\n<title>Unternehmen - NaCl<\/title>\n<meta name=\"robots\" content=\"index, follow, max-snippet:-1, max-image-preview:large, max-video-preview:-1\" \/>\n<link rel=\"canonical\" href=\"https:\/\/nachhaltige-crowdlogistik.org\/?page_id=4164\" \/>\n<meta property=\"og:locale\" content=\"de_DE\" \/>\n<meta property=\"og:type\" content=\"article\" \/>\n<meta property=\"og:title\" content=\"Unternehmen - NaCl\" \/>\n<meta property=\"og:description\" content=\"Mach mit und werde teilnehmendes Unternehmen Wir suchen f\u00fcr unser Projekt in der Pilotphase teilnehmende Unternehmen aus der Bremerhavener Innenstadt und angrenzender Quartiere, die mit unserem Konzept Sendungen innerhalb Bremerhavens verschicken m\u00f6chten. Wir bieten Wir &hellip; Weiterlesen\" \/>\n<meta property=\"og:url\" content=\"https:\/\/nachhaltige-crowdlogistik.org\/?page_id=4164\" \/>\n<meta property=\"og:site_name\" content=\"NaCl\" \/>\n<meta property=\"article:publisher\" content=\"https:\/\/www.facebook.com\/hsbremerhaven\" \/>\n<meta property=\"article:modified_time\" content=\"2020-06-23T12:12:21+00:00\" \/>\n<meta property=\"og:image\" content=\"http:\/\/nachhaltige-crowdlogistik.org\/wp-content\/uploads\/2020\/05\/Lastenrad-auf-dem-Bremerhavener-Deich_2_n.jpg\" \/>\n<meta name=\"twitter:card\" content=\"summary_large_image\" \/>\n<meta name=\"twitter:label1\" content=\"Gesch\u00e4tzte Lesezeit\" \/>\n\t<meta name=\"twitter:data1\" content=\"2\u00a0Minuten\" \/>\n<script type=\"application\/ld+json\" class=\"yoast-schema-graph\">{\"@context\":\"https:\/\/schema.org\",\"@graph\":[{\"@type\":\"WebPage\",\"@id\":\"https:\/\/nachhaltige-crowdlogistik.org\/?page_id=4164\",\"url\":\"https:\/\/nachhaltige-crowdlogistik.org\/?page_id=4164\",\"name\":\"Unternehmen - NaCl\",\"isPartOf\":{\"@id\":\"https:\/\/nachhaltige-crowdlogistik.org\/#website\"},\"primaryImageOfPage\":{\"@id\":\"https:\/\/nachhaltige-crowdlogistik.org\/?page_id=4164#primaryimage\"},\"image\":{\"@id\":\"https:\/\/nachhaltige-crowdlogistik.org\/?page_id=4164#primaryimage\"},\"thumbnailUrl\":\"http:\/\/nachhaltige-crowdlogistik.org\/wp-content\/uploads\/2020\/05\/Lastenrad-auf-dem-Bremerhavener-Deich_2_n.jpg\",\"datePublished\":\"2020-05-06T20:51:31+00:00\",\"dateModified\":\"2020-06-23T12:12:21+00:00\",\"breadcrumb\":{\"@id\":\"https:\/\/nachhaltige-crowdlogistik.org\/?page_id=4164#breadcrumb\"},\"inLanguage\":\"de\",\"potentialAction\":[{\"@type\":\"ReadAction\",\"target\":[\"https:\/\/nachhaltige-crowdlogistik.org\/?page_id=4164\"]}]},{\"@type\":\"ImageObject\",\"inLanguage\":\"de\",\"@id\":\"https:\/\/nachhaltige-crowdlogistik.org\/?page_id=4164#primaryimage\",\"url\":\"https:\/\/nachhaltige-crowdlogistik.org\/wp-content\/uploads\/2020\/05\/Lastenrad-auf-dem-Bremerhavener-Deich_2_n.jpg\",\"contentUrl\":\"https:\/\/nachhaltige-crowdlogistik.org\/wp-content\/uploads\/2020\/05\/Lastenrad-auf-dem-Bremerhavener-Deich_2_n.jpg\",\"width\":950,\"height\":475},{\"@type\":\"BreadcrumbList\",\"@id\":\"https:\/\/nachhaltige-crowdlogistik.org\/?page_id=4164#breadcrumb\",\"itemListElement\":[{\"@type\":\"ListItem\",\"position\":1,\"name\":\"Startseite\",\"item\":\"https:\/\/nachhaltige-crowdlogistik.org\/\"},{\"@type\":\"ListItem\",\"position\":2,\"name\":\"Unternehmen\"}]},{\"@type\":\"WebSite\",\"@id\":\"https:\/\/nachhaltige-crowdlogistik.org\/#website\",\"url\":\"https:\/\/nachhaltige-crowdlogistik.org\/\",\"name\":\"NaCl-Nachhaltige Crowdlogistik\",\"description\":\"Nachhaltige Crowdlogistik\",\"publisher\":{\"@id\":\"https:\/\/nachhaltige-crowdlogistik.org\/#organization\"},\"potentialAction\":[{\"@type\":\"SearchAction\",\"target\":{\"@type\":\"EntryPoint\",\"urlTemplate\":\"https:\/\/nachhaltige-crowdlogistik.org\/?s={search_term_string}\"},\"query-input\":\"required name=search_term_string\"}],\"inLanguage\":\"de\"},{\"@type\":\"Organization\",\"@id\":\"https:\/\/nachhaltige-crowdlogistik.org\/#organization\",\"name\":\"NaCl \u2013 Nachhaltige Crowdlogistik\",\"url\":\"https:\/\/nachhaltige-crowdlogistik.org\/\",\"logo\":{\"@type\":\"ImageObject\",\"inLanguage\":\"de\",\"@id\":\"https:\/\/nachhaltige-crowdlogistik.org\/#\/schema\/logo\/image\/\",\"url\":\"https:\/\/nachhaltige-crowdlogistik.org\/wp-content\/uploads\/2020\/04\/logo_2nnn_245.gif\",\"contentUrl\":\"https:\/\/nachhaltige-crowdlogistik.org\/wp-content\/uploads\/2020\/04\/logo_2nnn_245.gif\",\"width\":245,\"height\":86,\"caption\":\"NaCl \u2013 Nachhaltige Crowdlogistik\"},\"image\":{\"@id\":\"https:\/\/nachhaltige-crowdlogistik.org\/#\/schema\/logo\/image\/\"},\"sameAs\":[\"https:\/\/www.facebook.com\/hsbremerhaven\",\"https:\/\/www.instagram.com\/nachhaltige.crowdlogistik\/\"]}]}<\/script>\n<!-- \/ Yoast SEO plugin. -->","yoast_head_json":{"title":"Unternehmen - NaCl","robots":{"index":"index","follow":"follow","max-snippet":"max-snippet:-1","max-image-preview":"max-image-preview:large","max-video-preview":"max-video-preview:-1"},"canonical":"https:\/\/nachhaltige-crowdlogistik.org\/?page_id=4164","og_locale":"de_DE","og_type":"article","og_title":"Unternehmen - NaCl","og_description":"Mach mit und werde teilnehmendes Unternehmen Wir suchen f\u00fcr unser Projekt in der Pilotphase teilnehmende Unternehmen aus der Bremerhavener Innenstadt und angrenzender Quartiere, die mit unserem Konzept Sendungen innerhalb Bremerhavens verschicken m\u00f6chten. Wir bieten Wir &hellip; Weiterlesen","og_url":"https:\/\/nachhaltige-crowdlogistik.org\/?page_id=4164","og_site_name":"NaCl","article_publisher":"https:\/\/www.facebook.com\/hsbremerhaven","article_modified_time":"2020-06-23T12:12:21+00:00","og_image":[{"url":"http:\/\/nachhaltige-crowdlogistik.org\/wp-content\/uploads\/2020\/05\/Lastenrad-auf-dem-Bremerhavener-Deich_2_n.jpg"}],"twitter_card":"summary_large_image","twitter_misc":{"Gesch\u00e4tzte Lesezeit":"2\u00a0Minuten"},"schema":{"@context":"https:\/\/schema.org","@graph":[{"@type":"WebPage","@id":"https:\/\/nachhaltige-crowdlogistik.org\/?page_id=4164","url":"https:\/\/nachhaltige-crowdlogistik.org\/?page_id=4164","name":"Unternehmen - NaCl","isPartOf":{"@id":"https:\/\/nachhaltige-crowdlogistik.org\/#website"},"primaryImageOfPage":{"@id":"https:\/\/nachhaltige-crowdlogistik.org\/?page_id=4164#primaryimage"},"image":{"@id":"https:\/\/nachhaltige-crowdlogistik.org\/?page_id=4164#primaryimage"},"thumbnailUrl":"http:\/\/nachhaltige-crowdlogistik.org\/wp-content\/uploads\/2020\/05\/Lastenrad-auf-dem-Bremerhavener-Deich_2_n.jpg","datePublished":"2020-05-06T20:51:31+00:00","dateModified":"2020-06-23T12:12:21+00:00","breadcrumb":{"@id":"https:\/\/nachhaltige-crowdlogistik.org\/?page_id=4164#breadcrumb"},"inLanguage":"de","potentialAction":[{"@type":"ReadAction","target":["https:\/\/nachhaltige-crowdlogistik.org\/?page_id=4164"]}]},{"@type":"ImageObject","inLanguage":"de","@id":"https:\/\/nachhaltige-crowdlogistik.org\/?page_id=4164#primaryimage","url":"https:\/\/nachhaltige-crowdlogistik.org\/wp-content\/uploads\/2020\/05\/Lastenrad-auf-dem-Bremerhavener-Deich_2_n.jpg","contentUrl":"https:\/\/nachhaltige-crowdlogistik.org\/wp-content\/uploads\/2020\/05\/Lastenrad-auf-dem-Bremerhavener-Deich_2_n.jpg","width":950,"height":475},{"@type":"BreadcrumbList","@id":"https:\/\/nachhaltige-crowdlogistik.org\/?page_id=4164#breadcrumb","itemListElement":[{"@type":"ListItem","position":1,"name":"Startseite","item":"https:\/\/nachhaltige-crowdlogistik.org\/"},{"@type":"ListItem","position":2,"name":"Unternehmen"}]},{"@type":"WebSite","@id":"https:\/\/nachhaltige-crowdlogistik.org\/#website","url":"https:\/\/nachhaltige-crowdlogistik.org\/","name":"NaCl-Nachhaltige Crowdlogistik","description":"Nachhaltige Crowdlogistik","publisher":{"@id":"https:\/\/nachhaltige-crowdlogistik.org\/#organization"},"potentialAction":[{"@type":"SearchAction","target":{"@type":"EntryPoint","urlTemplate":"https:\/\/nachhaltige-crowdlogistik.org\/?s={search_term_string}"},"query-input":"required name=search_term_string"}],"inLanguage":"de"},{"@type":"Organization","@id":"https:\/\/nachhaltige-crowdlogistik.org\/#organization","name":"NaCl \u2013 Nachhaltige Crowdlogistik","url":"https:\/\/nachhaltige-crowdlogistik.org\/","logo":{"@type":"ImageObject","inLanguage":"de","@id":"https:\/\/nachhaltige-crowdlogistik.org\/#\/schema\/logo\/image\/","url":"https:\/\/nachhaltige-crowdlogistik.org\/wp-content\/uploads\/2020\/04\/logo_2nnn_245.gif","contentUrl":"https:\/\/nachhaltige-crowdlogistik.org\/wp-content\/uploads\/2020\/04\/logo_2nnn_245.gif","width":245,"height":86,"caption":"NaCl \u2013 Nachhaltige Crowdlogistik"},"image":{"@id":"https:\/\/nachhaltige-crowdlogistik.org\/#\/schema\/logo\/image\/"},"sameAs":["https:\/\/www.facebook.com\/hsbremerhaven","https:\/\/www.instagram.com\/nachhaltige.crowdlogistik\/"]}]}},"jetpack_sharing_enabled":true,"_links":{"self":[{"href":"https:\/\/nachhaltige-crowdlogistik.org\/index.php?rest_route=\/wp\/v2\/pages\/4164"}],"collection":[{"href":"https:\/\/nachhaltige-crowdlogistik.org\/index.php?rest_route=\/wp\/v2\/pages"}],"about":[{"href":"https:\/\/nachhaltige-crowdlogistik.org\/index.php?rest_route=\/wp\/v2\/types\/page"}],"author":[{"embeddable":true,"href":"https:\/\/nachhaltige-crowdlogistik.org\/index.php?rest_route=\/wp\/v2\/users\/1"}],"replies":[{"embeddable":true,"href":"https:\/\/nachhaltige-crowdlogistik.org\/index.php?rest_route=%2Fwp%2Fv2%2Fcomments&post=4164"}],"version-history":[{"count":29,"href":"https:\/\/nachhaltige-crowdlogistik.org\/index.php?rest_route=\/wp\/v2\/pages\/4164\/revisions"}],"predecessor-version":[{"id":4788,"href":"https:\/\/nachhaltige-crowdlogistik.org\/index.php?rest_route=\/wp\/v2\/pages\/4164\/revisions\/4788"}],"wp:attachment":[{"href":"https:\/\/nachhaltige-crowdlogistik.org\/index.php?rest_route=%2Fwp%2Fv2%2Fmedia&parent=4164"}],"curies":[{"name":"wp","href":"https:\/\/api.w.org\/{rel}","templated":true}]}}