{"id":4238,"date":"2020-05-13T08:05:08","date_gmt":"2020-05-13T08:05:08","guid":{"rendered":"http:\/\/nachhaltige-crowdlogistik.org\/?page_id=4238"},"modified":"2020-06-29T08:47:48","modified_gmt":"2020-06-29T08:47:48","slug":"machmit","status":"publish","type":"page","link":"https:\/\/nachhaltige-crowdlogistik.org\/?page_id=4238","title":{"rendered":"MachMit"},"content":{"rendered":"\n<h3 class=\"has-text-color has-text-align-center wp-block-heading\" style=\"color:#02b3ff\">MachMit und unterst\u00fctzen Sie unser Projekt!<\/h3>\n\n\n\n<hr class=\"wp-block-separator has-text-color has-background is-style-wide\" style=\"background-color:#04b4ff;color:#04b4ff\"\/>\n\n\n\n<p>Dieses Projekt ist in hohem Ma\u00dfe davon abh\u00e4ngig, dass Unternehmen und Studierende daran teilnehmen. Deshalb steht unser Projekt allen Interessierten offen.<\/p>\n\n\n\n<p>Studierende, die einen spannenden und nachhaltigen Nebenjob suchen, k\u00f6nnen sich hier als CrowdWorker bewerben und so dieses Projekt mit Leben f\u00fcllen!<\/p>\n\n\n\n<p>Sind Sie ein Bremerhavener Unternehmen und interessieren Sie sich f\u00fcr dieses nachhaltige Konzept der Auslieferung? Dann freuen wir uns auf eine Zusammenarbeit mit Ihnen! <\/p>\n\n\n\n<p style=\"color:#05b4ff\" class=\"has-text-color has-text-align-center\">Genaueres zu einer Teilnahme erfahren Sie hier:<\/p>\n\n\n\n<hr class=\"wp-block-separator has-text-color has-background is-style-wide\" style=\"background-color:#0cb6ff;color:#0cb6ff\"\/>\n\n\n\n<div class=\"wp-block-columns is-layout-flex wp-container-core-columns-is-layout-1 wp-block-columns-is-layout-flex\">\n<div class=\"wp-block-column is-layout-flow wp-block-column-is-layout-flow\">\n<figure class=\"wp-block-image size-large\"><img loading=\"lazy\" decoding=\"async\" width=\"900\" height=\"454\" src=\"http:\/\/nachhaltige-crowdlogistik.org\/wp-content\/uploads\/2020\/05\/machmit-bild-crowdworker.jpg\" alt=\"\" class=\"wp-image-4151\" srcset=\"https:\/\/nachhaltige-crowdlogistik.org\/wp-content\/uploads\/2020\/05\/machmit-bild-crowdworker.jpg 900w, https:\/\/nachhaltige-crowdlogistik.org\/wp-content\/uploads\/2020\/05\/machmit-bild-crowdworker-300x151.jpg 300w, https:\/\/nachhaltige-crowdlogistik.org\/wp-content\/uploads\/2020\/05\/machmit-bild-crowdworker-768x387.jpg 768w\" sizes=\"(max-width: 900px) 100vw, 900px\" \/><\/figure>\n\n\n\n<p style=\"color:#09b5ff\" class=\"has-text-color has-text-align-center\"><a href=\"http:\/\/nachhaltige-crowdlogistik.org\/?page_id=4150\">CrowdWorker werden<\/a><\/p>\n<\/div>\n\n\n\n<div class=\"wp-block-column is-layout-flow wp-block-column-is-layout-flow\">\n<figure class=\"wp-block-image size-large\"><img loading=\"lazy\" decoding=\"async\" width=\"900\" height=\"454\" src=\"http:\/\/nachhaltige-crowdlogistik.org\/wp-content\/uploads\/2020\/05\/machmit-bild-unternehmen_2.jpg\" alt=\"\" class=\"wp-image-4256\" srcset=\"https:\/\/nachhaltige-crowdlogistik.org\/wp-content\/uploads\/2020\/05\/machmit-bild-unternehmen_2.jpg 900w, https:\/\/nachhaltige-crowdlogistik.org\/wp-content\/uploads\/2020\/05\/machmit-bild-unternehmen_2-300x151.jpg 300w, https:\/\/nachhaltige-crowdlogistik.org\/wp-content\/uploads\/2020\/05\/machmit-bild-unternehmen_2-768x387.jpg 768w\" sizes=\"(max-width: 900px) 100vw, 900px\" \/><\/figure>\n\n\n\n<p style=\"color:#0ab5ff\" class=\"has-text-color has-text-align-center\"><a href=\"http:\/\/nachhaltige-crowdlogistik.org\/?page_id=4164\">NaCl Unternehmen werden<\/a><\/p>\n<\/div>\n<\/div>\n\n\n\n<div class=\"wp-block-columns is-layout-flex wp-container-core-columns-is-layout-2 wp-block-columns-is-layout-flex\">\n<div class=\"wp-block-column is-layout-flow wp-block-column-is-layout-flow\">\n<div class=\"wp-block-image\"><figure class=\"aligncenter size-large is-resized\"><a href=\"http:\/\/nachhaltige-crowdlogistik.org\/?page_id=4150\"><img loading=\"lazy\" decoding=\"async\" src=\"http:\/\/nachhaltige-crowdlogistik.org\/wp-content\/uploads\/2020\/05\/crowdworker_150_px.png\" alt=\"\" class=\"wp-image-4172\" width=\"150\" height=\"146\"\/><\/a><\/figure><\/div>\n<\/div>\n\n\n\n<div class=\"wp-block-column is-layout-flow wp-block-column-is-layout-flow\">\n<div class=\"wp-block-image\"><figure class=\"aligncenter size-large is-resized\"><a href=\"http:\/\/nachhaltige-crowdlogistik.org\/?page_id=4164\"><img loading=\"lazy\" decoding=\"async\" src=\"http:\/\/nachhaltige-crowdlogistik.org\/wp-content\/uploads\/2020\/05\/button_unter_150_px.png\" alt=\"\" class=\"wp-image-4196\" width=\"150\" height=\"146\"\/><\/a><\/figure><\/div>\n<\/div>\n<\/div>\n","protected":false},"excerpt":{"rendered":"<p>MachMit und unterst\u00fctzen Sie unser Projekt! Dieses Projekt ist in hohem Ma\u00dfe davon abh\u00e4ngig, dass Unternehmen und Studierende daran teilnehmen. Deshalb steht unser Projekt allen Interessierten offen. Studierende, die einen spannenden und nachhaltigen Nebenjob suchen, &hellip; <a href=\"https:\/\/nachhaltige-crowdlogistik.org\/?page_id=4238\">Weiterlesen<\/a><\/p>\n","protected":false},"author":1,"featured_media":0,"parent":0,"menu_order":0,"comment_status":"closed","ping_status":"closed","template":"nosidebar.php","meta":{"footnotes":""},"yoast_head":"<!-- This site is optimized with the Yoast SEO plugin v22.6 - https:\/\/yoast.com\/wordpress\/plugins\/seo\/ -->\n<title>MachMit - NaCl<\/title>\n<meta name=\"robots\" content=\"index, follow, max-snippet:-1, max-image-preview:large, max-video-preview:-1\" \/>\n<link rel=\"canonical\" href=\"https:\/\/nachhaltige-crowdlogistik.org\/?page_id=4238\" \/>\n<meta property=\"og:locale\" content=\"de_DE\" \/>\n<meta property=\"og:type\" content=\"article\" \/>\n<meta property=\"og:title\" content=\"MachMit - NaCl\" \/>\n<meta property=\"og:description\" content=\"MachMit und unterst\u00fctzen Sie unser Projekt! Dieses Projekt ist in hohem Ma\u00dfe davon abh\u00e4ngig, dass Unternehmen und Studierende daran teilnehmen. Deshalb steht unser Projekt allen Interessierten offen. Studierende, die einen spannenden und nachhaltigen Nebenjob suchen, &hellip; Weiterlesen\" \/>\n<meta property=\"og:url\" content=\"https:\/\/nachhaltige-crowdlogistik.org\/?page_id=4238\" \/>\n<meta property=\"og:site_name\" content=\"NaCl\" \/>\n<meta property=\"article:publisher\" content=\"https:\/\/www.facebook.com\/hsbremerhaven\" \/>\n<meta property=\"article:modified_time\" content=\"2020-06-29T08:47:48+00:00\" \/>\n<meta property=\"og:image\" content=\"http:\/\/nachhaltige-crowdlogistik.org\/wp-content\/uploads\/2020\/05\/machmit-bild-crowdworker.jpg\" \/>\n<meta name=\"twitter:card\" content=\"summary_large_image\" \/>\n<script type=\"application\/ld+json\" class=\"yoast-schema-graph\">{\"@context\":\"https:\/\/schema.org\",\"@graph\":[{\"@type\":\"WebPage\",\"@id\":\"https:\/\/nachhaltige-crowdlogistik.org\/?page_id=4238\",\"url\":\"https:\/\/nachhaltige-crowdlogistik.org\/?page_id=4238\",\"name\":\"MachMit - NaCl\",\"isPartOf\":{\"@id\":\"https:\/\/nachhaltige-crowdlogistik.org\/#website\"},\"primaryImageOfPage\":{\"@id\":\"https:\/\/nachhaltige-crowdlogistik.org\/?page_id=4238#primaryimage\"},\"image\":{\"@id\":\"https:\/\/nachhaltige-crowdlogistik.org\/?page_id=4238#primaryimage\"},\"thumbnailUrl\":\"http:\/\/nachhaltige-crowdlogistik.org\/wp-content\/uploads\/2020\/05\/machmit-bild-crowdworker.jpg\",\"datePublished\":\"2020-05-13T08:05:08+00:00\",\"dateModified\":\"2020-06-29T08:47:48+00:00\",\"breadcrumb\":{\"@id\":\"https:\/\/nachhaltige-crowdlogistik.org\/?page_id=4238#breadcrumb\"},\"inLanguage\":\"de\",\"potentialAction\":[{\"@type\":\"ReadAction\",\"target\":[\"https:\/\/nachhaltige-crowdlogistik.org\/?page_id=4238\"]}]},{\"@type\":\"ImageObject\",\"inLanguage\":\"de\",\"@id\":\"https:\/\/nachhaltige-crowdlogistik.org\/?page_id=4238#primaryimage\",\"url\":\"https:\/\/nachhaltige-crowdlogistik.org\/wp-content\/uploads\/2020\/05\/machmit-bild-crowdworker.jpg\",\"contentUrl\":\"https:\/\/nachhaltige-crowdlogistik.org\/wp-content\/uploads\/2020\/05\/machmit-bild-crowdworker.jpg\",\"width\":900,\"height\":454},{\"@type\":\"BreadcrumbList\",\"@id\":\"https:\/\/nachhaltige-crowdlogistik.org\/?page_id=4238#breadcrumb\",\"itemListElement\":[{\"@type\":\"ListItem\",\"position\":1,\"name\":\"Startseite\",\"item\":\"https:\/\/nachhaltige-crowdlogistik.org\/\"},{\"@type\":\"ListItem\",\"position\":2,\"name\":\"MachMit\"}]},{\"@type\":\"WebSite\",\"@id\":\"https:\/\/nachhaltige-crowdlogistik.org\/#website\",\"url\":\"https:\/\/nachhaltige-crowdlogistik.org\/\",\"name\":\"NaCl-Nachhaltige Crowdlogistik\",\"description\":\"Nachhaltige Crowdlogistik\",\"publisher\":{\"@id\":\"https:\/\/nachhaltige-crowdlogistik.org\/#organization\"},\"potentialAction\":[{\"@type\":\"SearchAction\",\"target\":{\"@type\":\"EntryPoint\",\"urlTemplate\":\"https:\/\/nachhaltige-crowdlogistik.org\/?s={search_term_string}\"},\"query-input\":\"required name=search_term_string\"}],\"inLanguage\":\"de\"},{\"@type\":\"Organization\",\"@id\":\"https:\/\/nachhaltige-crowdlogistik.org\/#organization\",\"name\":\"NaCl \u2013 Nachhaltige Crowdlogistik\",\"url\":\"https:\/\/nachhaltige-crowdlogistik.org\/\",\"logo\":{\"@type\":\"ImageObject\",\"inLanguage\":\"de\",\"@id\":\"https:\/\/nachhaltige-crowdlogistik.org\/#\/schema\/logo\/image\/\",\"url\":\"https:\/\/nachhaltige-crowdlogistik.org\/wp-content\/uploads\/2020\/04\/logo_2nnn_245.gif\",\"contentUrl\":\"https:\/\/nachhaltige-crowdlogistik.org\/wp-content\/uploads\/2020\/04\/logo_2nnn_245.gif\",\"width\":245,\"height\":86,\"caption\":\"NaCl \u2013 Nachhaltige Crowdlogistik\"},\"image\":{\"@id\":\"https:\/\/nachhaltige-crowdlogistik.org\/#\/schema\/logo\/image\/\"},\"sameAs\":[\"https:\/\/www.facebook.com\/hsbremerhaven\",\"https:\/\/www.instagram.com\/nachhaltige.crowdlogistik\/\"]}]}<\/script>\n<!-- \/ Yoast SEO plugin. -->","yoast_head_json":{"title":"MachMit - NaCl","robots":{"index":"index","follow":"follow","max-snippet":"max-snippet:-1","max-image-preview":"max-image-preview:large","max-video-preview":"max-video-preview:-1"},"canonical":"https:\/\/nachhaltige-crowdlogistik.org\/?page_id=4238","og_locale":"de_DE","og_type":"article","og_title":"MachMit - NaCl","og_description":"MachMit und unterst\u00fctzen Sie unser Projekt! Dieses Projekt ist in hohem Ma\u00dfe davon abh\u00e4ngig, dass Unternehmen und Studierende daran teilnehmen. Deshalb steht unser Projekt allen Interessierten offen. Studierende, die einen spannenden und nachhaltigen Nebenjob suchen, &hellip; Weiterlesen","og_url":"https:\/\/nachhaltige-crowdlogistik.org\/?page_id=4238","og_site_name":"NaCl","article_publisher":"https:\/\/www.facebook.com\/hsbremerhaven","article_modified_time":"2020-06-29T08:47:48+00:00","og_image":[{"url":"http:\/\/nachhaltige-crowdlogistik.org\/wp-content\/uploads\/2020\/05\/machmit-bild-crowdworker.jpg"}],"twitter_card":"summary_large_image","schema":{"@context":"https:\/\/schema.org","@graph":[{"@type":"WebPage","@id":"https:\/\/nachhaltige-crowdlogistik.org\/?page_id=4238","url":"https:\/\/nachhaltige-crowdlogistik.org\/?page_id=4238","name":"MachMit - NaCl","isPartOf":{"@id":"https:\/\/nachhaltige-crowdlogistik.org\/#website"},"primaryImageOfPage":{"@id":"https:\/\/nachhaltige-crowdlogistik.org\/?page_id=4238#primaryimage"},"image":{"@id":"https:\/\/nachhaltige-crowdlogistik.org\/?page_id=4238#primaryimage"},"thumbnailUrl":"http:\/\/nachhaltige-crowdlogistik.org\/wp-content\/uploads\/2020\/05\/machmit-bild-crowdworker.jpg","datePublished":"2020-05-13T08:05:08+00:00","dateModified":"2020-06-29T08:47:48+00:00","breadcrumb":{"@id":"https:\/\/nachhaltige-crowdlogistik.org\/?page_id=4238#breadcrumb"},"inLanguage":"de","potentialAction":[{"@type":"ReadAction","target":["https:\/\/nachhaltige-crowdlogistik.org\/?page_id=4238"]}]},{"@type":"ImageObject","inLanguage":"de","@id":"https:\/\/nachhaltige-crowdlogistik.org\/?page_id=4238#primaryimage","url":"https:\/\/nachhaltige-crowdlogistik.org\/wp-content\/uploads\/2020\/05\/machmit-bild-crowdworker.jpg","contentUrl":"https:\/\/nachhaltige-crowdlogistik.org\/wp-content\/uploads\/2020\/05\/machmit-bild-crowdworker.jpg","width":900,"height":454},{"@type":"BreadcrumbList","@id":"https:\/\/nachhaltige-crowdlogistik.org\/?page_id=4238#breadcrumb","itemListElement":[{"@type":"ListItem","position":1,"name":"Startseite","item":"https:\/\/nachhaltige-crowdlogistik.org\/"},{"@type":"ListItem","position":2,"name":"MachMit"}]},{"@type":"WebSite","@id":"https:\/\/nachhaltige-crowdlogistik.org\/#website","url":"https:\/\/nachhaltige-crowdlogistik.org\/","name":"NaCl-Nachhaltige Crowdlogistik","description":"Nachhaltige Crowdlogistik","publisher":{"@id":"https:\/\/nachhaltige-crowdlogistik.org\/#organization"},"potentialAction":[{"@type":"SearchAction","target":{"@type":"EntryPoint","urlTemplate":"https:\/\/nachhaltige-crowdlogistik.org\/?s={search_term_string}"},"query-input":"required name=search_term_string"}],"inLanguage":"de"},{"@type":"Organization","@id":"https:\/\/nachhaltige-crowdlogistik.org\/#organization","name":"NaCl \u2013 Nachhaltige Crowdlogistik","url":"https:\/\/nachhaltige-crowdlogistik.org\/","logo":{"@type":"ImageObject","inLanguage":"de","@id":"https:\/\/nachhaltige-crowdlogistik.org\/#\/schema\/logo\/image\/","url":"https:\/\/nachhaltige-crowdlogistik.org\/wp-content\/uploads\/2020\/04\/logo_2nnn_245.gif","contentUrl":"https:\/\/nachhaltige-crowdlogistik.org\/wp-content\/uploads\/2020\/04\/logo_2nnn_245.gif","width":245,"height":86,"caption":"NaCl \u2013 Nachhaltige Crowdlogistik"},"image":{"@id":"https:\/\/nachhaltige-crowdlogistik.org\/#\/schema\/logo\/image\/"},"sameAs":["https:\/\/www.facebook.com\/hsbremerhaven","https:\/\/www.instagram.com\/nachhaltige.crowdlogistik\/"]}]}},"jetpack_sharing_enabled":true,"_links":{"self":[{"href":"https:\/\/nachhaltige-crowdlogistik.org\/index.php?rest_route=\/wp\/v2\/pages\/4238"}],"collection":[{"href":"https:\/\/nachhaltige-crowdlogistik.org\/index.php?rest_route=\/wp\/v2\/pages"}],"about":[{"href":"https:\/\/nachhaltige-crowdlogistik.org\/index.php?rest_route=\/wp\/v2\/types\/page"}],"author":[{"embeddable":true,"href":"https:\/\/nachhaltige-crowdlogistik.org\/index.php?rest_route=\/wp\/v2\/users\/1"}],"replies":[{"embeddable":true,"href":"https:\/\/nachhaltige-crowdlogistik.org\/index.php?rest_route=%2Fwp%2Fv2%2Fcomments&post=4238"}],"version-history":[{"count":11,"href":"https:\/\/nachhaltige-crowdlogistik.org\/index.php?rest_route=\/wp\/v2\/pages\/4238\/revisions"}],"predecessor-version":[{"id":4799,"href":"https:\/\/nachhaltige-crowdlogistik.org\/index.php?rest_route=\/wp\/v2\/pages\/4238\/revisions\/4799"}],"wp:attachment":[{"href":"https:\/\/nachhaltige-crowdlogistik.org\/index.php?rest_route=%2Fwp%2Fv2%2Fmedia&parent=4238"}],"curies":[{"name":"wp","href":"https:\/\/api.w.org\/{rel}","templated":true}]}}