{"id":4374,"date":"2020-05-21T08:24:30","date_gmt":"2020-05-21T08:24:30","guid":{"rendered":"http:\/\/nachhaltige-crowdlogistik.org\/?page_id=4374"},"modified":"2020-06-29T08:44:37","modified_gmt":"2020-06-29T08:44:37","slug":"unser-logistikkonzept","status":"publish","type":"page","link":"https:\/\/nachhaltige-crowdlogistik.org\/?page_id=4374","title":{"rendered":"Unser Logistikkonzept"},"content":{"rendered":"\n<h2 class=\"has-text-color has-text-align-left wp-block-heading\" style=\"color:#0bb6ff\">RYTLE Komponenten:<\/h2>\n\n\n\n<hr class=\"wp-block-separator has-text-color has-background is-style-wide\" style=\"background-color:#00b2ff;color:#00b2ff\"\/>\n\n\n\n<p class=\"has-text-align-left has-regular-font-size\"><strong>Die innovative Logistikl\u00f6sung von RYTLE umfasst die Komponenten:<\/strong><br><br><strong>MovR und Triliner:<\/strong> Profi E-Lastenfahrr\u00e4der<br><strong>BOX:<\/strong> Wechselbarer Transportbeh\u00e4lter<br><strong>HUB:<\/strong> Mikrodepot (ebenerdige Wechselbr\u00fccke)<br><strong>Driver-\/Customer-App:<\/strong> Vernetzung MovR, BOX, HUB, Kunde, Disponent &amp; Fahrer<\/p>\n\n\n\n<div style=\"height:20px\" aria-hidden=\"true\" class=\"wp-block-spacer\"><\/div>\n\n\n\n<h3 class=\"has-text-color wp-block-heading\" style=\"color:#10b7ff\">MovR und Triliner<\/h3>\n\n\n\n<hr class=\"wp-block-separator has-text-color has-background is-style-wide\" style=\"background-color:#08b5ff;color:#08b5ff\"\/>\n\n\n\n<div class=\"wp-block-columns has-background has-light-grey-background-color is-layout-flex wp-container-core-columns-is-layout-1 wp-block-columns-is-layout-flex\">\n<div class=\"wp-block-column is-layout-flow wp-block-column-is-layout-flow\" style=\"flex-basis:66.66%\">\n<p>MovR und Triliner sind Profi E-Lastenfahrr\u00e4der mit Ladeaufnahme. Sie sorgen f\u00fcr eine schnelle und sichere Fortbewegung im Kuriernetzwerk und k\u00f6nnen auf engstem Raum rangiert werden. Zus\u00e4tzlich kann der Fahrer durch eine spezielle Rahmenkonstruktion besonders leicht absteigen und wird bei dem MovR vor Witterungseinfl\u00fcssen gesch\u00fctzt. Der MovR und der Triliner arbeiten nahezu schadstofffrei. Zudem wird f\u00fcr die Lastenfahrr\u00e4der kein F\u00fchrerschein ben\u00f6tigt.<\/p>\n<\/div>\n\n\n\n<div class=\"wp-block-column is-layout-flow wp-block-column-is-layout-flow\" style=\"flex-basis:33.33%\">\n<div class=\"wp-block-image\"><figure class=\"alignright size-large\"><img loading=\"lazy\" decoding=\"async\" width=\"140\" height=\"110\" src=\"http:\/\/nachhaltige-crowdlogistik.org\/wp-content\/uploads\/2020\/05\/csm_ICON_MOVR_CI-schwarz_3eda577b13.png\" alt=\"\" class=\"wp-image-4385\"\/><\/figure><\/div>\n\n\n\n<p><\/p>\n<\/div>\n<\/div>\n\n\n\n<h3 class=\"has-text-color wp-block-heading\" style=\"color:#10b7ff\">BOX<\/h3>\n\n\n\n<hr class=\"wp-block-separator has-text-color has-background is-style-wide\" style=\"background-color:#08b5ff;color:#08b5ff\"\/>\n\n\n\n<div class=\"wp-block-columns has-background has-light-grey-background-color is-layout-flex wp-container-core-columns-is-layout-2 wp-block-columns-is-layout-flex\">\n<div class=\"wp-block-column is-layout-flow wp-block-column-is-layout-flow\" style=\"flex-basis:66.66%\">\n<p>Der wechselbare Transportbeh\u00e4lter wird vom Logistikdienstleister fertig mit P\u00e4ckchen, Paketen und anderem St\u00fcckgut bepackt und stellt das Bindeglied zwischen HUB und MovR dar. Die MovR-Fahrerin bzw. der Fahrer nimmt die BOX samt Inhalt zur Auslieferung auf und transportiert die Waren auf der letzten Meile sowohl schnell als auch \u00f6kologisch.<\/p>\n<\/div>\n\n\n\n<div class=\"wp-block-column is-layout-flow wp-block-column-is-layout-flow\" style=\"flex-basis:33.33%\">\n<div class=\"wp-block-image\"><figure class=\"alignright size-large\"><img loading=\"lazy\" decoding=\"async\" width=\"140\" height=\"203\" src=\"http:\/\/nachhaltige-crowdlogistik.org\/wp-content\/uploads\/2020\/05\/csm_ICON_BOX_CI-schwarz_e36c27b147.png\" alt=\"\" class=\"wp-image-4386\"\/><\/figure><\/div>\n\n\n\n<p><\/p>\n<\/div>\n<\/div>\n\n\n\n<h3 class=\"has-text-color wp-block-heading\" style=\"color:#10b7ff\">HUB<\/h3>\n\n\n\n<hr class=\"wp-block-separator has-text-color has-background is-style-wide\" style=\"background-color:#08b5ff;color:#08b5ff\"\/>\n\n\n\n<div class=\"wp-block-columns has-background has-light-grey-background-color is-layout-flex wp-container-core-columns-is-layout-3 wp-block-columns-is-layout-flex\">\n<div class=\"wp-block-column is-layout-flow wp-block-column-is-layout-flow\" style=\"flex-basis:66.66%\">\n<p>Das HUB zeichnet sich als mobiles Depot durch den geringen Platzbedarf aus und l\u00e4sst sich sowohl wirtschaftlich als auch \u00f6kologisch in das Stadtbild integrieren. Aufgrund des neuartigen Designs nehmen die von RYTLE designten HUBs weniger Raum ein. Der HUB ist mittels hydraulischer St\u00fctzen absenkbar und bietet erleichterten Zugang zu den Sendungen. Hubs k\u00f6nnen bedarfsgerecht aufgestellt werden und integrieren sich nahtlos in das RYTLE-System. Dieses besteht optional aus jeweils einem HUB mit neun vorkonfektionierten Boxen.<\/p>\n<\/div>\n\n\n\n<div class=\"wp-block-column is-layout-flow wp-block-column-is-layout-flow\" style=\"flex-basis:33.33%\">\n<div class=\"wp-block-image\"><figure class=\"alignright size-large\"><img loading=\"lazy\" decoding=\"async\" width=\"140\" height=\"140\" src=\"http:\/\/nachhaltige-crowdlogistik.org\/wp-content\/uploads\/2020\/05\/csm_ICON_HUB_CI-schwarz_9badc626f6.png\" alt=\"\" class=\"wp-image-4387\"\/><\/figure><\/div>\n\n\n\n<p><\/p>\n<\/div>\n<\/div>\n\n\n\n<h3 class=\"has-text-color wp-block-heading\" style=\"color:#10b7ff\">Driver-\/Customer-App<\/h3>\n\n\n\n<hr class=\"wp-block-separator has-text-color has-background is-style-wide\" style=\"background-color:#08b5ff;color:#08b5ff\"\/>\n\n\n\n<div class=\"wp-block-columns has-background has-light-grey-background-color is-layout-flex wp-container-core-columns-is-layout-4 wp-block-columns-is-layout-flex\">\n<div class=\"wp-block-column is-layout-flow wp-block-column-is-layout-flow\" style=\"flex-basis:66.66%\">\n<p>Das digitale Informationssystem muss auch bei einer volatilen und schwer planbaren Personalbasis die effektive Erf\u00fcllung der Transportbedarfe erm\u00f6glichen. Das Rytle-System verf\u00fcgt hierf\u00fcr bereits \u00fcber eine entsprechende App-Software. Die App bietet eine integrierte Track&amp;Trace Software, Schlie\u00dfm\u00f6glichkeiten f\u00fcr MovR, BOX und HUB, eine optimierte Routenplanung f\u00fcr Last-Mile-Dienstleister und die M\u00f6glichkeit einer Vernetzung von CrowdWorkern sowie Endkunden und weitere Anwendungsgebiete.<\/p>\n<\/div>\n\n\n\n<div class=\"wp-block-column is-layout-flow wp-block-column-is-layout-flow\" style=\"flex-basis:33.33%\">\n<div class=\"wp-block-image\"><figure class=\"alignright size-full is-resized\"><img loading=\"lazy\" decoding=\"async\" src=\"http:\/\/nachhaltige-crowdlogistik.org\/wp-content\/uploads\/2020\/05\/csm_ICON_APP_CI-schwarz_457e13aa33.png\" alt=\"\" class=\"wp-image-4388\" width=\"140\" height=\"239\"\/><\/figure><\/div>\n\n\n\n<p><\/p>\n<\/div>\n<\/div>\n","protected":false},"excerpt":{"rendered":"<p>RYTLE Komponenten: Die innovative Logistikl\u00f6sung von RYTLE umfasst die Komponenten: MovR und Triliner: Profi E-Lastenfahrr\u00e4derBOX: Wechselbarer Transportbeh\u00e4lterHUB: Mikrodepot (ebenerdige Wechselbr\u00fccke)Driver-\/Customer-App: Vernetzung MovR, BOX, HUB, Kunde, Disponent &amp; Fahrer MovR und Triliner MovR und Triliner sind &hellip; <a href=\"https:\/\/nachhaltige-crowdlogistik.org\/?page_id=4374\">Weiterlesen<\/a><\/p>\n","protected":false},"author":1,"featured_media":0,"parent":0,"menu_order":0,"comment_status":"closed","ping_status":"closed","template":"nosidebar.php","meta":{"footnotes":""},"yoast_head":"<!-- This site is optimized with the Yoast SEO plugin v22.6 - https:\/\/yoast.com\/wordpress\/plugins\/seo\/ -->\n<title>Unser Logistikkonzept - NaCl<\/title>\n<meta name=\"robots\" content=\"index, follow, max-snippet:-1, max-image-preview:large, max-video-preview:-1\" \/>\n<link rel=\"canonical\" href=\"https:\/\/nachhaltige-crowdlogistik.org\/?page_id=4374\" \/>\n<meta property=\"og:locale\" content=\"de_DE\" \/>\n<meta property=\"og:type\" content=\"article\" \/>\n<meta property=\"og:title\" content=\"Unser Logistikkonzept - NaCl\" \/>\n<meta property=\"og:description\" content=\"RYTLE Komponenten: Die innovative Logistikl\u00f6sung von RYTLE umfasst die Komponenten: MovR und Triliner: Profi E-Lastenfahrr\u00e4derBOX: Wechselbarer Transportbeh\u00e4lterHUB: Mikrodepot (ebenerdige Wechselbr\u00fccke)Driver-\/Customer-App: Vernetzung MovR, BOX, HUB, Kunde, Disponent &amp; Fahrer MovR und Triliner MovR und Triliner sind &hellip; Weiterlesen\" \/>\n<meta property=\"og:url\" content=\"https:\/\/nachhaltige-crowdlogistik.org\/?page_id=4374\" \/>\n<meta property=\"og:site_name\" content=\"NaCl\" \/>\n<meta property=\"article:publisher\" content=\"https:\/\/www.facebook.com\/hsbremerhaven\" \/>\n<meta property=\"article:modified_time\" content=\"2020-06-29T08:44:37+00:00\" \/>\n<meta property=\"og:image\" content=\"http:\/\/nachhaltige-crowdlogistik.org\/wp-content\/uploads\/2020\/05\/csm_ICON_MOVR_CI-schwarz_3eda577b13.png\" \/>\n<meta name=\"twitter:card\" content=\"summary_large_image\" \/>\n<meta name=\"twitter:label1\" content=\"Gesch\u00e4tzte Lesezeit\" \/>\n\t<meta name=\"twitter:data1\" content=\"2\u00a0Minuten\" \/>\n<script type=\"application\/ld+json\" class=\"yoast-schema-graph\">{\"@context\":\"https:\/\/schema.org\",\"@graph\":[{\"@type\":\"WebPage\",\"@id\":\"https:\/\/nachhaltige-crowdlogistik.org\/?page_id=4374\",\"url\":\"https:\/\/nachhaltige-crowdlogistik.org\/?page_id=4374\",\"name\":\"Unser Logistikkonzept - NaCl\",\"isPartOf\":{\"@id\":\"https:\/\/nachhaltige-crowdlogistik.org\/#website\"},\"primaryImageOfPage\":{\"@id\":\"https:\/\/nachhaltige-crowdlogistik.org\/?page_id=4374#primaryimage\"},\"image\":{\"@id\":\"https:\/\/nachhaltige-crowdlogistik.org\/?page_id=4374#primaryimage\"},\"thumbnailUrl\":\"http:\/\/nachhaltige-crowdlogistik.org\/wp-content\/uploads\/2020\/05\/csm_ICON_MOVR_CI-schwarz_3eda577b13.png\",\"datePublished\":\"2020-05-21T08:24:30+00:00\",\"dateModified\":\"2020-06-29T08:44:37+00:00\",\"breadcrumb\":{\"@id\":\"https:\/\/nachhaltige-crowdlogistik.org\/?page_id=4374#breadcrumb\"},\"inLanguage\":\"de\",\"potentialAction\":[{\"@type\":\"ReadAction\",\"target\":[\"https:\/\/nachhaltige-crowdlogistik.org\/?page_id=4374\"]}]},{\"@type\":\"ImageObject\",\"inLanguage\":\"de\",\"@id\":\"https:\/\/nachhaltige-crowdlogistik.org\/?page_id=4374#primaryimage\",\"url\":\"http:\/\/nachhaltige-crowdlogistik.org\/wp-content\/uploads\/2020\/05\/csm_ICON_MOVR_CI-schwarz_3eda577b13.png\",\"contentUrl\":\"http:\/\/nachhaltige-crowdlogistik.org\/wp-content\/uploads\/2020\/05\/csm_ICON_MOVR_CI-schwarz_3eda577b13.png\"},{\"@type\":\"BreadcrumbList\",\"@id\":\"https:\/\/nachhaltige-crowdlogistik.org\/?page_id=4374#breadcrumb\",\"itemListElement\":[{\"@type\":\"ListItem\",\"position\":1,\"name\":\"Startseite\",\"item\":\"https:\/\/nachhaltige-crowdlogistik.org\/\"},{\"@type\":\"ListItem\",\"position\":2,\"name\":\"Unser Logistikkonzept\"}]},{\"@type\":\"WebSite\",\"@id\":\"https:\/\/nachhaltige-crowdlogistik.org\/#website\",\"url\":\"https:\/\/nachhaltige-crowdlogistik.org\/\",\"name\":\"NaCl-Nachhaltige Crowdlogistik\",\"description\":\"Nachhaltige Crowdlogistik\",\"publisher\":{\"@id\":\"https:\/\/nachhaltige-crowdlogistik.org\/#organization\"},\"potentialAction\":[{\"@type\":\"SearchAction\",\"target\":{\"@type\":\"EntryPoint\",\"urlTemplate\":\"https:\/\/nachhaltige-crowdlogistik.org\/?s={search_term_string}\"},\"query-input\":\"required name=search_term_string\"}],\"inLanguage\":\"de\"},{\"@type\":\"Organization\",\"@id\":\"https:\/\/nachhaltige-crowdlogistik.org\/#organization\",\"name\":\"NaCl \u2013 Nachhaltige Crowdlogistik\",\"url\":\"https:\/\/nachhaltige-crowdlogistik.org\/\",\"logo\":{\"@type\":\"ImageObject\",\"inLanguage\":\"de\",\"@id\":\"https:\/\/nachhaltige-crowdlogistik.org\/#\/schema\/logo\/image\/\",\"url\":\"https:\/\/nachhaltige-crowdlogistik.org\/wp-content\/uploads\/2020\/04\/logo_2nnn_245.gif\",\"contentUrl\":\"https:\/\/nachhaltige-crowdlogistik.org\/wp-content\/uploads\/2020\/04\/logo_2nnn_245.gif\",\"width\":245,\"height\":86,\"caption\":\"NaCl \u2013 Nachhaltige Crowdlogistik\"},\"image\":{\"@id\":\"https:\/\/nachhaltige-crowdlogistik.org\/#\/schema\/logo\/image\/\"},\"sameAs\":[\"https:\/\/www.facebook.com\/hsbremerhaven\",\"https:\/\/www.instagram.com\/nachhaltige.crowdlogistik\/\"]}]}<\/script>\n<!-- \/ Yoast SEO plugin. -->","yoast_head_json":{"title":"Unser Logistikkonzept - NaCl","robots":{"index":"index","follow":"follow","max-snippet":"max-snippet:-1","max-image-preview":"max-image-preview:large","max-video-preview":"max-video-preview:-1"},"canonical":"https:\/\/nachhaltige-crowdlogistik.org\/?page_id=4374","og_locale":"de_DE","og_type":"article","og_title":"Unser Logistikkonzept - NaCl","og_description":"RYTLE Komponenten: Die innovative Logistikl\u00f6sung von RYTLE umfasst die Komponenten: MovR und Triliner: Profi E-Lastenfahrr\u00e4derBOX: Wechselbarer Transportbeh\u00e4lterHUB: Mikrodepot (ebenerdige Wechselbr\u00fccke)Driver-\/Customer-App: Vernetzung MovR, BOX, HUB, Kunde, Disponent &amp; Fahrer MovR und Triliner MovR und Triliner sind &hellip; Weiterlesen","og_url":"https:\/\/nachhaltige-crowdlogistik.org\/?page_id=4374","og_site_name":"NaCl","article_publisher":"https:\/\/www.facebook.com\/hsbremerhaven","article_modified_time":"2020-06-29T08:44:37+00:00","og_image":[{"url":"http:\/\/nachhaltige-crowdlogistik.org\/wp-content\/uploads\/2020\/05\/csm_ICON_MOVR_CI-schwarz_3eda577b13.png"}],"twitter_card":"summary_large_image","twitter_misc":{"Gesch\u00e4tzte Lesezeit":"2\u00a0Minuten"},"schema":{"@context":"https:\/\/schema.org","@graph":[{"@type":"WebPage","@id":"https:\/\/nachhaltige-crowdlogistik.org\/?page_id=4374","url":"https:\/\/nachhaltige-crowdlogistik.org\/?page_id=4374","name":"Unser Logistikkonzept - NaCl","isPartOf":{"@id":"https:\/\/nachhaltige-crowdlogistik.org\/#website"},"primaryImageOfPage":{"@id":"https:\/\/nachhaltige-crowdlogistik.org\/?page_id=4374#primaryimage"},"image":{"@id":"https:\/\/nachhaltige-crowdlogistik.org\/?page_id=4374#primaryimage"},"thumbnailUrl":"http:\/\/nachhaltige-crowdlogistik.org\/wp-content\/uploads\/2020\/05\/csm_ICON_MOVR_CI-schwarz_3eda577b13.png","datePublished":"2020-05-21T08:24:30+00:00","dateModified":"2020-06-29T08:44:37+00:00","breadcrumb":{"@id":"https:\/\/nachhaltige-crowdlogistik.org\/?page_id=4374#breadcrumb"},"inLanguage":"de","potentialAction":[{"@type":"ReadAction","target":["https:\/\/nachhaltige-crowdlogistik.org\/?page_id=4374"]}]},{"@type":"ImageObject","inLanguage":"de","@id":"https:\/\/nachhaltige-crowdlogistik.org\/?page_id=4374#primaryimage","url":"http:\/\/nachhaltige-crowdlogistik.org\/wp-content\/uploads\/2020\/05\/csm_ICON_MOVR_CI-schwarz_3eda577b13.png","contentUrl":"http:\/\/nachhaltige-crowdlogistik.org\/wp-content\/uploads\/2020\/05\/csm_ICON_MOVR_CI-schwarz_3eda577b13.png"},{"@type":"BreadcrumbList","@id":"https:\/\/nachhaltige-crowdlogistik.org\/?page_id=4374#breadcrumb","itemListElement":[{"@type":"ListItem","position":1,"name":"Startseite","item":"https:\/\/nachhaltige-crowdlogistik.org\/"},{"@type":"ListItem","position":2,"name":"Unser Logistikkonzept"}]},{"@type":"WebSite","@id":"https:\/\/nachhaltige-crowdlogistik.org\/#website","url":"https:\/\/nachhaltige-crowdlogistik.org\/","name":"NaCl-Nachhaltige Crowdlogistik","description":"Nachhaltige Crowdlogistik","publisher":{"@id":"https:\/\/nachhaltige-crowdlogistik.org\/#organization"},"potentialAction":[{"@type":"SearchAction","target":{"@type":"EntryPoint","urlTemplate":"https:\/\/nachhaltige-crowdlogistik.org\/?s={search_term_string}"},"query-input":"required name=search_term_string"}],"inLanguage":"de"},{"@type":"Organization","@id":"https:\/\/nachhaltige-crowdlogistik.org\/#organization","name":"NaCl \u2013 Nachhaltige Crowdlogistik","url":"https:\/\/nachhaltige-crowdlogistik.org\/","logo":{"@type":"ImageObject","inLanguage":"de","@id":"https:\/\/nachhaltige-crowdlogistik.org\/#\/schema\/logo\/image\/","url":"https:\/\/nachhaltige-crowdlogistik.org\/wp-content\/uploads\/2020\/04\/logo_2nnn_245.gif","contentUrl":"https:\/\/nachhaltige-crowdlogistik.org\/wp-content\/uploads\/2020\/04\/logo_2nnn_245.gif","width":245,"height":86,"caption":"NaCl \u2013 Nachhaltige Crowdlogistik"},"image":{"@id":"https:\/\/nachhaltige-crowdlogistik.org\/#\/schema\/logo\/image\/"},"sameAs":["https:\/\/www.facebook.com\/hsbremerhaven","https:\/\/www.instagram.com\/nachhaltige.crowdlogistik\/"]}]}},"jetpack_sharing_enabled":true,"_links":{"self":[{"href":"https:\/\/nachhaltige-crowdlogistik.org\/index.php?rest_route=\/wp\/v2\/pages\/4374"}],"collection":[{"href":"https:\/\/nachhaltige-crowdlogistik.org\/index.php?rest_route=\/wp\/v2\/pages"}],"about":[{"href":"https:\/\/nachhaltige-crowdlogistik.org\/index.php?rest_route=\/wp\/v2\/types\/page"}],"author":[{"embeddable":true,"href":"https:\/\/nachhaltige-crowdlogistik.org\/index.php?rest_route=\/wp\/v2\/users\/1"}],"replies":[{"embeddable":true,"href":"https:\/\/nachhaltige-crowdlogistik.org\/index.php?rest_route=%2Fwp%2Fv2%2Fcomments&post=4374"}],"version-history":[{"count":20,"href":"https:\/\/nachhaltige-crowdlogistik.org\/index.php?rest_route=\/wp\/v2\/pages\/4374\/revisions"}],"predecessor-version":[{"id":4797,"href":"https:\/\/nachhaltige-crowdlogistik.org\/index.php?rest_route=\/wp\/v2\/pages\/4374\/revisions\/4797"}],"wp:attachment":[{"href":"https:\/\/nachhaltige-crowdlogistik.org\/index.php?rest_route=%2Fwp%2Fv2%2Fmedia&parent=4374"}],"curies":[{"name":"wp","href":"https:\/\/api.w.org\/{rel}","templated":true}]}}