{"id":4611,"date":"2020-06-09T09:30:03","date_gmt":"2020-06-09T09:30:03","guid":{"rendered":"http:\/\/nachhaltige-crowdlogistik.org\/?page_id=4611"},"modified":"2020-06-10T08:00:12","modified_gmt":"2020-06-10T08:00:12","slug":"nachhaltige-crowdlogistik","status":"publish","type":"page","link":"https:\/\/nachhaltige-crowdlogistik.org\/?page_id=4611","title":{"rendered":"Nachhaltigkeit"},"content":{"rendered":"\n<h3 class=\"has-text-color has-text-align-left wp-block-heading\" style=\"color:#01b3ff\">Nachhaltige Last-Mile Logistik<\/h3>\n\n\n\n<hr class=\"wp-block-separator has-text-color has-background is-style-wide\" style=\"background-color:#00b2ff;color:#00b2ff\"\/>\n\n\n\n<p>Nachhaltigkeit ist angesichts der vielf\u00e4ltigen Herausforderungen, vor denen die Menschheit steht, die wichtigste Grundlage unseres Handelns.<br>Die Aufnahmekapazit\u00e4t der Erde f\u00fcr sch\u00e4dliche, umweltgef\u00e4hrdende Stoffe ist begrenzt. Der verantwortungsbewusste Umgang mit den endlichen nat\u00fcrlichen Ressourcen ist elementar, damit heutige und zuk\u00fcnftige Generationen weltweit ihre Bed\u00fcrfnisse f\u00fcr ein w\u00fcrdevolles Leben decken k\u00f6nnen.<br>F\u00fcr eine nachhaltige Entwicklung m\u00fcssen dabei alle drei Dimensionen der Nachhaltigkeit \u201e\u00d6kologie, Soziales und \u00d6konomie\u201c auf Basis einer \u00f6kologischen Handlungsweise ganzheitlich betrachtet werden.<\/p>\n\n\n\n<p>Von den vielen Anwendungsfeldern, in denen Nachhaltigkeit immer wichtiger wird, betrachten wir in unserem Projekt die nachhaltige Mobilit\u00e4t und fokussieren uns auf die nachhaltige Last-Mile-Logistik.<\/p>\n\n\n\n<p>Informieren Sie sich \u00fcber Nachhaltigkeit, Last-Mile-Logistik und die Nachhaltige Crowdlogistik!<\/p>\n\n\n\n<hr class=\"wp-block-separator has-text-color has-background is-style-wide\" style=\"background-color:#0db6ff;color:#0db6ff\"\/>\n\n\n\n<div class=\"wp-block-columns is-layout-flex wp-container-core-columns-is-layout-1 wp-block-columns-is-layout-flex\">\n<div class=\"wp-block-column is-layout-flow wp-block-column-is-layout-flow\">\n<figure class=\"wp-block-image size-large is-resized\"><a href=\"http:\/\/nachhaltige-crowdlogistik.org\/?page_id=3964\"><img loading=\"lazy\" decoding=\"async\" src=\"http:\/\/nachhaltige-crowdlogistik.org\/wp-content\/uploads\/2020\/06\/button_nachhaltigkeit.png\" alt=\"\" class=\"wp-image-4631\" width=\"150\" height=\"146\" srcset=\"https:\/\/nachhaltige-crowdlogistik.org\/wp-content\/uploads\/2020\/06\/button_nachhaltigkeit.png 518w, https:\/\/nachhaltige-crowdlogistik.org\/wp-content\/uploads\/2020\/06\/button_nachhaltigkeit-300x291.png 300w\" sizes=\"(max-width: 150px) 100vw, 150px\" \/><\/a><\/figure>\n<\/div>\n\n\n\n<div class=\"wp-block-column is-layout-flow wp-block-column-is-layout-flow\">\n<div class=\"wp-block-image\"><figure class=\"aligncenter size-large is-resized\"><a href=\"http:\/\/nachhaltige-crowdlogistik.org\/?page_id=4617\"><img loading=\"lazy\" decoding=\"async\" src=\"http:\/\/nachhaltige-crowdlogistik.org\/wp-content\/uploads\/2020\/06\/button_last_mile_logistik.png\" alt=\"\" class=\"wp-image-4632\" width=\"150\" height=\"146\" srcset=\"https:\/\/nachhaltige-crowdlogistik.org\/wp-content\/uploads\/2020\/06\/button_last_mile_logistik.png 518w, https:\/\/nachhaltige-crowdlogistik.org\/wp-content\/uploads\/2020\/06\/button_last_mile_logistik-300x291.png 300w\" sizes=\"(max-width: 150px) 100vw, 150px\" \/><\/a><\/figure><\/div>\n<\/div>\n\n\n\n<div class=\"wp-block-column is-layout-flow wp-block-column-is-layout-flow\">\n<div class=\"wp-block-image\"><figure class=\"alignright size-large is-resized\"><a href=\"http:\/\/nachhaltige-crowdlogistik.org\/?page_id=4642\"><img loading=\"lazy\" decoding=\"async\" src=\"http:\/\/nachhaltige-crowdlogistik.org\/wp-content\/uploads\/2020\/06\/button_nach_c_lo.png\" alt=\"\" class=\"wp-image-4633\" width=\"150\" height=\"146\" srcset=\"https:\/\/nachhaltige-crowdlogistik.org\/wp-content\/uploads\/2020\/06\/button_nach_c_lo.png 518w, https:\/\/nachhaltige-crowdlogistik.org\/wp-content\/uploads\/2020\/06\/button_nach_c_lo-300x291.png 300w\" sizes=\"(max-width: 150px) 100vw, 150px\" \/><\/a><\/figure><\/div>\n<\/div>\n<\/div>\n\n\n\n<p><\/p>\n","protected":false},"excerpt":{"rendered":"<p>Nachhaltige Last-Mile Logistik Nachhaltigkeit ist angesichts der vielf\u00e4ltigen Herausforderungen, vor denen die Menschheit steht, die wichtigste Grundlage unseres Handelns.Die Aufnahmekapazit\u00e4t der Erde f\u00fcr sch\u00e4dliche, umweltgef\u00e4hrdende Stoffe ist begrenzt. Der verantwortungsbewusste Umgang mit den endlichen nat\u00fcrlichen &hellip; <a href=\"https:\/\/nachhaltige-crowdlogistik.org\/?page_id=4611\">Weiterlesen<\/a><\/p>\n","protected":false},"author":1,"featured_media":0,"parent":0,"menu_order":0,"comment_status":"closed","ping_status":"closed","template":"","meta":{"footnotes":""},"yoast_head":"<!-- This site is optimized with the Yoast SEO plugin v22.6 - https:\/\/yoast.com\/wordpress\/plugins\/seo\/ -->\n<title>Nachhaltigkeit - NaCl<\/title>\n<meta name=\"robots\" content=\"index, follow, max-snippet:-1, max-image-preview:large, max-video-preview:-1\" \/>\n<link rel=\"canonical\" href=\"https:\/\/nachhaltige-crowdlogistik.org\/?page_id=4611\" \/>\n<meta property=\"og:locale\" content=\"de_DE\" \/>\n<meta property=\"og:type\" content=\"article\" \/>\n<meta property=\"og:title\" content=\"Nachhaltigkeit - NaCl\" \/>\n<meta property=\"og:description\" content=\"Nachhaltige Last-Mile Logistik Nachhaltigkeit ist angesichts der vielf\u00e4ltigen Herausforderungen, vor denen die Menschheit steht, die wichtigste Grundlage unseres Handelns.Die Aufnahmekapazit\u00e4t der Erde f\u00fcr sch\u00e4dliche, umweltgef\u00e4hrdende Stoffe ist begrenzt. Der verantwortungsbewusste Umgang mit den endlichen nat\u00fcrlichen &hellip; Weiterlesen\" \/>\n<meta property=\"og:url\" content=\"https:\/\/nachhaltige-crowdlogistik.org\/?page_id=4611\" \/>\n<meta property=\"og:site_name\" content=\"NaCl\" \/>\n<meta property=\"article:publisher\" content=\"https:\/\/www.facebook.com\/hsbremerhaven\" \/>\n<meta property=\"article:modified_time\" content=\"2020-06-10T08:00:12+00:00\" \/>\n<meta property=\"og:image\" content=\"http:\/\/nachhaltige-crowdlogistik.org\/wp-content\/uploads\/2020\/06\/button_nachhaltigkeit.png\" \/>\n<meta name=\"twitter:card\" content=\"summary_large_image\" \/>\n<meta name=\"twitter:label1\" content=\"Gesch\u00e4tzte Lesezeit\" \/>\n\t<meta name=\"twitter:data1\" content=\"1\u00a0Minute\" \/>\n<script type=\"application\/ld+json\" class=\"yoast-schema-graph\">{\"@context\":\"https:\/\/schema.org\",\"@graph\":[{\"@type\":\"WebPage\",\"@id\":\"https:\/\/nachhaltige-crowdlogistik.org\/?page_id=4611\",\"url\":\"https:\/\/nachhaltige-crowdlogistik.org\/?page_id=4611\",\"name\":\"Nachhaltigkeit - NaCl\",\"isPartOf\":{\"@id\":\"https:\/\/nachhaltige-crowdlogistik.org\/#website\"},\"primaryImageOfPage\":{\"@id\":\"https:\/\/nachhaltige-crowdlogistik.org\/?page_id=4611#primaryimage\"},\"image\":{\"@id\":\"https:\/\/nachhaltige-crowdlogistik.org\/?page_id=4611#primaryimage\"},\"thumbnailUrl\":\"http:\/\/nachhaltige-crowdlogistik.org\/wp-content\/uploads\/2020\/06\/button_nachhaltigkeit.png\",\"datePublished\":\"2020-06-09T09:30:03+00:00\",\"dateModified\":\"2020-06-10T08:00:12+00:00\",\"breadcrumb\":{\"@id\":\"https:\/\/nachhaltige-crowdlogistik.org\/?page_id=4611#breadcrumb\"},\"inLanguage\":\"de\",\"potentialAction\":[{\"@type\":\"ReadAction\",\"target\":[\"https:\/\/nachhaltige-crowdlogistik.org\/?page_id=4611\"]}]},{\"@type\":\"ImageObject\",\"inLanguage\":\"de\",\"@id\":\"https:\/\/nachhaltige-crowdlogistik.org\/?page_id=4611#primaryimage\",\"url\":\"https:\/\/nachhaltige-crowdlogistik.org\/wp-content\/uploads\/2020\/06\/button_nachhaltigkeit.png\",\"contentUrl\":\"https:\/\/nachhaltige-crowdlogistik.org\/wp-content\/uploads\/2020\/06\/button_nachhaltigkeit.png\",\"width\":518,\"height\":502},{\"@type\":\"BreadcrumbList\",\"@id\":\"https:\/\/nachhaltige-crowdlogistik.org\/?page_id=4611#breadcrumb\",\"itemListElement\":[{\"@type\":\"ListItem\",\"position\":1,\"name\":\"Startseite\",\"item\":\"https:\/\/nachhaltige-crowdlogistik.org\/\"},{\"@type\":\"ListItem\",\"position\":2,\"name\":\"Nachhaltigkeit\"}]},{\"@type\":\"WebSite\",\"@id\":\"https:\/\/nachhaltige-crowdlogistik.org\/#website\",\"url\":\"https:\/\/nachhaltige-crowdlogistik.org\/\",\"name\":\"NaCl-Nachhaltige Crowdlogistik\",\"description\":\"Nachhaltige Crowdlogistik\",\"publisher\":{\"@id\":\"https:\/\/nachhaltige-crowdlogistik.org\/#organization\"},\"potentialAction\":[{\"@type\":\"SearchAction\",\"target\":{\"@type\":\"EntryPoint\",\"urlTemplate\":\"https:\/\/nachhaltige-crowdlogistik.org\/?s={search_term_string}\"},\"query-input\":\"required name=search_term_string\"}],\"inLanguage\":\"de\"},{\"@type\":\"Organization\",\"@id\":\"https:\/\/nachhaltige-crowdlogistik.org\/#organization\",\"name\":\"NaCl \u2013 Nachhaltige Crowdlogistik\",\"url\":\"https:\/\/nachhaltige-crowdlogistik.org\/\",\"logo\":{\"@type\":\"ImageObject\",\"inLanguage\":\"de\",\"@id\":\"https:\/\/nachhaltige-crowdlogistik.org\/#\/schema\/logo\/image\/\",\"url\":\"https:\/\/nachhaltige-crowdlogistik.org\/wp-content\/uploads\/2020\/04\/logo_2nnn_245.gif\",\"contentUrl\":\"https:\/\/nachhaltige-crowdlogistik.org\/wp-content\/uploads\/2020\/04\/logo_2nnn_245.gif\",\"width\":245,\"height\":86,\"caption\":\"NaCl \u2013 Nachhaltige Crowdlogistik\"},\"image\":{\"@id\":\"https:\/\/nachhaltige-crowdlogistik.org\/#\/schema\/logo\/image\/\"},\"sameAs\":[\"https:\/\/www.facebook.com\/hsbremerhaven\",\"https:\/\/www.instagram.com\/nachhaltige.crowdlogistik\/\"]}]}<\/script>\n<!-- \/ Yoast SEO plugin. -->","yoast_head_json":{"title":"Nachhaltigkeit - NaCl","robots":{"index":"index","follow":"follow","max-snippet":"max-snippet:-1","max-image-preview":"max-image-preview:large","max-video-preview":"max-video-preview:-1"},"canonical":"https:\/\/nachhaltige-crowdlogistik.org\/?page_id=4611","og_locale":"de_DE","og_type":"article","og_title":"Nachhaltigkeit - NaCl","og_description":"Nachhaltige Last-Mile Logistik Nachhaltigkeit ist angesichts der vielf\u00e4ltigen Herausforderungen, vor denen die Menschheit steht, die wichtigste Grundlage unseres Handelns.Die Aufnahmekapazit\u00e4t der Erde f\u00fcr sch\u00e4dliche, umweltgef\u00e4hrdende Stoffe ist begrenzt. Der verantwortungsbewusste Umgang mit den endlichen nat\u00fcrlichen &hellip; Weiterlesen","og_url":"https:\/\/nachhaltige-crowdlogistik.org\/?page_id=4611","og_site_name":"NaCl","article_publisher":"https:\/\/www.facebook.com\/hsbremerhaven","article_modified_time":"2020-06-10T08:00:12+00:00","og_image":[{"url":"http:\/\/nachhaltige-crowdlogistik.org\/wp-content\/uploads\/2020\/06\/button_nachhaltigkeit.png"}],"twitter_card":"summary_large_image","twitter_misc":{"Gesch\u00e4tzte Lesezeit":"1\u00a0Minute"},"schema":{"@context":"https:\/\/schema.org","@graph":[{"@type":"WebPage","@id":"https:\/\/nachhaltige-crowdlogistik.org\/?page_id=4611","url":"https:\/\/nachhaltige-crowdlogistik.org\/?page_id=4611","name":"Nachhaltigkeit - NaCl","isPartOf":{"@id":"https:\/\/nachhaltige-crowdlogistik.org\/#website"},"primaryImageOfPage":{"@id":"https:\/\/nachhaltige-crowdlogistik.org\/?page_id=4611#primaryimage"},"image":{"@id":"https:\/\/nachhaltige-crowdlogistik.org\/?page_id=4611#primaryimage"},"thumbnailUrl":"http:\/\/nachhaltige-crowdlogistik.org\/wp-content\/uploads\/2020\/06\/button_nachhaltigkeit.png","datePublished":"2020-06-09T09:30:03+00:00","dateModified":"2020-06-10T08:00:12+00:00","breadcrumb":{"@id":"https:\/\/nachhaltige-crowdlogistik.org\/?page_id=4611#breadcrumb"},"inLanguage":"de","potentialAction":[{"@type":"ReadAction","target":["https:\/\/nachhaltige-crowdlogistik.org\/?page_id=4611"]}]},{"@type":"ImageObject","inLanguage":"de","@id":"https:\/\/nachhaltige-crowdlogistik.org\/?page_id=4611#primaryimage","url":"https:\/\/nachhaltige-crowdlogistik.org\/wp-content\/uploads\/2020\/06\/button_nachhaltigkeit.png","contentUrl":"https:\/\/nachhaltige-crowdlogistik.org\/wp-content\/uploads\/2020\/06\/button_nachhaltigkeit.png","width":518,"height":502},{"@type":"BreadcrumbList","@id":"https:\/\/nachhaltige-crowdlogistik.org\/?page_id=4611#breadcrumb","itemListElement":[{"@type":"ListItem","position":1,"name":"Startseite","item":"https:\/\/nachhaltige-crowdlogistik.org\/"},{"@type":"ListItem","position":2,"name":"Nachhaltigkeit"}]},{"@type":"WebSite","@id":"https:\/\/nachhaltige-crowdlogistik.org\/#website","url":"https:\/\/nachhaltige-crowdlogistik.org\/","name":"NaCl-Nachhaltige Crowdlogistik","description":"Nachhaltige Crowdlogistik","publisher":{"@id":"https:\/\/nachhaltige-crowdlogistik.org\/#organization"},"potentialAction":[{"@type":"SearchAction","target":{"@type":"EntryPoint","urlTemplate":"https:\/\/nachhaltige-crowdlogistik.org\/?s={search_term_string}"},"query-input":"required name=search_term_string"}],"inLanguage":"de"},{"@type":"Organization","@id":"https:\/\/nachhaltige-crowdlogistik.org\/#organization","name":"NaCl \u2013 Nachhaltige Crowdlogistik","url":"https:\/\/nachhaltige-crowdlogistik.org\/","logo":{"@type":"ImageObject","inLanguage":"de","@id":"https:\/\/nachhaltige-crowdlogistik.org\/#\/schema\/logo\/image\/","url":"https:\/\/nachhaltige-crowdlogistik.org\/wp-content\/uploads\/2020\/04\/logo_2nnn_245.gif","contentUrl":"https:\/\/nachhaltige-crowdlogistik.org\/wp-content\/uploads\/2020\/04\/logo_2nnn_245.gif","width":245,"height":86,"caption":"NaCl \u2013 Nachhaltige Crowdlogistik"},"image":{"@id":"https:\/\/nachhaltige-crowdlogistik.org\/#\/schema\/logo\/image\/"},"sameAs":["https:\/\/www.facebook.com\/hsbremerhaven","https:\/\/www.instagram.com\/nachhaltige.crowdlogistik\/"]}]}},"jetpack_sharing_enabled":true,"_links":{"self":[{"href":"https:\/\/nachhaltige-crowdlogistik.org\/index.php?rest_route=\/wp\/v2\/pages\/4611"}],"collection":[{"href":"https:\/\/nachhaltige-crowdlogistik.org\/index.php?rest_route=\/wp\/v2\/pages"}],"about":[{"href":"https:\/\/nachhaltige-crowdlogistik.org\/index.php?rest_route=\/wp\/v2\/types\/page"}],"author":[{"embeddable":true,"href":"https:\/\/nachhaltige-crowdlogistik.org\/index.php?rest_route=\/wp\/v2\/users\/1"}],"replies":[{"embeddable":true,"href":"https:\/\/nachhaltige-crowdlogistik.org\/index.php?rest_route=%2Fwp%2Fv2%2Fcomments&post=4611"}],"version-history":[{"count":13,"href":"https:\/\/nachhaltige-crowdlogistik.org\/index.php?rest_route=\/wp\/v2\/pages\/4611\/revisions"}],"predecessor-version":[{"id":4663,"href":"https:\/\/nachhaltige-crowdlogistik.org\/index.php?rest_route=\/wp\/v2\/pages\/4611\/revisions\/4663"}],"wp:attachment":[{"href":"https:\/\/nachhaltige-crowdlogistik.org\/index.php?rest_route=%2Fwp%2Fv2%2Fmedia&parent=4611"}],"curies":[{"name":"wp","href":"https:\/\/api.w.org\/{rel}","templated":true}]}}